{"id":80300,"date":"2023-08-23T11:16:57","date_gmt":"2023-08-23T14:16:57","guid":{"rendered":"https:\/\/www.argensend.com\/?post_type=product&#038;p=80300"},"modified":"2024-12-06T16:38:34","modified_gmt":"2024-12-06T19:38:34","slug":"libro-10-lecciones-para-salir-de-la-trampa-populista-eduardo-feinmann","status":"publish","type":"product","link":"https:\/\/www.argensend.com\/en\/product\/libro-10-lecciones-para-salir-de-la-trampa-populista-eduardo-feinmann\/","title":{"rendered":"Libro &#8220;10 Lecciones para Salir de la Trampa Populista&#8221; &#8211; Eduardo Feinmann"},"content":{"rendered":"","protected":false},"excerpt":{"rendered":"<p>Exactamente en el punto donde el sentido com\u00fan se ha vuelto pol\u00edticamente indeseable (al decir de Cayetana \u00c1lvarez de Toledo, una de las entrevistadas de este libro), Eduardo Feinmann decide alzar la voz para barajar y dar de nuevo. En este verdadero manual de acci\u00f3n antipopulista, el l\u00edder de opini\u00f3n desempolva conceptos b\u00e1sicos de la vida democr\u00e1tica (rep\u00fablica, educaci\u00f3n, econom\u00eda, seguridad y m\u00e1s) para redefinirlos desde varios frentes. Por un lado, apelando, como es su costumbre, al diccionario. Por otro, dialogando con un l\u00facido elenco de entrevistados de primer\u00edsimo nivel. Y finalmente, aportando su mirada singular que, como dec\u00edamos, de tan l\u00f3gica se vuelve perturbadora.10 lecciones para salir de la trampa populista es un manifiesto para recuperar la cordura, un libro urgente que en tiempos irreflexivos nos invita a hacer una pausa y pensar en c\u00f3mo podemos salir del fondo del pozo, un llamado de atenci\u00f3n y, sobre todas las cosas, una proclama esperanzada.<\/p>","protected":false},"featured_media":80301,"comment_status":"closed","ping_status":"closed","template":"","meta":{"_acf_changed":false,"om_disable_all_campaigns":false,"_monsterinsights_skip_tracking":false,"_monsterinsights_sitenote_active":false,"_monsterinsights_sitenote_note":"","_monsterinsights_sitenote_category":0},"etheme_brands":[],"product_brand":[],"product_cat":[685],"product_tag":[203,9963,9964,752,9965,9967,9966],"class_list":{"0":"post-80300","1":"product","2":"type-product","3":"status-publish","4":"has-post-thumbnail","6":"product_cat-libros","7":"product_tag-argentina","8":"product_tag-eduardo-feinmann","9":"product_tag-feinmann","10":"product_tag-libro","11":"product_tag-libro-argentino","12":"product_tag-libro-eduardo-feinmann","13":"product_tag-politica-argentina","15":"first","16":"instock","17":"taxable","18":"shipping-taxable","19":"purchasable","20":"product-type-simple"},"acf":[],"aioseo_notices":[],"_links":{"self":[{"href":"https:\/\/www.argensend.com\/en\/wp-json\/wp\/v2\/product\/80300","targetHints":{"allow":["GET"]}}],"collection":[{"href":"https:\/\/www.argensend.com\/en\/wp-json\/wp\/v2\/product"}],"about":[{"href":"https:\/\/www.argensend.com\/en\/wp-json\/wp\/v2\/types\/product"}],"replies":[{"embeddable":true,"href":"https:\/\/www.argensend.com\/en\/wp-json\/wp\/v2\/comments?post=80300"}],"version-history":[{"count":3,"href":"https:\/\/www.argensend.com\/en\/wp-json\/wp\/v2\/product\/80300\/revisions"}],"predecessor-version":[{"id":107282,"href":"https:\/\/www.argensend.com\/en\/wp-json\/wp\/v2\/product\/80300\/revisions\/107282"}],"wp:featuredmedia":[{"embeddable":true,"href":"https:\/\/www.argensend.com\/en\/wp-json\/wp\/v2\/media\/80301"}],"wp:attachment":[{"href":"https:\/\/www.argensend.com\/en\/wp-json\/wp\/v2\/media?parent=80300"}],"wp:term":[{"taxonomy":"brand","embeddable":true,"href":"https:\/\/www.argensend.com\/en\/wp-json\/wp\/v2\/etheme_brands?post=80300"},{"taxonomy":"product_brand","embeddable":true,"href":"https:\/\/www.argensend.com\/en\/wp-json\/wp\/v2\/product_brand?post=80300"},{"taxonomy":"product_cat","embeddable":true,"href":"https:\/\/www.argensend.com\/en\/wp-json\/wp\/v2\/product_cat?post=80300"},{"taxonomy":"product_tag","embeddable":true,"href":"https:\/\/www.argensend.com\/en\/wp-json\/wp\/v2\/product_tag?post=80300"}],"curies":[{"name":"wp","href":"https:\/\/api.w.org\/{rel}","templated":true}]}}