{"id":80548,"date":"2023-08-28T10:48:48","date_gmt":"2023-08-28T13:48:48","guid":{"rendered":"https:\/\/www.argensend.com\/?post_type=product&#038;p=80548"},"modified":"2024-12-06T16:38:40","modified_gmt":"2024-12-06T19:38:40","slug":"natura-perfume-natura-humor-liberta-75-ml","status":"publish","type":"product","link":"https:\/\/www.argensend.com\/en\/product\/natura-perfume-natura-humor-liberta-75-ml\/","title":{"rendered":"Natura &#8211; Perfume Natura Humor Liberta 75ml"},"content":{"rendered":"","protected":false},"excerpt":{"rendered":"<p>Humor Liberta Eau de Toilette 75 ml<\/p>\n<p>El Humor es una manera de mirar la vida. Una invitaci\u00f3n a quebrantar la seriedad de lo cotidiano de forma osada y divertida.<\/p>\n<p>Fragancia Amaderada, Frutal, moderada<\/p>\n<p>Inspirada en el potencial de transformaci\u00f3n y el esp\u00edritu libre de una generaci\u00f3n que busca ser feliz en su propia piel, Humor Liberta propone una forma de perfume libre y fluida, con notas vibrantes de libertad.<\/p>","protected":false},"featured_media":80549,"comment_status":"closed","ping_status":"closed","template":"","meta":{"_acf_changed":false,"om_disable_all_campaigns":false,"_monsterinsights_skip_tracking":false,"_monsterinsights_sitenote_active":false,"_monsterinsights_sitenote_note":"","_monsterinsights_sitenote_category":0},"etheme_brands":[],"product_brand":[],"product_cat":[8818],"product_tag":[203,234,224,1855,1612,9648,2014,9155,4007,183,3672,449,1159,652,651,8859],"class_list":{"0":"post-80548","1":"product","2":"type-product","3":"status-publish","4":"has-post-thumbnail","6":"product_cat-perfumeria","7":"product_tag-argentina","8":"product_tag-argentine","9":"product_tag-argentino","10":"product_tag-bano","11":"product_tag-belleza","12":"product_tag-caballero","13":"product_tag-colonia","14":"product_tag-ekos","15":"product_tag-hogar","16":"product_tag-hombre","17":"product_tag-men","18":"product_tag-natura","19":"product_tag-perfume","20":"product_tag-vegan","21":"product_tag-vegano","22":"product_tag-veggie","24":"first","25":"instock","26":"taxable","27":"shipping-taxable","28":"purchasable","29":"product-type-simple"},"acf":[],"aioseo_notices":[],"_links":{"self":[{"href":"https:\/\/www.argensend.com\/en\/wp-json\/wp\/v2\/product\/80548","targetHints":{"allow":["GET"]}}],"collection":[{"href":"https:\/\/www.argensend.com\/en\/wp-json\/wp\/v2\/product"}],"about":[{"href":"https:\/\/www.argensend.com\/en\/wp-json\/wp\/v2\/types\/product"}],"replies":[{"embeddable":true,"href":"https:\/\/www.argensend.com\/en\/wp-json\/wp\/v2\/comments?post=80548"}],"version-history":[{"count":2,"href":"https:\/\/www.argensend.com\/en\/wp-json\/wp\/v2\/product\/80548\/revisions"}],"predecessor-version":[{"id":105240,"href":"https:\/\/www.argensend.com\/en\/wp-json\/wp\/v2\/product\/80548\/revisions\/105240"}],"wp:featuredmedia":[{"embeddable":true,"href":"https:\/\/www.argensend.com\/en\/wp-json\/wp\/v2\/media\/80549"}],"wp:attachment":[{"href":"https:\/\/www.argensend.com\/en\/wp-json\/wp\/v2\/media?parent=80548"}],"wp:term":[{"taxonomy":"brand","embeddable":true,"href":"https:\/\/www.argensend.com\/en\/wp-json\/wp\/v2\/etheme_brands?post=80548"},{"taxonomy":"product_brand","embeddable":true,"href":"https:\/\/www.argensend.com\/en\/wp-json\/wp\/v2\/product_brand?post=80548"},{"taxonomy":"product_cat","embeddable":true,"href":"https:\/\/www.argensend.com\/en\/wp-json\/wp\/v2\/product_cat?post=80548"},{"taxonomy":"product_tag","embeddable":true,"href":"https:\/\/www.argensend.com\/en\/wp-json\/wp\/v2\/product_tag?post=80548"}],"curies":[{"name":"wp","href":"https:\/\/api.w.org\/{rel}","templated":true}]}}