{"id":80592,"date":"2023-08-28T11:40:46","date_gmt":"2023-08-28T14:40:46","guid":{"rendered":"https:\/\/www.argensend.com\/?post_type=product&#038;p=80592"},"modified":"2025-04-21T13:54:58","modified_gmt":"2025-04-21T16:54:58","slug":"sol-y-lluvia-yerba-mate-500-gr","status":"publish","type":"product","link":"https:\/\/www.argensend.com\/en\/product\/sol-y-lluvia-yerba-mate-500-gr\/","title":{"rendered":"Sol y Lluvia &#8211; Yerba Mate 500gr"},"content":{"rendered":"<p>Yerba Sol y Lluvia, procedente de Misiones. Elaborada con palo, estacionamiento natural seg\u00fan m\u00e9todo Barbacu\u00e1 (deshidrataci\u00f3n mediante la exposici\u00f3n al calor del fuego de le\u00f1a de un selecto grupo de maderas, para irradiar un sabor y aroma inconfundible). Este sistema de secado tipo Barbacu\u00e1 es el mismo que utilizaron los guaran\u00edes hace m\u00e1s de 400 a\u00f1os.<\/p>","protected":false},"excerpt":{"rendered":"<p>Yerba Mate Sol y Lluvia<\/p>","protected":false},"featured_media":80593,"comment_status":"closed","ping_status":"closed","template":"","meta":{"_acf_changed":false,"om_disable_all_campaigns":false,"_monsterinsights_skip_tracking":false,"_monsterinsights_sitenote_active":false,"_monsterinsights_sitenote_note":"","_monsterinsights_sitenote_category":0},"etheme_brands":[],"product_brand":[],"product_cat":[2124],"product_tag":[6916,203,234,225,6917,165,6894,6918,3472,9976,4665,228,163],"class_list":{"0":"post-80592","1":"product","2":"type-product","3":"status-publish","4":"has-post-thumbnail","6":"product_cat-yerbas","7":"product_tag-2-kilos","8":"product_tag-argentina","9":"product_tag-argentine","10":"product_tag-infusion","11":"product_tag-lluvia","12":"product_tag-mate","13":"product_tag-onzas","14":"product_tag-rain","15":"product_tag-sol","16":"product_tag-solylluvia","17":"product_tag-sun","18":"product_tag-tradicional","19":"product_tag-yerba","21":"first","22":"instock","23":"taxable","24":"shipping-taxable","25":"purchasable","26":"product-type-simple"},"acf":[],"aioseo_notices":[],"_links":{"self":[{"href":"https:\/\/www.argensend.com\/en\/wp-json\/wp\/v2\/product\/80592","targetHints":{"allow":["GET"]}}],"collection":[{"href":"https:\/\/www.argensend.com\/en\/wp-json\/wp\/v2\/product"}],"about":[{"href":"https:\/\/www.argensend.com\/en\/wp-json\/wp\/v2\/types\/product"}],"replies":[{"embeddable":true,"href":"https:\/\/www.argensend.com\/en\/wp-json\/wp\/v2\/comments?post=80592"}],"version-history":[{"count":6,"href":"https:\/\/www.argensend.com\/en\/wp-json\/wp\/v2\/product\/80592\/revisions"}],"predecessor-version":[{"id":116301,"href":"https:\/\/www.argensend.com\/en\/wp-json\/wp\/v2\/product\/80592\/revisions\/116301"}],"wp:featuredmedia":[{"embeddable":true,"href":"https:\/\/www.argensend.com\/en\/wp-json\/wp\/v2\/media\/80593"}],"wp:attachment":[{"href":"https:\/\/www.argensend.com\/en\/wp-json\/wp\/v2\/media?parent=80592"}],"wp:term":[{"taxonomy":"brand","embeddable":true,"href":"https:\/\/www.argensend.com\/en\/wp-json\/wp\/v2\/etheme_brands?post=80592"},{"taxonomy":"product_brand","embeddable":true,"href":"https:\/\/www.argensend.com\/en\/wp-json\/wp\/v2\/product_brand?post=80592"},{"taxonomy":"product_cat","embeddable":true,"href":"https:\/\/www.argensend.com\/en\/wp-json\/wp\/v2\/product_cat?post=80592"},{"taxonomy":"product_tag","embeddable":true,"href":"https:\/\/www.argensend.com\/en\/wp-json\/wp\/v2\/product_tag?post=80592"}],"curies":[{"name":"wp","href":"https:\/\/api.w.org\/{rel}","templated":true}]}}