{"id":80669,"date":"2023-08-30T10:40:36","date_gmt":"2023-08-30T13:40:36","guid":{"rendered":"https:\/\/www.argensend.com\/?post_type=product&#038;p=80669"},"modified":"2024-12-06T16:38:42","modified_gmt":"2024-12-06T19:38:42","slug":"libro-mi-primera-copa-del-mundo-martina-fileni-editorial-planeta-junior","status":"publish","type":"product","link":"https:\/\/www.argensend.com\/en\/product\/libro-mi-primera-copa-del-mundo-martina-fileni-editorial-planeta-junior\/","title":{"rendered":"Libro &#8220;Mi Primera Copa Del Mundo&#8221; &#8211; Martina Fileni Editorial Planeta Junior"},"content":{"rendered":"","protected":false},"excerpt":{"rendered":"<p>Los campeones del mundo festejamos como queremos. Revivamos Juntos los momentos m\u00e1s \u00e9picos de este Mundial que nos cambi\u00f3 la vida para siempre y honremos cada d\u00eda nuestras tres estrellas. \u00a1A disfrutar. campeones!<\/p>","protected":false},"featured_media":80670,"comment_status":"closed","ping_status":"closed","template":"","meta":{"_acf_changed":false,"om_disable_all_campaigns":false,"_monsterinsights_skip_tracking":false,"_monsterinsights_sitenote_active":false,"_monsterinsights_sitenote_note":"","_monsterinsights_sitenote_category":0},"etheme_brands":[],"product_brand":[],"product_cat":[685],"product_tag":[9546,9547,752,9965,9545,1976,9977],"class_list":{"0":"post-80669","1":"product","2":"type-product","3":"status-publish","4":"has-post-thumbnail","6":"product_cat-libros","7":"product_tag-book-messi","8":"product_tag-el-genio-completo","9":"product_tag-libro","10":"product_tag-libro-argentino","11":"product_tag-libro-messi","12":"product_tag-messi","13":"product_tag-mi-primera-copa-del-mundo","15":"first","16":"instock","17":"taxable","18":"shipping-taxable","19":"purchasable","20":"product-type-simple"},"acf":[],"aioseo_notices":[],"_links":{"self":[{"href":"https:\/\/www.argensend.com\/en\/wp-json\/wp\/v2\/product\/80669","targetHints":{"allow":["GET"]}}],"collection":[{"href":"https:\/\/www.argensend.com\/en\/wp-json\/wp\/v2\/product"}],"about":[{"href":"https:\/\/www.argensend.com\/en\/wp-json\/wp\/v2\/types\/product"}],"replies":[{"embeddable":true,"href":"https:\/\/www.argensend.com\/en\/wp-json\/wp\/v2\/comments?post=80669"}],"version-history":[{"count":1,"href":"https:\/\/www.argensend.com\/en\/wp-json\/wp\/v2\/product\/80669\/revisions"}],"predecessor-version":[{"id":80671,"href":"https:\/\/www.argensend.com\/en\/wp-json\/wp\/v2\/product\/80669\/revisions\/80671"}],"wp:featuredmedia":[{"embeddable":true,"href":"https:\/\/www.argensend.com\/en\/wp-json\/wp\/v2\/media\/80670"}],"wp:attachment":[{"href":"https:\/\/www.argensend.com\/en\/wp-json\/wp\/v2\/media?parent=80669"}],"wp:term":[{"taxonomy":"brand","embeddable":true,"href":"https:\/\/www.argensend.com\/en\/wp-json\/wp\/v2\/etheme_brands?post=80669"},{"taxonomy":"product_brand","embeddable":true,"href":"https:\/\/www.argensend.com\/en\/wp-json\/wp\/v2\/product_brand?post=80669"},{"taxonomy":"product_cat","embeddable":true,"href":"https:\/\/www.argensend.com\/en\/wp-json\/wp\/v2\/product_cat?post=80669"},{"taxonomy":"product_tag","embeddable":true,"href":"https:\/\/www.argensend.com\/en\/wp-json\/wp\/v2\/product_tag?post=80669"}],"curies":[{"name":"wp","href":"https:\/\/api.w.org\/{rel}","templated":true}]}}