{"id":81222,"date":"2023-09-08T12:04:22","date_gmt":"2023-09-08T15:04:22","guid":{"rendered":"https:\/\/www.argensend.com\/?post_type=product&#038;p=81222"},"modified":"2024-12-06T16:38:47","modified_gmt":"2024-12-06T19:38:47","slug":"lidherma-tri-silk-x-30-gr","status":"publish","type":"product","link":"https:\/\/www.argensend.com\/en\/product\/lidherma-tri-silk-x-30-gr\/","title":{"rendered":"Lidherma &#8211; Tri-Silk &#8211; 30gr"},"content":{"rendered":"","protected":false},"excerpt":{"rendered":"<div class=\"copete\">Serum sedoso que aten\u00faa las arrugas y disimula las l\u00edneas de expresi\u00f3n.<\/div>\n<div class=\"texto\">Mejora el \u00e1rea de las ojeras. Otorga elasticidad y flexibilidad a la piel. Aten\u00faa las arrugas periorbitales.\u00a0Por su textura de r\u00e1pida evanescencia puede utilizarse como base de maquillaje.<\/div>","protected":false},"featured_media":81223,"comment_status":"open","ping_status":"closed","template":"","meta":{"_acf_changed":false,"om_disable_all_campaigns":false,"_monsterinsights_skip_tracking":false,"_monsterinsights_sitenote_active":false,"_monsterinsights_sitenote_note":"","_monsterinsights_sitenote_category":0},"etheme_brands":[],"product_brand":[],"product_cat":[8935],"product_tag":[9270,9259,3356,9411],"class_list":{"0":"post-81222","1":"product","2":"type-product","3":"status-publish","4":"has-post-thumbnail","6":"product_cat-belleza-y-salud","7":"product_tag-contorno","8":"product_tag-lidherma","9":"product_tag-mascara","10":"product_tag-ojos","12":"first","13":"instock","14":"taxable","15":"shipping-taxable","16":"purchasable","17":"product-type-simple"},"acf":[],"aioseo_notices":[],"_links":{"self":[{"href":"https:\/\/www.argensend.com\/en\/wp-json\/wp\/v2\/product\/81222","targetHints":{"allow":["GET"]}}],"collection":[{"href":"https:\/\/www.argensend.com\/en\/wp-json\/wp\/v2\/product"}],"about":[{"href":"https:\/\/www.argensend.com\/en\/wp-json\/wp\/v2\/types\/product"}],"replies":[{"embeddable":true,"href":"https:\/\/www.argensend.com\/en\/wp-json\/wp\/v2\/comments?post=81222"}],"version-history":[{"count":2,"href":"https:\/\/www.argensend.com\/en\/wp-json\/wp\/v2\/product\/81222\/revisions"}],"predecessor-version":[{"id":105270,"href":"https:\/\/www.argensend.com\/en\/wp-json\/wp\/v2\/product\/81222\/revisions\/105270"}],"wp:featuredmedia":[{"embeddable":true,"href":"https:\/\/www.argensend.com\/en\/wp-json\/wp\/v2\/media\/81223"}],"wp:attachment":[{"href":"https:\/\/www.argensend.com\/en\/wp-json\/wp\/v2\/media?parent=81222"}],"wp:term":[{"taxonomy":"brand","embeddable":true,"href":"https:\/\/www.argensend.com\/en\/wp-json\/wp\/v2\/etheme_brands?post=81222"},{"taxonomy":"product_brand","embeddable":true,"href":"https:\/\/www.argensend.com\/en\/wp-json\/wp\/v2\/product_brand?post=81222"},{"taxonomy":"product_cat","embeddable":true,"href":"https:\/\/www.argensend.com\/en\/wp-json\/wp\/v2\/product_cat?post=81222"},{"taxonomy":"product_tag","embeddable":true,"href":"https:\/\/www.argensend.com\/en\/wp-json\/wp\/v2\/product_tag?post=81222"}],"curies":[{"name":"wp","href":"https:\/\/api.w.org\/{rel}","templated":true}]}}