{"id":81232,"date":"2023-09-08T14:19:50","date_gmt":"2023-09-08T17:19:50","guid":{"rendered":"https:\/\/www.argensend.com\/?post_type=product&#038;p=81232"},"modified":"2024-12-06T16:38:48","modified_gmt":"2024-12-06T19:38:48","slug":"harry-potter-taza-de-ceramica-vaso-blanco-de-plastico-mini-botella-deportiva","status":"publish","type":"product","link":"https:\/\/www.argensend.com\/en\/product\/harry-potter-taza-de-ceramica-vaso-blanco-de-plastico-mini-botella-deportiva\/","title":{"rendered":"Harry Potter &#8211; Taza de Cer\u00e1mica + Vaso Blanco de Pl\u00e1stico + Mini botella deportiva"},"content":{"rendered":"","protected":false},"excerpt":{"rendered":"<p>Taza de Cer\u00e1mica Harry Potter<\/p>\n<p>Vaso Blanco de Pl\u00e1stico Harry Potter<\/p>\n<p>Mini Botella deportiva eco cuero<\/p>","protected":false},"featured_media":81233,"comment_status":"closed","ping_status":"closed","template":"","meta":{"_acf_changed":false,"om_disable_all_campaigns":false,"_monsterinsights_skip_tracking":false,"_monsterinsights_sitenote_active":false,"_monsterinsights_sitenote_note":"","_monsterinsights_sitenote_category":0},"etheme_brands":[],"product_brand":[],"product_cat":[2147],"product_tag":[203,234,1076,3431,2095,1731,3424,165,9980,2089,589,9979,6331,3427,3496,1077],"class_list":{"0":"post-81232","1":"product","2":"type-product","3":"status-publish","4":"has-post-thumbnail","6":"product_cat-kits-mates-termos","7":"product_tag-argentina","8":"product_tag-argentine","9":"product_tag-azucarera","10":"product_tag-classics","11":"product_tag-harry-potter","12":"product_tag-kit","13":"product_tag-kits","14":"product_tag-mate","15":"product_tag-mate-harry-potter","16":"product_tag-mates","17":"product_tag-set","18":"product_tag-set-harry-potter","19":"product_tag-set-x-3","20":"product_tag-sets","21":"product_tag-sugar","22":"product_tag-yerbera","24":"first","25":"instock","26":"taxable","27":"shipping-taxable","28":"purchasable","29":"product-type-simple"},"acf":[],"aioseo_notices":[],"_links":{"self":[{"href":"https:\/\/www.argensend.com\/en\/wp-json\/wp\/v2\/product\/81232","targetHints":{"allow":["GET"]}}],"collection":[{"href":"https:\/\/www.argensend.com\/en\/wp-json\/wp\/v2\/product"}],"about":[{"href":"https:\/\/www.argensend.com\/en\/wp-json\/wp\/v2\/types\/product"}],"replies":[{"embeddable":true,"href":"https:\/\/www.argensend.com\/en\/wp-json\/wp\/v2\/comments?post=81232"}],"version-history":[{"count":1,"href":"https:\/\/www.argensend.com\/en\/wp-json\/wp\/v2\/product\/81232\/revisions"}],"predecessor-version":[{"id":81234,"href":"https:\/\/www.argensend.com\/en\/wp-json\/wp\/v2\/product\/81232\/revisions\/81234"}],"wp:featuredmedia":[{"embeddable":true,"href":"https:\/\/www.argensend.com\/en\/wp-json\/wp\/v2\/media\/81233"}],"wp:attachment":[{"href":"https:\/\/www.argensend.com\/en\/wp-json\/wp\/v2\/media?parent=81232"}],"wp:term":[{"taxonomy":"brand","embeddable":true,"href":"https:\/\/www.argensend.com\/en\/wp-json\/wp\/v2\/etheme_brands?post=81232"},{"taxonomy":"product_brand","embeddable":true,"href":"https:\/\/www.argensend.com\/en\/wp-json\/wp\/v2\/product_brand?post=81232"},{"taxonomy":"product_cat","embeddable":true,"href":"https:\/\/www.argensend.com\/en\/wp-json\/wp\/v2\/product_cat?post=81232"},{"taxonomy":"product_tag","embeddable":true,"href":"https:\/\/www.argensend.com\/en\/wp-json\/wp\/v2\/product_tag?post=81232"}],"curies":[{"name":"wp","href":"https:\/\/api.w.org\/{rel}","templated":true}]}}