{"id":8129,"date":"2020-05-31T11:22:25","date_gmt":"2020-05-31T14:22:25","guid":{"rendered":"http:\/\/www.argensend.com\/?post_type=product&#038;p=8129"},"modified":"2025-04-21T20:58:50","modified_gmt":"2025-04-21T23:58:50","slug":"havanna-galletitas-de-limon-con-chocolate-12-unidades","status":"publish","type":"product","link":"https:\/\/www.argensend.com\/en\/product\/havanna-galletitas-de-limon-con-chocolate-12-unidades\/","title":{"rendered":"Havanna &#8211; Galletitas de Lim\u00f3n con Chocolate 12 Unidades"},"content":{"rendered":"<p>Tentadoras galletitas horneadas rellenas con la m\u00e1s suave crema sabor a lim\u00f3n, cubiertas de chocolate semi amargo.<\/p>\n<p>&nbsp;<\/p>","protected":false},"excerpt":{"rendered":"<p>Tentadoras galletitas horneadas rellenas con la m\u00e1s suave crema sabor a lim\u00f3n, cubiertas de chocolate semi amargo. &nbsp;<\/p>","protected":false},"featured_media":8126,"comment_status":"closed","ping_status":"closed","template":"","meta":{"_acf_changed":false,"om_disable_all_campaigns":false,"_monsterinsights_skip_tracking":false,"_monsterinsights_sitenote_active":false,"_monsterinsights_sitenote_note":"","_monsterinsights_sitenote_category":0,"jetpack_post_was_ever_published":false},"etheme_brands":[{"term_id":10673,"name":"Havanna","slug":"havanna","term_group":0,"term_taxonomy_id":10673,"taxonomy":"brand","description":"","parent":0,"count":51,"filter":"raw"}],"product_brand":[],"product_cat":[3004,137],"product_tag":[230,231,203,234,68,235,236,232,233,2033,2034,1627],"class_list":{"0":"post-8129","1":"product","2":"type-product","3":"status-publish","4":"has-post-thumbnail","6":"brand-havanna","7":"product_cat-galletitas-dulces","8":"product_cat-galletitas-bizcochitos","9":"product_tag-alimento","10":"product_tag-alimentos","11":"product_tag-argentina","12":"product_tag-argentine","13":"product_tag-de","14":"product_tag-delicias","15":"product_tag-delicious","16":"product_tag-food","17":"product_tag-foods","18":"product_tag-galleta","19":"product_tag-galletas","20":"product_tag-havanna","22":"first","23":"instock","24":"taxable","25":"shipping-taxable","26":"purchasable","27":"product-type-simple"},"acf":[],"aioseo_notices":[],"jetpack_sharing_enabled":true,"_links":{"self":[{"href":"https:\/\/www.argensend.com\/en\/wp-json\/wp\/v2\/product\/8129","targetHints":{"allow":["GET"]}}],"collection":[{"href":"https:\/\/www.argensend.com\/en\/wp-json\/wp\/v2\/product"}],"about":[{"href":"https:\/\/www.argensend.com\/en\/wp-json\/wp\/v2\/types\/product"}],"replies":[{"embeddable":true,"href":"https:\/\/www.argensend.com\/en\/wp-json\/wp\/v2\/comments?post=8129"}],"version-history":[{"count":2,"href":"https:\/\/www.argensend.com\/en\/wp-json\/wp\/v2\/product\/8129\/revisions"}],"predecessor-version":[{"id":102281,"href":"https:\/\/www.argensend.com\/en\/wp-json\/wp\/v2\/product\/8129\/revisions\/102281"}],"wp:featuredmedia":[{"embeddable":true,"href":"https:\/\/www.argensend.com\/en\/wp-json\/wp\/v2\/media\/8126"}],"wp:attachment":[{"href":"https:\/\/www.argensend.com\/en\/wp-json\/wp\/v2\/media?parent=8129"}],"wp:term":[{"taxonomy":"brand","embeddable":true,"href":"https:\/\/www.argensend.com\/en\/wp-json\/wp\/v2\/etheme_brands?post=8129"},{"taxonomy":"product_brand","embeddable":true,"href":"https:\/\/www.argensend.com\/en\/wp-json\/wp\/v2\/product_brand?post=8129"},{"taxonomy":"product_cat","embeddable":true,"href":"https:\/\/www.argensend.com\/en\/wp-json\/wp\/v2\/product_cat?post=8129"},{"taxonomy":"product_tag","embeddable":true,"href":"https:\/\/www.argensend.com\/en\/wp-json\/wp\/v2\/product_tag?post=8129"}],"curies":[{"name":"wp","href":"https:\/\/api.w.org\/{rel}","templated":true}]}}