{"id":81718,"date":"2023-09-15T15:08:27","date_gmt":"2023-09-15T18:08:27","guid":{"rendered":"https:\/\/www.argensend.com\/?post_type=product&#038;p=81718"},"modified":"2024-12-06T16:38:51","modified_gmt":"2024-12-06T19:38:51","slug":"libro-el-viento-conoce-mi-nombre-isabel-allende","status":"publish","type":"product","link":"https:\/\/www.argensend.com\/en\/product\/libro-el-viento-conoce-mi-nombre-isabel-allende\/","title":{"rendered":"Libro &#8220;El viento conoce mi nombre&#8221; &#8211; Isabel Allende"},"content":{"rendered":"","protected":false},"excerpt":{"rendered":"<p>Viena, 1938. Samuel Adler es un ni\u00f1o jud\u00edo de seis a\u00f1os cuyo padre desaparece durante la Noche de los Cristales Rotos, en la que su familia lo pierde todo. Su madre, desesperada, le consigue una plaza en un tren que le llevar\u00e1 desde la Austria nazi hasta Inglaterra. Samuel emprende una nueva etapa con su fiel viol\u00edn y con el peso de la soledad y la incertidumbre, que lo acompa\u00f1ar\u00e1n siempre en su dilatada vida.<\/p>\n<p>Arizona, 2019. Ocho d\u00e9cadas m\u00e1s tarde, Anita D\u00edaz, de siete a\u00f1os, sube con su madre a bordo de otro tren para escapar de un inminente peligro en El Salvador y exiliarse en Estados Unidos. Su llegada coincide con una nueva e implacable pol\u00edtica gubernamental que la separa de su madre en la frontera. Sola y asustada, lejos de todo lo que le es familiar, Anita se refugia en Azabahar, el mundo m\u00e1gico que solo existe en su imaginaci\u00f3n. Mientras tanto, Selena Dur\u00e1n, una joven trabajadora social, y Frank Angileri, un exitoso abogado, luchan por reunir a la ni\u00f1a con su madre y por ofrecerle un futuro mejor.<\/p>\n<p>En El viento conoce mi nombre pasado y presente se entrelazan para relatar el drama del desarraigo y la redenci\u00f3n de la solidaridad, la compasi\u00f3n y el amor. Una novela actual sobre los sacrificios que a veces los padres deben hacer por sus hijos, sobre la sorprendente capacidad de algunos ni\u00f1os para sobrevivir a la violencia sin dejar de so\u00f1ar, y sobre la tenacidad de la esperanza, que puede brillar incluso en los momentos m\u00e1s oscuros.<\/p>","protected":false},"featured_media":81958,"comment_status":"closed","ping_status":"closed","template":"","meta":{"_acf_changed":false,"om_disable_all_campaigns":false,"_monsterinsights_skip_tracking":false,"_monsterinsights_sitenote_active":false,"_monsterinsights_sitenote_note":"","_monsterinsights_sitenote_category":0},"etheme_brands":[],"product_brand":[],"product_cat":[685],"product_tag":[203,9999,856,752],"class_list":{"0":"post-81718","1":"product","2":"type-product","3":"status-publish","4":"has-post-thumbnail","6":"product_cat-libros","7":"product_tag-argentina","8":"product_tag-el-viento-conoce-mi-nombre","9":"product_tag-isabel-allende","10":"product_tag-libro","12":"first","13":"instock","14":"taxable","15":"shipping-taxable","16":"purchasable","17":"product-type-simple"},"acf":[],"aioseo_notices":[],"_links":{"self":[{"href":"https:\/\/www.argensend.com\/en\/wp-json\/wp\/v2\/product\/81718","targetHints":{"allow":["GET"]}}],"collection":[{"href":"https:\/\/www.argensend.com\/en\/wp-json\/wp\/v2\/product"}],"about":[{"href":"https:\/\/www.argensend.com\/en\/wp-json\/wp\/v2\/types\/product"}],"replies":[{"embeddable":true,"href":"https:\/\/www.argensend.com\/en\/wp-json\/wp\/v2\/comments?post=81718"}],"version-history":[{"count":1,"href":"https:\/\/www.argensend.com\/en\/wp-json\/wp\/v2\/product\/81718\/revisions"}],"predecessor-version":[{"id":81959,"href":"https:\/\/www.argensend.com\/en\/wp-json\/wp\/v2\/product\/81718\/revisions\/81959"}],"wp:featuredmedia":[{"embeddable":true,"href":"https:\/\/www.argensend.com\/en\/wp-json\/wp\/v2\/media\/81958"}],"wp:attachment":[{"href":"https:\/\/www.argensend.com\/en\/wp-json\/wp\/v2\/media?parent=81718"}],"wp:term":[{"taxonomy":"brand","embeddable":true,"href":"https:\/\/www.argensend.com\/en\/wp-json\/wp\/v2\/etheme_brands?post=81718"},{"taxonomy":"product_brand","embeddable":true,"href":"https:\/\/www.argensend.com\/en\/wp-json\/wp\/v2\/product_brand?post=81718"},{"taxonomy":"product_cat","embeddable":true,"href":"https:\/\/www.argensend.com\/en\/wp-json\/wp\/v2\/product_cat?post=81718"},{"taxonomy":"product_tag","embeddable":true,"href":"https:\/\/www.argensend.com\/en\/wp-json\/wp\/v2\/product_tag?post=81718"}],"curies":[{"name":"wp","href":"https:\/\/api.w.org\/{rel}","templated":true}]}}