{"id":81992,"date":"2023-09-20T10:21:56","date_gmt":"2023-09-20T13:21:56","guid":{"rendered":"https:\/\/www.argensend.com\/?post_type=product&#038;p=81992"},"modified":"2024-12-06T16:38:55","modified_gmt":"2024-12-06T19:38:55","slug":"libro-una-familia-anormal-lyna-vallejos","status":"publish","type":"product","link":"https:\/\/www.argensend.com\/en\/product\/libro-una-familia-anormal-lyna-vallejos\/","title":{"rendered":"Pack Libros &#8220;Una Familia Anormal&#8221; &#8211; Lyna Vallejos"},"content":{"rendered":"","protected":false},"excerpt":{"rendered":"<p>Rese\u00f1a del libro:<br \/>\nUna familia anormal. En busca del tesoro de Minuca<\/p>\n<p>\u00a1Lyna, Melina, Rita y el Se\u00f1or pato en la busqueda del tesoro m\u00e1s divertida y disparatada del mundo! Lyna y Melina van a pasar las vacaciones a casa de su abuela Rita y como se aburren f\u00e1cilmente, se dedican a explorar los rincones secretos de la casa. Un d\u00eda el Se\u00f1or Pato desaparece y cuando lo encuentran, encuentran tambi\u00e9n un cofre con instrucciones para encontrar un viejo tesoro familiar \u00bfQu\u00e9 ser\u00e1? \u00bfLograr\u00e1n rescatarlo? \u00bfSe har\u00e1n millonarias? Mejor acompa\u00f1amos a esta familia anormal en esta aventura para descubirlo&#8230;<\/p>\n<p>Una familia anormal. El misterio de la hechicera<\/p>\n<p>\u00a1Lyna, Melina y el Se\u00f1or Pato en esta aventura tendr\u00e1n que cuidar a la abuela Rita, que ahora est\u00e1 convertida \u00a1\u00a1en un beb\u00e9!! Y eso no es todo, tendr\u00e1n que conseguir que vuelva a la normalidad \u00bfLo lograr\u00e1n? En el pueblo de Tembleque hay un festival con disfraces, juegos puestos de comida y mucha diversi\u00f3n. Lyna, Meli, la abuela Rita y el se\u00f1or Pato disfrutan de todas las curiosidades de la feria hasta que entran en una misteriosa tienda y la abuela pide el deseo de ser joven otra vez. Nada sale como lo esperaban y Rita se convierte en una problem\u00e1tica bebita. \u00bfPodr\u00e1n las chicas volverla a la normalidad? \u00bfQu\u00e9 misterios encontrar\u00e1n en el camino? Acompa\u00f1a al Team anormal en esta nueva y alocada aventura.<\/p>\n<p>Una familia anormal. Y unas vacaciones muy extra\u00f1as<\/p>\n<p>En esta nueva aventura la la familia anormal parte de vacaciones a una playa para descansar despu\u00e9s de tantas aventuras, pero no todo ser\u00e1 tan tranquilo como esperaban. La familia anormal tiene nuevos integrantes y despu\u00e9s de sus locas aventuras decidieron tomarse unas tranquilas vacaciones para disfrutar el tiempo juntos. Pero por supuesto nada sali\u00f3 como esperaban y una vez m\u00e1s deber\u00e1n enfrentarse a situaciones incre\u00edbles, intensos desaf\u00edos y sus vidas correr\u00e1n peligro a cada instante. \u00bfPodr\u00e1n salvarse esta vez? \u00bfLograr\u00e1n disfrutar por fin de sus vacaciones? \u00bfQui\u00e9nes son los nuevos integrantes de la familia? No pierdas m\u00e1s tiempo, descubrilo en esta nueva historia.<\/p>","protected":false},"featured_media":116137,"comment_status":"closed","ping_status":"closed","template":"","meta":{"_acf_changed":false,"om_disable_all_campaigns":false,"_monsterinsights_skip_tracking":false,"_monsterinsights_sitenote_active":false,"_monsterinsights_sitenote_note":"","_monsterinsights_sitenote_category":0},"etheme_brands":[],"product_brand":[],"product_cat":[685,4227],"product_tag":[203,10005,4733,10008,10006,10007],"class_list":{"0":"post-81992","1":"product","2":"type-product","3":"status-publish","4":"has-post-thumbnail","6":"product_cat-libros","7":"product_cat-libros-infantiles-juveniles","8":"product_tag-argentina","9":"product_tag-libro-infantil","10":"product_tag-libros","11":"product_tag-lyna-vallejos","12":"product_tag-una-familia-anormal","13":"product_tag-una-familia-anormal-libro","15":"first","16":"instock","17":"taxable","18":"shipping-taxable","19":"purchasable","20":"product-type-simple"},"acf":[],"aioseo_notices":[],"_links":{"self":[{"href":"https:\/\/www.argensend.com\/en\/wp-json\/wp\/v2\/product\/81992","targetHints":{"allow":["GET"]}}],"collection":[{"href":"https:\/\/www.argensend.com\/en\/wp-json\/wp\/v2\/product"}],"about":[{"href":"https:\/\/www.argensend.com\/en\/wp-json\/wp\/v2\/types\/product"}],"replies":[{"embeddable":true,"href":"https:\/\/www.argensend.com\/en\/wp-json\/wp\/v2\/comments?post=81992"}],"version-history":[{"count":3,"href":"https:\/\/www.argensend.com\/en\/wp-json\/wp\/v2\/product\/81992\/revisions"}],"predecessor-version":[{"id":116139,"href":"https:\/\/www.argensend.com\/en\/wp-json\/wp\/v2\/product\/81992\/revisions\/116139"}],"wp:featuredmedia":[{"embeddable":true,"href":"https:\/\/www.argensend.com\/en\/wp-json\/wp\/v2\/media\/116137"}],"wp:attachment":[{"href":"https:\/\/www.argensend.com\/en\/wp-json\/wp\/v2\/media?parent=81992"}],"wp:term":[{"taxonomy":"brand","embeddable":true,"href":"https:\/\/www.argensend.com\/en\/wp-json\/wp\/v2\/etheme_brands?post=81992"},{"taxonomy":"product_brand","embeddable":true,"href":"https:\/\/www.argensend.com\/en\/wp-json\/wp\/v2\/product_brand?post=81992"},{"taxonomy":"product_cat","embeddable":true,"href":"https:\/\/www.argensend.com\/en\/wp-json\/wp\/v2\/product_cat?post=81992"},{"taxonomy":"product_tag","embeddable":true,"href":"https:\/\/www.argensend.com\/en\/wp-json\/wp\/v2\/product_tag?post=81992"}],"curies":[{"name":"wp","href":"https:\/\/api.w.org\/{rel}","templated":true}]}}