{"id":82215,"date":"2023-09-22T11:45:03","date_gmt":"2023-09-22T14:45:03","guid":{"rendered":"https:\/\/www.argensend.com\/?post_type=product&#038;p=82215"},"modified":"2024-12-06T16:38:56","modified_gmt":"2024-12-06T19:38:56","slug":"kevin-perfume-x-60-ml","status":"publish","type":"product","link":"https:\/\/www.argensend.com\/en\/product\/kevin-perfume-x-60-ml\/","title":{"rendered":"Kevin- Perfume &#8211; 60ml"},"content":{"rendered":"","protected":false},"excerpt":{"rendered":"<p>Exaltaci\u00f3n de s\u00e1ndalo, patchouli y musk. Refinados toques de salvia, nerol\u00ed y especias.<\/p>","protected":false},"featured_media":82216,"comment_status":"open","ping_status":"closed","template":"","meta":{"_acf_changed":false,"om_disable_all_campaigns":false,"_monsterinsights_skip_tracking":false,"_monsterinsights_sitenote_active":false,"_monsterinsights_sitenote_note":"","_monsterinsights_sitenote_category":0},"etheme_brands":[],"product_brand":[],"product_cat":[8935,8818],"product_tag":[10014,10022,1159],"class_list":{"0":"post-82215","1":"product","2":"type-product","3":"status-publish","4":"has-post-thumbnail","6":"product_cat-belleza-y-salud","7":"product_cat-perfumeria","8":"product_tag-kevin","9":"product_tag-masculino","10":"product_tag-perfume","12":"first","13":"instock","14":"taxable","15":"shipping-taxable","16":"purchasable","17":"product-type-simple"},"acf":[],"aioseo_notices":[],"_links":{"self":[{"href":"https:\/\/www.argensend.com\/en\/wp-json\/wp\/v2\/product\/82215","targetHints":{"allow":["GET"]}}],"collection":[{"href":"https:\/\/www.argensend.com\/en\/wp-json\/wp\/v2\/product"}],"about":[{"href":"https:\/\/www.argensend.com\/en\/wp-json\/wp\/v2\/types\/product"}],"replies":[{"embeddable":true,"href":"https:\/\/www.argensend.com\/en\/wp-json\/wp\/v2\/comments?post=82215"}],"version-history":[{"count":2,"href":"https:\/\/www.argensend.com\/en\/wp-json\/wp\/v2\/product\/82215\/revisions"}],"predecessor-version":[{"id":105304,"href":"https:\/\/www.argensend.com\/en\/wp-json\/wp\/v2\/product\/82215\/revisions\/105304"}],"wp:featuredmedia":[{"embeddable":true,"href":"https:\/\/www.argensend.com\/en\/wp-json\/wp\/v2\/media\/82216"}],"wp:attachment":[{"href":"https:\/\/www.argensend.com\/en\/wp-json\/wp\/v2\/media?parent=82215"}],"wp:term":[{"taxonomy":"brand","embeddable":true,"href":"https:\/\/www.argensend.com\/en\/wp-json\/wp\/v2\/etheme_brands?post=82215"},{"taxonomy":"product_brand","embeddable":true,"href":"https:\/\/www.argensend.com\/en\/wp-json\/wp\/v2\/product_brand?post=82215"},{"taxonomy":"product_cat","embeddable":true,"href":"https:\/\/www.argensend.com\/en\/wp-json\/wp\/v2\/product_cat?post=82215"},{"taxonomy":"product_tag","embeddable":true,"href":"https:\/\/www.argensend.com\/en\/wp-json\/wp\/v2\/product_tag?post=82215"}],"curies":[{"name":"wp","href":"https:\/\/api.w.org\/{rel}","templated":true}]}}