{"id":82693,"date":"2023-09-28T15:24:15","date_gmt":"2023-09-28T18:24:15","guid":{"rendered":"https:\/\/www.argensend.com\/?post_type=product&#038;p=82693"},"modified":"2024-12-06T16:39:02","modified_gmt":"2024-12-06T19:39:02","slug":"mascarilla-para-pies-de-limon-exfoliante-x-4-unidades","status":"publish","type":"product","link":"https:\/\/www.argensend.com\/en\/product\/mascarilla-para-pies-de-limon-exfoliante-x-4-unidades\/","title":{"rendered":"Mascarilla para Pies de Lim\u00f3n Exfoliante 4 Unidades"},"content":{"rendered":"","protected":false},"excerpt":{"rendered":"<p>Modo de uso:<br \/>\n1. Despu\u00e9s de lavar y secar los pies, saque la mascarilla para pies del paquete.<br \/>\nNOTA: antes de usarlo, remoje los pies con agua tibia durante 10 minutos.<br \/>\n2. Coloque la m\u00e1scara de pie.<br \/>\n3. Deje actuar alrededor de 90 a 120 minutos, retire la m\u00e1scara de pie y enjuague. Limpiar con una toalla seca.<br \/>\n4. Despu\u00e9s de limpiar los pies, aplique un poco de crema humectante para pies para mantener los pies h\u00famedos y lisos.<br \/>\n5. Alrededor de 1-2 semanas m\u00e1s tarde, la piel dura y muerta despegara poco a poco<br \/>\ny la piel estar\u00e1 suave y blanca.<\/p>\n<p>En el transcurso de los 7 d\u00edas siguientes la piel comienza a exfoliar d\u00eda tras d\u00eda.<br \/>\nSe puede ayudar despellejado con la mano los primeros d\u00edas (quitando la piel).<br \/>\nAyudar (en esa semana) con una piedra en talones y otras zonas donde haya dureza.<\/p>","protected":false},"featured_media":82694,"comment_status":"closed","ping_status":"closed","template":"","meta":{"_acf_changed":false,"om_disable_all_campaigns":false,"_monsterinsights_skip_tracking":false,"_monsterinsights_sitenote_active":false,"_monsterinsights_sitenote_note":"","_monsterinsights_sitenote_category":0},"etheme_brands":[],"product_brand":[],"product_cat":[8935],"product_tag":[3246,2970,4685,3931,4247,5415,8980,10050,10049],"class_list":{"0":"post-82693","1":"product","2":"type-product","3":"status-publish","4":"has-post-thumbnail","6":"product_cat-belleza-y-salud","7":"product_tag-beauty","8":"product_tag-control","9":"product_tag-facial","10":"product_tag-hair","11":"product_tag-health","12":"product_tag-intensive","13":"product_tag-intensivo","14":"product_tag-mascara-facial","15":"product_tag-mascarrillas","17":"first","18":"instock","19":"taxable","20":"shipping-taxable","21":"purchasable","22":"product-type-simple"},"acf":[],"aioseo_notices":[],"_links":{"self":[{"href":"https:\/\/www.argensend.com\/en\/wp-json\/wp\/v2\/product\/82693","targetHints":{"allow":["GET"]}}],"collection":[{"href":"https:\/\/www.argensend.com\/en\/wp-json\/wp\/v2\/product"}],"about":[{"href":"https:\/\/www.argensend.com\/en\/wp-json\/wp\/v2\/types\/product"}],"replies":[{"embeddable":true,"href":"https:\/\/www.argensend.com\/en\/wp-json\/wp\/v2\/comments?post=82693"}],"version-history":[{"count":3,"href":"https:\/\/www.argensend.com\/en\/wp-json\/wp\/v2\/product\/82693\/revisions"}],"predecessor-version":[{"id":107708,"href":"https:\/\/www.argensend.com\/en\/wp-json\/wp\/v2\/product\/82693\/revisions\/107708"}],"wp:featuredmedia":[{"embeddable":true,"href":"https:\/\/www.argensend.com\/en\/wp-json\/wp\/v2\/media\/82694"}],"wp:attachment":[{"href":"https:\/\/www.argensend.com\/en\/wp-json\/wp\/v2\/media?parent=82693"}],"wp:term":[{"taxonomy":"brand","embeddable":true,"href":"https:\/\/www.argensend.com\/en\/wp-json\/wp\/v2\/etheme_brands?post=82693"},{"taxonomy":"product_brand","embeddable":true,"href":"https:\/\/www.argensend.com\/en\/wp-json\/wp\/v2\/product_brand?post=82693"},{"taxonomy":"product_cat","embeddable":true,"href":"https:\/\/www.argensend.com\/en\/wp-json\/wp\/v2\/product_cat?post=82693"},{"taxonomy":"product_tag","embeddable":true,"href":"https:\/\/www.argensend.com\/en\/wp-json\/wp\/v2\/product_tag?post=82693"}],"curies":[{"name":"wp","href":"https:\/\/api.w.org\/{rel}","templated":true}]}}