{"id":82737,"date":"2023-09-29T11:34:07","date_gmt":"2023-09-29T14:34:07","guid":{"rendered":"https:\/\/www.argensend.com\/?post_type=product&#038;p=82737"},"modified":"2024-12-06T16:39:03","modified_gmt":"2024-12-06T19:39:03","slug":"cheeky-perfume-infantil-cool-boy-x-100-ml","status":"publish","type":"product","link":"https:\/\/www.argensend.com\/en\/product\/cheeky-perfume-infantil-cool-boy-x-100-ml\/","title":{"rendered":"Cheeky &#8211; Perfume Infantil Cool Boy 100ml"},"content":{"rendered":"","protected":false},"excerpt":{"rendered":"<p>Fragancia para nenes, con notas de salida de frescos c\u00edtricos y cardamomo. Un coraz\u00f3n de jengibre y patchouli, que cierra en \u00e1mbar y musgos.<\/p>","protected":false},"featured_media":82738,"comment_status":"open","ping_status":"closed","template":"","meta":{"_acf_changed":false,"om_disable_all_campaigns":false,"_monsterinsights_skip_tracking":false,"_monsterinsights_sitenote_active":false,"_monsterinsights_sitenote_note":"","_monsterinsights_sitenote_category":0},"etheme_brands":[],"product_brand":[],"product_cat":[8935,8818],"product_tag":[],"class_list":{"0":"post-82737","1":"product","2":"type-product","3":"status-publish","4":"has-post-thumbnail","6":"product_cat-belleza-y-salud","7":"product_cat-perfumeria","9":"first","10":"instock","11":"taxable","12":"shipping-taxable","13":"purchasable","14":"product-type-simple"},"acf":[],"aioseo_notices":[],"_links":{"self":[{"href":"https:\/\/www.argensend.com\/en\/wp-json\/wp\/v2\/product\/82737","targetHints":{"allow":["GET"]}}],"collection":[{"href":"https:\/\/www.argensend.com\/en\/wp-json\/wp\/v2\/product"}],"about":[{"href":"https:\/\/www.argensend.com\/en\/wp-json\/wp\/v2\/types\/product"}],"replies":[{"embeddable":true,"href":"https:\/\/www.argensend.com\/en\/wp-json\/wp\/v2\/comments?post=82737"}],"version-history":[{"count":3,"href":"https:\/\/www.argensend.com\/en\/wp-json\/wp\/v2\/product\/82737\/revisions"}],"predecessor-version":[{"id":105331,"href":"https:\/\/www.argensend.com\/en\/wp-json\/wp\/v2\/product\/82737\/revisions\/105331"}],"wp:featuredmedia":[{"embeddable":true,"href":"https:\/\/www.argensend.com\/en\/wp-json\/wp\/v2\/media\/82738"}],"wp:attachment":[{"href":"https:\/\/www.argensend.com\/en\/wp-json\/wp\/v2\/media?parent=82737"}],"wp:term":[{"taxonomy":"brand","embeddable":true,"href":"https:\/\/www.argensend.com\/en\/wp-json\/wp\/v2\/etheme_brands?post=82737"},{"taxonomy":"product_brand","embeddable":true,"href":"https:\/\/www.argensend.com\/en\/wp-json\/wp\/v2\/product_brand?post=82737"},{"taxonomy":"product_cat","embeddable":true,"href":"https:\/\/www.argensend.com\/en\/wp-json\/wp\/v2\/product_cat?post=82737"},{"taxonomy":"product_tag","embeddable":true,"href":"https:\/\/www.argensend.com\/en\/wp-json\/wp\/v2\/product_tag?post=82737"}],"curies":[{"name":"wp","href":"https:\/\/api.w.org\/{rel}","templated":true}]}}