{"id":82741,"date":"2023-09-29T11:38:59","date_gmt":"2023-09-29T14:38:59","guid":{"rendered":"https:\/\/www.argensend.com\/?post_type=product&#038;p=82741"},"modified":"2024-12-06T16:39:03","modified_gmt":"2024-12-06T19:39:03","slug":"cheeky-perfume-sweet-baby-x-100-ml","status":"publish","type":"product","link":"https:\/\/www.argensend.com\/en\/product\/cheeky-perfume-sweet-baby-x-100-ml\/","title":{"rendered":"Cheeky &#8211; Perfume Sweet Baby 100ml"},"content":{"rendered":"","protected":false},"excerpt":{"rendered":"<p>Fragancia para Beb\u00e9s, con notas de salida de nerol\u00ed y naranjas, con un coraz\u00f3n de rosas y flores blancas. Cedro y petit grain.<\/p>","protected":false},"featured_media":82745,"comment_status":"open","ping_status":"closed","template":"","meta":{"_acf_changed":false,"om_disable_all_campaigns":false,"_monsterinsights_skip_tracking":false,"_monsterinsights_sitenote_active":false,"_monsterinsights_sitenote_note":"","_monsterinsights_sitenote_category":0},"etheme_brands":[],"product_brand":[],"product_cat":[8935,8818],"product_tag":[],"class_list":{"0":"post-82741","1":"product","2":"type-product","3":"status-publish","4":"has-post-thumbnail","6":"product_cat-belleza-y-salud","7":"product_cat-perfumeria","9":"first","10":"instock","11":"taxable","12":"shipping-taxable","13":"purchasable","14":"product-type-simple"},"acf":[],"aioseo_notices":[],"_links":{"self":[{"href":"https:\/\/www.argensend.com\/en\/wp-json\/wp\/v2\/product\/82741","targetHints":{"allow":["GET"]}}],"collection":[{"href":"https:\/\/www.argensend.com\/en\/wp-json\/wp\/v2\/product"}],"about":[{"href":"https:\/\/www.argensend.com\/en\/wp-json\/wp\/v2\/types\/product"}],"replies":[{"embeddable":true,"href":"https:\/\/www.argensend.com\/en\/wp-json\/wp\/v2\/comments?post=82741"}],"version-history":[{"count":2,"href":"https:\/\/www.argensend.com\/en\/wp-json\/wp\/v2\/product\/82741\/revisions"}],"predecessor-version":[{"id":105332,"href":"https:\/\/www.argensend.com\/en\/wp-json\/wp\/v2\/product\/82741\/revisions\/105332"}],"wp:featuredmedia":[{"embeddable":true,"href":"https:\/\/www.argensend.com\/en\/wp-json\/wp\/v2\/media\/82745"}],"wp:attachment":[{"href":"https:\/\/www.argensend.com\/en\/wp-json\/wp\/v2\/media?parent=82741"}],"wp:term":[{"taxonomy":"brand","embeddable":true,"href":"https:\/\/www.argensend.com\/en\/wp-json\/wp\/v2\/etheme_brands?post=82741"},{"taxonomy":"product_brand","embeddable":true,"href":"https:\/\/www.argensend.com\/en\/wp-json\/wp\/v2\/product_brand?post=82741"},{"taxonomy":"product_cat","embeddable":true,"href":"https:\/\/www.argensend.com\/en\/wp-json\/wp\/v2\/product_cat?post=82741"},{"taxonomy":"product_tag","embeddable":true,"href":"https:\/\/www.argensend.com\/en\/wp-json\/wp\/v2\/product_tag?post=82741"}],"curies":[{"name":"wp","href":"https:\/\/api.w.org\/{rel}","templated":true}]}}