{"id":82748,"date":"2023-09-29T11:46:57","date_gmt":"2023-09-29T14:46:57","guid":{"rendered":"https:\/\/www.argensend.com\/?post_type=product&#038;p=82748"},"modified":"2024-12-06T16:39:03","modified_gmt":"2024-12-06T19:39:03","slug":"cheeky-perfume-infantil-mood-azul-funny-boys-x-100-ml","status":"publish","type":"product","link":"https:\/\/www.argensend.com\/en\/product\/cheeky-perfume-infantil-mood-azul-funny-boys-x-100-ml\/","title":{"rendered":"Cheeky &#8211; Perfume Infantil Mood Azul Funny Boys 100ml"},"content":{"rendered":"","protected":false},"excerpt":{"rendered":"<p>Es una fragancia s\u00faper canchera de estilo fougere arom\u00e1tico, donde gotas de lavanda, lim\u00f3n, almizcle y \u00e1mbar se funden y acompa\u00f1an a los chicos en sus aventuras y juegos durante todo el d\u00eda. El dise\u00f1o los invita a so\u00f1ar e imaginar nuevos universos y planetas que los prepara para las m\u00e1s divertidas aventuras.<\/p>","protected":false},"featured_media":82750,"comment_status":"open","ping_status":"closed","template":"","meta":{"_acf_changed":false,"om_disable_all_campaigns":false,"_monsterinsights_skip_tracking":false,"_monsterinsights_sitenote_active":false,"_monsterinsights_sitenote_note":"","_monsterinsights_sitenote_category":0},"etheme_brands":[],"product_brand":[],"product_cat":[8935,8818],"product_tag":[10052,5883,1159],"class_list":{"0":"post-82748","1":"product","2":"type-product","3":"status-publish","4":"has-post-thumbnail","6":"product_cat-belleza-y-salud","7":"product_cat-perfumeria","8":"product_tag-cheeky","9":"product_tag-infantil","10":"product_tag-perfume","12":"first","13":"instock","14":"taxable","15":"shipping-taxable","16":"purchasable","17":"product-type-simple"},"acf":[],"aioseo_notices":[],"_links":{"self":[{"href":"https:\/\/www.argensend.com\/en\/wp-json\/wp\/v2\/product\/82748","targetHints":{"allow":["GET"]}}],"collection":[{"href":"https:\/\/www.argensend.com\/en\/wp-json\/wp\/v2\/product"}],"about":[{"href":"https:\/\/www.argensend.com\/en\/wp-json\/wp\/v2\/types\/product"}],"replies":[{"embeddable":true,"href":"https:\/\/www.argensend.com\/en\/wp-json\/wp\/v2\/comments?post=82748"}],"version-history":[{"count":2,"href":"https:\/\/www.argensend.com\/en\/wp-json\/wp\/v2\/product\/82748\/revisions"}],"predecessor-version":[{"id":105333,"href":"https:\/\/www.argensend.com\/en\/wp-json\/wp\/v2\/product\/82748\/revisions\/105333"}],"wp:featuredmedia":[{"embeddable":true,"href":"https:\/\/www.argensend.com\/en\/wp-json\/wp\/v2\/media\/82750"}],"wp:attachment":[{"href":"https:\/\/www.argensend.com\/en\/wp-json\/wp\/v2\/media?parent=82748"}],"wp:term":[{"taxonomy":"brand","embeddable":true,"href":"https:\/\/www.argensend.com\/en\/wp-json\/wp\/v2\/etheme_brands?post=82748"},{"taxonomy":"product_brand","embeddable":true,"href":"https:\/\/www.argensend.com\/en\/wp-json\/wp\/v2\/product_brand?post=82748"},{"taxonomy":"product_cat","embeddable":true,"href":"https:\/\/www.argensend.com\/en\/wp-json\/wp\/v2\/product_cat?post=82748"},{"taxonomy":"product_tag","embeddable":true,"href":"https:\/\/www.argensend.com\/en\/wp-json\/wp\/v2\/product_tag?post=82748"}],"curies":[{"name":"wp","href":"https:\/\/api.w.org\/{rel}","templated":true}]}}