{"id":82752,"date":"2023-09-29T11:50:12","date_gmt":"2023-09-29T14:50:12","guid":{"rendered":"https:\/\/www.argensend.com\/?post_type=product&#038;p=82752"},"modified":"2024-12-06T16:39:03","modified_gmt":"2024-12-06T19:39:03","slug":"cheeky-perfume-infantil-lovely-girls-x-100-ml","status":"publish","type":"product","link":"https:\/\/www.argensend.com\/en\/product\/cheeky-perfume-infantil-lovely-girls-x-100-ml\/","title":{"rendered":"Cheeky &#8211; Perfume Infantil Lovely Girls 100ml"},"content":{"rendered":"","protected":false},"excerpt":{"rendered":"<p>La fragancia de Cheeky para ni\u00f1as recrea un dise\u00f1o de ensue\u00f1o en donde los unicornios, flores y estrellas son los protagonistas. La fragancia es de tono frutal musky en donde notas de anan\u00e1, durazno y naranja dulce dan comienzo a la diversi\u00f3n. Flores como rosa, violeta y azahar se entremezclan junto a un toquecito de vainilla para darle la dulzura que ellas merecen.<\/p>","protected":false},"featured_media":82754,"comment_status":"open","ping_status":"closed","template":"","meta":{"_acf_changed":false,"om_disable_all_campaigns":false,"_monsterinsights_skip_tracking":false,"_monsterinsights_sitenote_active":false,"_monsterinsights_sitenote_note":"","_monsterinsights_sitenote_category":0},"etheme_brands":[],"product_brand":[],"product_cat":[8935,8818],"product_tag":[10052,5883,1159],"class_list":{"0":"post-82752","1":"product","2":"type-product","3":"status-publish","4":"has-post-thumbnail","6":"product_cat-belleza-y-salud","7":"product_cat-perfumeria","8":"product_tag-cheeky","9":"product_tag-infantil","10":"product_tag-perfume","12":"first","13":"instock","14":"taxable","15":"shipping-taxable","16":"purchasable","17":"product-type-simple"},"acf":[],"aioseo_notices":[],"_links":{"self":[{"href":"https:\/\/www.argensend.com\/en\/wp-json\/wp\/v2\/product\/82752","targetHints":{"allow":["GET"]}}],"collection":[{"href":"https:\/\/www.argensend.com\/en\/wp-json\/wp\/v2\/product"}],"about":[{"href":"https:\/\/www.argensend.com\/en\/wp-json\/wp\/v2\/types\/product"}],"replies":[{"embeddable":true,"href":"https:\/\/www.argensend.com\/en\/wp-json\/wp\/v2\/comments?post=82752"}],"version-history":[{"count":2,"href":"https:\/\/www.argensend.com\/en\/wp-json\/wp\/v2\/product\/82752\/revisions"}],"predecessor-version":[{"id":105334,"href":"https:\/\/www.argensend.com\/en\/wp-json\/wp\/v2\/product\/82752\/revisions\/105334"}],"wp:featuredmedia":[{"embeddable":true,"href":"https:\/\/www.argensend.com\/en\/wp-json\/wp\/v2\/media\/82754"}],"wp:attachment":[{"href":"https:\/\/www.argensend.com\/en\/wp-json\/wp\/v2\/media?parent=82752"}],"wp:term":[{"taxonomy":"brand","embeddable":true,"href":"https:\/\/www.argensend.com\/en\/wp-json\/wp\/v2\/etheme_brands?post=82752"},{"taxonomy":"product_brand","embeddable":true,"href":"https:\/\/www.argensend.com\/en\/wp-json\/wp\/v2\/product_brand?post=82752"},{"taxonomy":"product_cat","embeddable":true,"href":"https:\/\/www.argensend.com\/en\/wp-json\/wp\/v2\/product_cat?post=82752"},{"taxonomy":"product_tag","embeddable":true,"href":"https:\/\/www.argensend.com\/en\/wp-json\/wp\/v2\/product_tag?post=82752"}],"curies":[{"name":"wp","href":"https:\/\/api.w.org\/{rel}","templated":true}]}}