{"id":82764,"date":"2023-09-29T12:02:06","date_gmt":"2023-09-29T15:02:06","guid":{"rendered":"https:\/\/www.argensend.com\/?post_type=product&#038;p=82764"},"modified":"2024-12-06T16:39:03","modified_gmt":"2024-12-06T19:39:03","slug":"cher-perfume-dieciocho-x-100-ml","status":"publish","type":"product","link":"https:\/\/www.argensend.com\/en\/product\/cher-perfume-dieciocho-x-100-ml\/","title":{"rendered":"Cher &#8211; Perfume Dieciocho 100ml"},"content":{"rendered":"","protected":false},"excerpt":{"rendered":"<p>Un \u00edcono dentro de las fragancias Cher, constituye una fragancia protagonista y femenina. Su salida es floral frutada, con gardenias y mandarina sangu\u00ednea. Su cuerpo es poderoso y combina miel, azahar, durazno y jazm\u00edn. Provoca una explosi\u00f3n de femineidad distinguida. Dieciocho, una fragancia intensa, sensual y femenina inspirada en una de las ciudad musa de Mar\u00eda: Los \u00c1ngeles. Las playas californianas y el glamour de Hollywood, atravesados por la diversidad y la lucha, se transforman en una moda casual y despreocupada.<\/p>\n<p>Notas de salida:gardenia, naranja, mandarina<\/p>\n<p>Notas de coraz\u00f3n: miel, jazm\u00edn, flor azahar, durazno<\/p>\n<p>Notas de fondo: pachul\u00ed, cera de abeja, caramelo<\/p>\n<p>Aroma: Floral, Chipre, Golosa<\/p>","protected":false},"featured_media":82765,"comment_status":"open","ping_status":"closed","template":"","meta":{"_acf_changed":false,"om_disable_all_campaigns":false,"_monsterinsights_skip_tracking":false,"_monsterinsights_sitenote_active":false,"_monsterinsights_sitenote_note":"","_monsterinsights_sitenote_category":0},"etheme_brands":[],"product_brand":[],"product_cat":[8935,8818],"product_tag":[10052,5883,1159],"class_list":{"0":"post-82764","1":"product","2":"type-product","3":"status-publish","4":"has-post-thumbnail","6":"product_cat-belleza-y-salud","7":"product_cat-perfumeria","8":"product_tag-cheeky","9":"product_tag-infantil","10":"product_tag-perfume","12":"first","13":"instock","14":"taxable","15":"shipping-taxable","16":"purchasable","17":"product-type-simple"},"acf":[],"aioseo_notices":[],"_links":{"self":[{"href":"https:\/\/www.argensend.com\/en\/wp-json\/wp\/v2\/product\/82764","targetHints":{"allow":["GET"]}}],"collection":[{"href":"https:\/\/www.argensend.com\/en\/wp-json\/wp\/v2\/product"}],"about":[{"href":"https:\/\/www.argensend.com\/en\/wp-json\/wp\/v2\/types\/product"}],"replies":[{"embeddable":true,"href":"https:\/\/www.argensend.com\/en\/wp-json\/wp\/v2\/comments?post=82764"}],"version-history":[{"count":3,"href":"https:\/\/www.argensend.com\/en\/wp-json\/wp\/v2\/product\/82764\/revisions"}],"predecessor-version":[{"id":105337,"href":"https:\/\/www.argensend.com\/en\/wp-json\/wp\/v2\/product\/82764\/revisions\/105337"}],"wp:featuredmedia":[{"embeddable":true,"href":"https:\/\/www.argensend.com\/en\/wp-json\/wp\/v2\/media\/82765"}],"wp:attachment":[{"href":"https:\/\/www.argensend.com\/en\/wp-json\/wp\/v2\/media?parent=82764"}],"wp:term":[{"taxonomy":"brand","embeddable":true,"href":"https:\/\/www.argensend.com\/en\/wp-json\/wp\/v2\/etheme_brands?post=82764"},{"taxonomy":"product_brand","embeddable":true,"href":"https:\/\/www.argensend.com\/en\/wp-json\/wp\/v2\/product_brand?post=82764"},{"taxonomy":"product_cat","embeddable":true,"href":"https:\/\/www.argensend.com\/en\/wp-json\/wp\/v2\/product_cat?post=82764"},{"taxonomy":"product_tag","embeddable":true,"href":"https:\/\/www.argensend.com\/en\/wp-json\/wp\/v2\/product_tag?post=82764"}],"curies":[{"name":"wp","href":"https:\/\/api.w.org\/{rel}","templated":true}]}}