{"id":82878,"date":"2023-09-29T16:34:15","date_gmt":"2023-09-29T19:34:15","guid":{"rendered":"https:\/\/www.argensend.com\/?post_type=product&#038;p=82878"},"modified":"2025-04-28T11:43:13","modified_gmt":"2025-04-28T14:43:13","slug":"caramelera-calabaza-golosinas-con-sorpresa-halloween","status":"publish","type":"product","link":"https:\/\/www.argensend.com\/en\/product\/caramelera-calabaza-golosinas-con-sorpresa-halloween\/","title":{"rendered":"Caramelera Calabaza Golosinas con Sorpresa Halloween"},"content":{"rendered":"","protected":false},"excerpt":{"rendered":"<p>La calabaza contiene:<\/p>\n<p>&#8211; 1 paquete Yummy Terror<br \/>\n&#8211; 1 paquete de Caramelos Bloody Monster<br \/>\n&#8211; 1 paquete de Hechizo de Amor<br \/>\n&#8211; 1 Mogul Murci\u00e9lago<br \/>\n&#8211; 1 Sugus Confitado Halloween<br \/>\n&#8211; 2 Chupetines Bloody Halloween<br \/>\n&#8211; 2 Chupetines Dracu Pops<br \/>\n&#8211; 10 caramelos Fizz Halloween<br \/>\n&#8211; 2 Globos<br \/>\n&#8211; 2 SORPRESAS, pueden variar seg\u00fan Disponibilidad (ara\u00f1a, cucaracha, dientes dr\u00e1cula o rata).<\/p>","protected":false},"featured_media":82882,"comment_status":"closed","ping_status":"closed","template":"","meta":{"_acf_changed":false,"om_disable_all_campaigns":false,"_monsterinsights_skip_tracking":false,"_monsterinsights_sitenote_active":false,"_monsterinsights_sitenote_note":"","_monsterinsights_sitenote_category":0},"etheme_brands":[],"product_brand":[],"product_cat":[2116,2213],"product_tag":[300,371,357,356,355,290,369,167],"class_list":{"0":"post-82878","1":"product","2":"type-product","3":"status-publish","4":"has-post-thumbnail","6":"product_cat-caramelos-masticables","7":"product_cat-halloween","8":"product_tag-arcor","9":"product_tag-calabaza","10":"product_tag-caramelos","11":"product_tag-halloween","12":"product_tag-masticable","13":"product_tag-mogul","14":"product_tag-moras","15":"product_tag-sin-tacc","17":"first","18":"outofstock","19":"taxable","20":"shipping-taxable","21":"purchasable","22":"product-type-simple"},"acf":[],"aioseo_notices":[],"_links":{"self":[{"href":"https:\/\/www.argensend.com\/en\/wp-json\/wp\/v2\/product\/82878","targetHints":{"allow":["GET"]}}],"collection":[{"href":"https:\/\/www.argensend.com\/en\/wp-json\/wp\/v2\/product"}],"about":[{"href":"https:\/\/www.argensend.com\/en\/wp-json\/wp\/v2\/types\/product"}],"replies":[{"embeddable":true,"href":"https:\/\/www.argensend.com\/en\/wp-json\/wp\/v2\/comments?post=82878"}],"version-history":[{"count":2,"href":"https:\/\/www.argensend.com\/en\/wp-json\/wp\/v2\/product\/82878\/revisions"}],"predecessor-version":[{"id":99332,"href":"https:\/\/www.argensend.com\/en\/wp-json\/wp\/v2\/product\/82878\/revisions\/99332"}],"wp:featuredmedia":[{"embeddable":true,"href":"https:\/\/www.argensend.com\/en\/wp-json\/wp\/v2\/media\/82882"}],"wp:attachment":[{"href":"https:\/\/www.argensend.com\/en\/wp-json\/wp\/v2\/media?parent=82878"}],"wp:term":[{"taxonomy":"brand","embeddable":true,"href":"https:\/\/www.argensend.com\/en\/wp-json\/wp\/v2\/etheme_brands?post=82878"},{"taxonomy":"product_brand","embeddable":true,"href":"https:\/\/www.argensend.com\/en\/wp-json\/wp\/v2\/product_brand?post=82878"},{"taxonomy":"product_cat","embeddable":true,"href":"https:\/\/www.argensend.com\/en\/wp-json\/wp\/v2\/product_cat?post=82878"},{"taxonomy":"product_tag","embeddable":true,"href":"https:\/\/www.argensend.com\/en\/wp-json\/wp\/v2\/product_tag?post=82878"}],"curies":[{"name":"wp","href":"https:\/\/api.w.org\/{rel}","templated":true}]}}