{"id":83008,"date":"2023-10-02T10:52:52","date_gmt":"2023-10-02T13:52:52","guid":{"rendered":"https:\/\/www.argensend.com\/?post_type=product&#038;p=83008"},"modified":"2024-12-06T16:39:11","modified_gmt":"2024-12-06T19:39:11","slug":"cher-perfume-iris-x-100-ml","status":"publish","type":"product","link":"https:\/\/www.argensend.com\/en\/product\/cher-perfume-iris-x-100-ml\/","title":{"rendered":"Cher &#8211; Perfume Iris 100ml"},"content":{"rendered":"","protected":false},"excerpt":{"rendered":"<p>Una fragancia capaz de cautivar desde el primer momento. Un delicado halo combinado entre lo c\u00edtrico y lo floral. Representa una conexi\u00f3n genuina con el Agua, c\u00f3mo s\u00edmbolo de energ\u00eda, frescura, dualidad de emociones y sentimientos. Un frasco, aroma y esp\u00edritu que capturan la esencia de la libertad y la proyectan en una mujer aut\u00e9ntica, transparente, que se muestra tal cual es, y disfruta de la vida y sus infinitas posibilidades. Iris irrumpe en el portfolio siendo una fragancia atemporal y acu\u00e1tica. Representar\u00e1 los traspasos de sentimientos en el momento que nos sentimos conectados con el elemento Agua., reflejando un aspecto fresco y sofisticado.<\/p>\n<p>Notas de salida: naranja amarga, Sorbete de frambuesa, Grosella roja<\/p>\n<p>Notas de coraz\u00f3n: T\u00e9 verde, Peon\u00eda, Jazm\u00edn<\/p>\n<p>Notas de fondo: Cedro, Almizcle, Musgo de roble<\/p>\n<p>Aroma: Floral, C\u00edtrica, Chispeante<\/p>","protected":false},"featured_media":83010,"comment_status":"open","ping_status":"closed","template":"","meta":{"_acf_changed":false,"om_disable_all_campaigns":false,"_monsterinsights_skip_tracking":false,"_monsterinsights_sitenote_active":false,"_monsterinsights_sitenote_note":"","_monsterinsights_sitenote_category":0},"etheme_brands":[],"product_brand":[],"product_cat":[8935,8818],"product_tag":[10053,1159],"class_list":{"0":"post-83008","1":"product","2":"type-product","3":"status-publish","4":"has-post-thumbnail","6":"product_cat-belleza-y-salud","7":"product_cat-perfumeria","8":"product_tag-cher","9":"product_tag-perfume","11":"first","12":"instock","13":"taxable","14":"shipping-taxable","15":"purchasable","16":"product-type-simple"},"acf":[],"aioseo_notices":[],"_links":{"self":[{"href":"https:\/\/www.argensend.com\/en\/wp-json\/wp\/v2\/product\/83008","targetHints":{"allow":["GET"]}}],"collection":[{"href":"https:\/\/www.argensend.com\/en\/wp-json\/wp\/v2\/product"}],"about":[{"href":"https:\/\/www.argensend.com\/en\/wp-json\/wp\/v2\/types\/product"}],"replies":[{"embeddable":true,"href":"https:\/\/www.argensend.com\/en\/wp-json\/wp\/v2\/comments?post=83008"}],"version-history":[{"count":2,"href":"https:\/\/www.argensend.com\/en\/wp-json\/wp\/v2\/product\/83008\/revisions"}],"predecessor-version":[{"id":105368,"href":"https:\/\/www.argensend.com\/en\/wp-json\/wp\/v2\/product\/83008\/revisions\/105368"}],"wp:featuredmedia":[{"embeddable":true,"href":"https:\/\/www.argensend.com\/en\/wp-json\/wp\/v2\/media\/83010"}],"wp:attachment":[{"href":"https:\/\/www.argensend.com\/en\/wp-json\/wp\/v2\/media?parent=83008"}],"wp:term":[{"taxonomy":"brand","embeddable":true,"href":"https:\/\/www.argensend.com\/en\/wp-json\/wp\/v2\/etheme_brands?post=83008"},{"taxonomy":"product_brand","embeddable":true,"href":"https:\/\/www.argensend.com\/en\/wp-json\/wp\/v2\/product_brand?post=83008"},{"taxonomy":"product_cat","embeddable":true,"href":"https:\/\/www.argensend.com\/en\/wp-json\/wp\/v2\/product_cat?post=83008"},{"taxonomy":"product_tag","embeddable":true,"href":"https:\/\/www.argensend.com\/en\/wp-json\/wp\/v2\/product_tag?post=83008"}],"curies":[{"name":"wp","href":"https:\/\/api.w.org\/{rel}","templated":true}]}}