{"id":83012,"date":"2023-10-02T10:55:47","date_gmt":"2023-10-02T13:55:47","guid":{"rendered":"https:\/\/www.argensend.com\/?post_type=product&#038;p=83012"},"modified":"2024-12-06T16:39:11","modified_gmt":"2024-12-06T19:39:11","slug":"cher-perfume-diecisiete-x-100-ml","status":"publish","type":"product","link":"https:\/\/www.argensend.com\/en\/product\/cher-perfume-diecisiete-x-100-ml\/","title":{"rendered":"Cher &#8211; Perfume Diecisiete 100ml"},"content":{"rendered":"","protected":false},"excerpt":{"rendered":"<p>Una fragancia c\u00edtrica arom\u00e1tica, fresca y vers\u00e1til. Su salida es c\u00edtrica, personalizada con lim\u00f3n, anan\u00e1 y bergamota. Posee adem\u00e1s, un coraz\u00f3n diferente con la presencia de nuez moscada, combinada con violetas y jazm\u00edn. Su fondo marca una presencia masculina con notas de cedro, almizcle y s\u00e1ndalo. Una fragancia c\u00edtrica arom\u00e1tica, inspirada en Londres, cuna del academicismo y el m\u00e1ximo cr\u00e1ter creativo de occidente.<\/p>\n<p>Notas de salida: lim\u00f3n, bergamota, anan\u00e1<\/p>\n<p>Notas de coraz\u00f3n: jazm\u00edn, nuez moscada, violeta<\/p>\n<p>Notas de fondo: s\u00e1ndalo, \u00e1mbar, almizcle, cedro<\/p>\n<p>Aroma: C\u00edtrica, arom\u00e1tica<\/p>","protected":false},"featured_media":83013,"comment_status":"open","ping_status":"closed","template":"","meta":{"_acf_changed":false,"om_disable_all_campaigns":false,"_monsterinsights_skip_tracking":false,"_monsterinsights_sitenote_active":false,"_monsterinsights_sitenote_note":"","_monsterinsights_sitenote_category":0},"etheme_brands":[],"product_brand":[],"product_cat":[8935,8818],"product_tag":[10053,1159],"class_list":{"0":"post-83012","1":"product","2":"type-product","3":"status-publish","4":"has-post-thumbnail","6":"product_cat-belleza-y-salud","7":"product_cat-perfumeria","8":"product_tag-cher","9":"product_tag-perfume","11":"first","12":"instock","13":"taxable","14":"shipping-taxable","15":"purchasable","16":"product-type-simple"},"acf":[],"aioseo_notices":[],"_links":{"self":[{"href":"https:\/\/www.argensend.com\/en\/wp-json\/wp\/v2\/product\/83012","targetHints":{"allow":["GET"]}}],"collection":[{"href":"https:\/\/www.argensend.com\/en\/wp-json\/wp\/v2\/product"}],"about":[{"href":"https:\/\/www.argensend.com\/en\/wp-json\/wp\/v2\/types\/product"}],"replies":[{"embeddable":true,"href":"https:\/\/www.argensend.com\/en\/wp-json\/wp\/v2\/comments?post=83012"}],"version-history":[{"count":2,"href":"https:\/\/www.argensend.com\/en\/wp-json\/wp\/v2\/product\/83012\/revisions"}],"predecessor-version":[{"id":105369,"href":"https:\/\/www.argensend.com\/en\/wp-json\/wp\/v2\/product\/83012\/revisions\/105369"}],"wp:featuredmedia":[{"embeddable":true,"href":"https:\/\/www.argensend.com\/en\/wp-json\/wp\/v2\/media\/83013"}],"wp:attachment":[{"href":"https:\/\/www.argensend.com\/en\/wp-json\/wp\/v2\/media?parent=83012"}],"wp:term":[{"taxonomy":"brand","embeddable":true,"href":"https:\/\/www.argensend.com\/en\/wp-json\/wp\/v2\/etheme_brands?post=83012"},{"taxonomy":"product_brand","embeddable":true,"href":"https:\/\/www.argensend.com\/en\/wp-json\/wp\/v2\/product_brand?post=83012"},{"taxonomy":"product_cat","embeddable":true,"href":"https:\/\/www.argensend.com\/en\/wp-json\/wp\/v2\/product_cat?post=83012"},{"taxonomy":"product_tag","embeddable":true,"href":"https:\/\/www.argensend.com\/en\/wp-json\/wp\/v2\/product_tag?post=83012"}],"curies":[{"name":"wp","href":"https:\/\/api.w.org\/{rel}","templated":true}]}}