{"id":83018,"date":"2023-10-02T11:03:57","date_gmt":"2023-10-02T14:03:57","guid":{"rendered":"https:\/\/www.argensend.com\/?post_type=product&#038;p=83018"},"modified":"2024-12-06T16:39:11","modified_gmt":"2024-12-06T19:39:11","slug":"cher-perfume-dieciseis-x-100-ml","status":"publish","type":"product","link":"https:\/\/www.argensend.com\/en\/product\/cher-perfume-dieciseis-x-100-ml\/","title":{"rendered":"Cher &#8211; Perfume Diecis\u00e9is 100ml"},"content":{"rendered":"","protected":false},"excerpt":{"rendered":"<p>Su salida combina acordes c\u00edtricos con suaves toques de menta. Un coraz\u00f3n voluminoso de azahar, jazm\u00edn madreselva y el dulzor de la miel. Su fondo es de maderoso de almizcles y s\u00e1ndalo, creando una fragancias \u00fanica y delicada. Cher Diecis\u00e9is es una fragancia floral luminosa inspirada en Par\u00eds, donde el romanticismo y el pop franc\u00e9s se combinan atravesando la moda.<\/p>\n<p>Notas de salida: acordes c\u00edtricos, suaves toques de menta<\/p>\n<p>Notas de coraz\u00f3n: azahar, jazm\u00edn, madreselva, miel<\/p>\n<p>Notas de fondo: almizcles, s\u00e1ndalo<\/p>\n<p>Aroma: Floral, amaderada, luminosa<\/p>","protected":false},"featured_media":83019,"comment_status":"open","ping_status":"closed","template":"","meta":{"_acf_changed":false,"om_disable_all_campaigns":false,"_monsterinsights_skip_tracking":false,"_monsterinsights_sitenote_active":false,"_monsterinsights_sitenote_note":"","_monsterinsights_sitenote_category":0},"etheme_brands":[],"product_brand":[],"product_cat":[8935,8818],"product_tag":[10053,1159],"class_list":{"0":"post-83018","1":"product","2":"type-product","3":"status-publish","4":"has-post-thumbnail","6":"product_cat-belleza-y-salud","7":"product_cat-perfumeria","8":"product_tag-cher","9":"product_tag-perfume","11":"first","12":"instock","13":"taxable","14":"shipping-taxable","15":"purchasable","16":"product-type-simple"},"acf":[],"aioseo_notices":[],"_links":{"self":[{"href":"https:\/\/www.argensend.com\/en\/wp-json\/wp\/v2\/product\/83018","targetHints":{"allow":["GET"]}}],"collection":[{"href":"https:\/\/www.argensend.com\/en\/wp-json\/wp\/v2\/product"}],"about":[{"href":"https:\/\/www.argensend.com\/en\/wp-json\/wp\/v2\/types\/product"}],"replies":[{"embeddable":true,"href":"https:\/\/www.argensend.com\/en\/wp-json\/wp\/v2\/comments?post=83018"}],"version-history":[{"count":2,"href":"https:\/\/www.argensend.com\/en\/wp-json\/wp\/v2\/product\/83018\/revisions"}],"predecessor-version":[{"id":105371,"href":"https:\/\/www.argensend.com\/en\/wp-json\/wp\/v2\/product\/83018\/revisions\/105371"}],"wp:featuredmedia":[{"embeddable":true,"href":"https:\/\/www.argensend.com\/en\/wp-json\/wp\/v2\/media\/83019"}],"wp:attachment":[{"href":"https:\/\/www.argensend.com\/en\/wp-json\/wp\/v2\/media?parent=83018"}],"wp:term":[{"taxonomy":"brand","embeddable":true,"href":"https:\/\/www.argensend.com\/en\/wp-json\/wp\/v2\/etheme_brands?post=83018"},{"taxonomy":"product_brand","embeddable":true,"href":"https:\/\/www.argensend.com\/en\/wp-json\/wp\/v2\/product_brand?post=83018"},{"taxonomy":"product_cat","embeddable":true,"href":"https:\/\/www.argensend.com\/en\/wp-json\/wp\/v2\/product_cat?post=83018"},{"taxonomy":"product_tag","embeddable":true,"href":"https:\/\/www.argensend.com\/en\/wp-json\/wp\/v2\/product_tag?post=83018"}],"curies":[{"name":"wp","href":"https:\/\/api.w.org\/{rel}","templated":true}]}}