{"id":83031,"date":"2023-10-02T11:18:41","date_gmt":"2023-10-02T14:18:41","guid":{"rendered":"https:\/\/www.argensend.com\/?post_type=product&#038;p=83031"},"modified":"2024-12-06T16:39:11","modified_gmt":"2024-12-06T19:39:11","slug":"cher-perfume-onyx-elixir-x-100-ml","status":"publish","type":"product","link":"https:\/\/www.argensend.com\/en\/product\/cher-perfume-onyx-elixir-x-100-ml\/","title":{"rendered":"Cher &#8211; Perfume Onyx Elixir 100ml"},"content":{"rendered":"","protected":false},"excerpt":{"rendered":"<p>Un elixir de seducci\u00f3n absoluta, una sustancia misteriosa y fabulosa con propiedades m\u00e1gicas. Quien la lleve, lograr\u00e1 lo imposible&#8230; Es un n\u00e9ctar explosivo, sensual y voluptuoso que despierta los sentidos y desencadena una atracci\u00f3n irresistible. Cher presenta el primer ELIXIR del mercado argentino con una fragancia intensa, cremosa, incre\u00edblemente sensual y poderosa. Elixir toma las mejores notas de Onyx y las recrea agregando notas picantes, m\u00e1s adictivas, uniendo la tuberosa y el jazm\u00edn, creando un d\u00fao luminoso que encandila.<\/p>\n<p>Notas de Salida:<\/p>\n<p>T\u00e9 de naranja sanguina, rizoma de jengibre.<\/p>\n<p>Notas de Coraz\u00f3n:<\/p>\n<p>Flor de azahar, tuberosa,jazm\u00edn, chile.<\/p>\n<p>Notas de Fondo:<\/p>\n<p>vainilla aterciopelada, Queenwood.<\/p>\n<p>Aroma:<\/p>\n<p>\u00c1mbar floral especiada.<\/p>","protected":false},"featured_media":83033,"comment_status":"open","ping_status":"closed","template":"","meta":{"_acf_changed":false,"om_disable_all_campaigns":false,"_monsterinsights_skip_tracking":false,"_monsterinsights_sitenote_active":false,"_monsterinsights_sitenote_note":"","_monsterinsights_sitenote_category":0},"etheme_brands":[],"product_brand":[],"product_cat":[8935,8818],"product_tag":[10053,1159],"class_list":{"0":"post-83031","1":"product","2":"type-product","3":"status-publish","4":"has-post-thumbnail","6":"product_cat-belleza-y-salud","7":"product_cat-perfumeria","8":"product_tag-cher","9":"product_tag-perfume","11":"first","12":"instock","13":"taxable","14":"shipping-taxable","15":"purchasable","16":"product-type-simple"},"acf":[],"aioseo_notices":[],"_links":{"self":[{"href":"https:\/\/www.argensend.com\/en\/wp-json\/wp\/v2\/product\/83031","targetHints":{"allow":["GET"]}}],"collection":[{"href":"https:\/\/www.argensend.com\/en\/wp-json\/wp\/v2\/product"}],"about":[{"href":"https:\/\/www.argensend.com\/en\/wp-json\/wp\/v2\/types\/product"}],"replies":[{"embeddable":true,"href":"https:\/\/www.argensend.com\/en\/wp-json\/wp\/v2\/comments?post=83031"}],"version-history":[{"count":2,"href":"https:\/\/www.argensend.com\/en\/wp-json\/wp\/v2\/product\/83031\/revisions"}],"predecessor-version":[{"id":105373,"href":"https:\/\/www.argensend.com\/en\/wp-json\/wp\/v2\/product\/83031\/revisions\/105373"}],"wp:featuredmedia":[{"embeddable":true,"href":"https:\/\/www.argensend.com\/en\/wp-json\/wp\/v2\/media\/83033"}],"wp:attachment":[{"href":"https:\/\/www.argensend.com\/en\/wp-json\/wp\/v2\/media?parent=83031"}],"wp:term":[{"taxonomy":"brand","embeddable":true,"href":"https:\/\/www.argensend.com\/en\/wp-json\/wp\/v2\/etheme_brands?post=83031"},{"taxonomy":"product_brand","embeddable":true,"href":"https:\/\/www.argensend.com\/en\/wp-json\/wp\/v2\/product_brand?post=83031"},{"taxonomy":"product_cat","embeddable":true,"href":"https:\/\/www.argensend.com\/en\/wp-json\/wp\/v2\/product_cat?post=83031"},{"taxonomy":"product_tag","embeddable":true,"href":"https:\/\/www.argensend.com\/en\/wp-json\/wp\/v2\/product_tag?post=83031"}],"curies":[{"name":"wp","href":"https:\/\/api.w.org\/{rel}","templated":true}]}}