{"id":83041,"date":"2023-10-02T11:31:30","date_gmt":"2023-10-02T14:31:30","guid":{"rendered":"https:\/\/www.argensend.com\/?post_type=product&#038;p=83041"},"modified":"2024-12-06T16:39:12","modified_gmt":"2024-12-06T19:39:12","slug":"corega-tabletas-limpiadoras-pro-ortodoncia-x-30-unidades","status":"publish","type":"product","link":"https:\/\/www.argensend.com\/en\/product\/corega-tabletas-limpiadoras-pro-ortodoncia-x-30-unidades\/","title":{"rendered":"Corega &#8211; Tabletas Limpiadoras Pro Ortodoncia &#8211; 30 Unidades"},"content":{"rendered":"","protected":false},"excerpt":{"rendered":"<p>Las pastillas limpiadoras diarias antibacterianas Corega han sido desarrolladas con la tecnolog\u00eda Crystal Clear.<\/p>\n<p>Beneficios:<\/p>\n<p>Ayuda a mantener tu aparato dental con el mejor aspecto, cuando se utiliza seg\u00fan las instrucciones. La formulaci\u00f3n del limpiador est\u00e1 dise\u00f1ada para eliminar las manchas, ayudar a recuperar el color original y tambi\u00e9n eliminar las bacterias que causantes del mal olor y virus.<\/p>","protected":false},"featured_media":83043,"comment_status":"open","ping_status":"closed","template":"","meta":{"_acf_changed":false,"om_disable_all_campaigns":false,"_monsterinsights_skip_tracking":false,"_monsterinsights_sitenote_active":false,"_monsterinsights_sitenote_note":"","_monsterinsights_sitenote_category":0},"etheme_brands":[],"product_brand":[],"product_cat":[8935,8819],"product_tag":[10054,10056,10055,9673,807],"class_list":{"0":"post-83041","1":"product","2":"type-product","3":"status-publish","4":"has-post-thumbnail","6":"product_cat-belleza-y-salud","7":"product_cat-farmacia","8":"product_tag-corega","9":"product_tag-dentadura","10":"product_tag-dental","11":"product_tag-higiene","12":"product_tag-salud","14":"first","15":"instock","16":"taxable","17":"shipping-taxable","18":"purchasable","19":"product-type-simple"},"acf":[],"aioseo_notices":[],"_links":{"self":[{"href":"https:\/\/www.argensend.com\/en\/wp-json\/wp\/v2\/product\/83041","targetHints":{"allow":["GET"]}}],"collection":[{"href":"https:\/\/www.argensend.com\/en\/wp-json\/wp\/v2\/product"}],"about":[{"href":"https:\/\/www.argensend.com\/en\/wp-json\/wp\/v2\/types\/product"}],"replies":[{"embeddable":true,"href":"https:\/\/www.argensend.com\/en\/wp-json\/wp\/v2\/comments?post=83041"}],"version-history":[{"count":3,"href":"https:\/\/www.argensend.com\/en\/wp-json\/wp\/v2\/product\/83041\/revisions"}],"predecessor-version":[{"id":105375,"href":"https:\/\/www.argensend.com\/en\/wp-json\/wp\/v2\/product\/83041\/revisions\/105375"}],"wp:featuredmedia":[{"embeddable":true,"href":"https:\/\/www.argensend.com\/en\/wp-json\/wp\/v2\/media\/83043"}],"wp:attachment":[{"href":"https:\/\/www.argensend.com\/en\/wp-json\/wp\/v2\/media?parent=83041"}],"wp:term":[{"taxonomy":"brand","embeddable":true,"href":"https:\/\/www.argensend.com\/en\/wp-json\/wp\/v2\/etheme_brands?post=83041"},{"taxonomy":"product_brand","embeddable":true,"href":"https:\/\/www.argensend.com\/en\/wp-json\/wp\/v2\/product_brand?post=83041"},{"taxonomy":"product_cat","embeddable":true,"href":"https:\/\/www.argensend.com\/en\/wp-json\/wp\/v2\/product_cat?post=83041"},{"taxonomy":"product_tag","embeddable":true,"href":"https:\/\/www.argensend.com\/en\/wp-json\/wp\/v2\/product_tag?post=83041"}],"curies":[{"name":"wp","href":"https:\/\/api.w.org\/{rel}","templated":true}]}}