{"id":8329,"date":"2020-06-01T20:00:21","date_gmt":"2020-06-01T23:00:21","guid":{"rendered":"http:\/\/www.argensend.com\/?post_type=product&#038;p=8329"},"modified":"2025-04-21T14:13:39","modified_gmt":"2025-04-21T17:13:39","slug":"sol-de-acuario-yerba-tradicional-500-gr-traditional-yerba-mate-17-63-oz","status":"publish","type":"product","link":"https:\/\/www.argensend.com\/en\/product\/sol-de-acuario-yerba-tradicional-500-gr-traditional-yerba-mate-17-63-oz\/","title":{"rendered":"Sol de Acuario &#8211; Yerba Tradicional 500gr"},"content":{"rendered":"<p>Disfruta de la aut\u00e9ntica experiencia argentina con la Yerba Mate Org\u00e1nica Sol De Acuario, un producto de alta calidad que te brinda un sabor tradicional y una experiencia \u00fanica en cada mate. Esta yerba mate es org\u00e1nica, lo que significa que se cultiva sin pesticidas ni qu\u00edmicos, garantizando un producto m\u00e1s saludable y respetuoso con el medio ambiente. Adem\u00e1s, es libre de gluten, haci\u00e9ndola apta para personas con celiaqu\u00eda o sensibilidad al gluten.<\/p>\n<p>La yerba mate Sol De Acuario contiene palo, lo que le otorga un sabor suave y equilibrado, ideal para disfrutar a cualquier hora del d\u00eda. Adem\u00e1s, su bajo contenido de polvo te permite disfrutar de un mate m\u00e1s limpio y sin residuos.<\/p>\n<p>No esperes m\u00e1s para deleitarte con el delicioso sabor de la Yerba Mate Org\u00e1nica Sol De Acuario y disfrutar de todos sus beneficios. \u00a1Agrega este producto a tu carrito y vive la tradici\u00f3n argentina en cada mate!<\/p>","protected":false},"excerpt":{"rendered":"<p>Yerba mate org\u00e1nica certificada, sin TACC y producida en forma integralmente org\u00e1nica. Se cosecha manualmente con especial cuidado de las plantas y se seca y estaciona naturalmente. Tiene un exquisito aroma y sabor tradicional.<\/p>","protected":false},"featured_media":8322,"comment_status":"closed","ping_status":"closed","template":"","meta":{"_acf_changed":false,"om_disable_all_campaigns":false,"_monsterinsights_skip_tracking":false,"_monsterinsights_sitenote_active":false,"_monsterinsights_sitenote_note":"","_monsterinsights_sitenote_category":0},"etheme_brands":[],"product_brand":[],"product_cat":[8806,2124],"product_tag":[203,234,224,225,165,6982,228,5003,163],"class_list":{"0":"post-8329","1":"product","2":"type-product","3":"status-publish","4":"has-post-thumbnail","6":"product_cat-sin-alcohol-sin-tacc","7":"product_cat-yerbas","8":"product_tag-argentina","9":"product_tag-argentine","10":"product_tag-argentino","11":"product_tag-infusion","12":"product_tag-mate","13":"product_tag-sol-de-acuario","14":"product_tag-tradicional","15":"product_tag-traditional","16":"product_tag-yerba","18":"first","19":"instock","20":"taxable","21":"shipping-taxable","22":"purchasable","23":"product-type-simple"},"acf":[],"aioseo_notices":[],"_links":{"self":[{"href":"https:\/\/www.argensend.com\/en\/wp-json\/wp\/v2\/product\/8329","targetHints":{"allow":["GET"]}}],"collection":[{"href":"https:\/\/www.argensend.com\/en\/wp-json\/wp\/v2\/product"}],"about":[{"href":"https:\/\/www.argensend.com\/en\/wp-json\/wp\/v2\/types\/product"}],"replies":[{"embeddable":true,"href":"https:\/\/www.argensend.com\/en\/wp-json\/wp\/v2\/comments?post=8329"}],"version-history":[{"count":7,"href":"https:\/\/www.argensend.com\/en\/wp-json\/wp\/v2\/product\/8329\/revisions"}],"predecessor-version":[{"id":116461,"href":"https:\/\/www.argensend.com\/en\/wp-json\/wp\/v2\/product\/8329\/revisions\/116461"}],"wp:featuredmedia":[{"embeddable":true,"href":"https:\/\/www.argensend.com\/en\/wp-json\/wp\/v2\/media\/8322"}],"wp:attachment":[{"href":"https:\/\/www.argensend.com\/en\/wp-json\/wp\/v2\/media?parent=8329"}],"wp:term":[{"taxonomy":"brand","embeddable":true,"href":"https:\/\/www.argensend.com\/en\/wp-json\/wp\/v2\/etheme_brands?post=8329"},{"taxonomy":"product_brand","embeddable":true,"href":"https:\/\/www.argensend.com\/en\/wp-json\/wp\/v2\/product_brand?post=8329"},{"taxonomy":"product_cat","embeddable":true,"href":"https:\/\/www.argensend.com\/en\/wp-json\/wp\/v2\/product_cat?post=8329"},{"taxonomy":"product_tag","embeddable":true,"href":"https:\/\/www.argensend.com\/en\/wp-json\/wp\/v2\/product_tag?post=8329"}],"curies":[{"name":"wp","href":"https:\/\/api.w.org\/{rel}","templated":true}]}}