{"id":8331,"date":"2020-06-01T20:06:08","date_gmt":"2020-06-01T23:06:08","guid":{"rendered":"http:\/\/www.argensend.com\/?post_type=product&#038;p=8331"},"modified":"2025-04-21T14:13:38","modified_gmt":"2025-04-21T17:13:38","slug":"roapipo-yerba-mate-500-gr-yerba-mate-17-63-oz","status":"publish","type":"product","link":"https:\/\/www.argensend.com\/en\/product\/roapipo-yerba-mate-500-gr-yerba-mate-17-63-oz\/","title":{"rendered":"Roapipo &#8211; Yerba Mate 500gr"},"content":{"rendered":"<p>Las yerbas org\u00e1nicas no tienen pesticidas, herbicidas o fungicidas y NO PRODUCEN ACIDEZ. Tampoco tienen saborizantes ni colorantes de ning\u00fan tipo.<\/p>\n<p>SABOR : ROAPIP\u00d3 tiene una intensidad semi fuerte y un sabor fresco, floral, bien silvestre. Si te gustan las yerbas con ese gustito &#8220;amargo&#8221; te va a encantar. En general, despu\u00e9s de una primera impresi\u00f3n todas las yerbas org\u00e1nicas se caracterizan por tener un sabor perdurable y una intensidad media. Sin embargo, a medida que nos vamos familiarizando con las distintas marcas iremos encontrando sutiles matices que las diferencian unas de otras.<\/p>\n<p>&nbsp;<\/p>","protected":false},"excerpt":{"rendered":"<p>Las yerbas org\u00e1nicas no tienen pesticidas, herbicidas o fungicidas y NO PRODUCEN ACIDEZ. Tampoco tienen saborizantes ni colorantes de ning\u00fan tipo. SABOR : ROAPIP\u00d3 tiene&#8230;<\/p>","protected":false},"featured_media":80611,"comment_status":"closed","ping_status":"closed","template":"","meta":{"_acf_changed":false,"om_disable_all_campaigns":false,"_monsterinsights_skip_tracking":false,"_monsterinsights_sitenote_active":false,"_monsterinsights_sitenote_note":"","_monsterinsights_sitenote_category":0},"etheme_brands":[],"product_brand":[],"product_cat":[2124],"product_tag":[203,234,224,225,165,6957,228,163],"class_list":{"0":"post-8331","1":"product","2":"type-product","3":"status-publish","4":"has-post-thumbnail","6":"product_cat-yerbas","7":"product_tag-argentina","8":"product_tag-argentine","9":"product_tag-argentino","10":"product_tag-infusion","11":"product_tag-mate","12":"product_tag-roapipo","13":"product_tag-tradicional","14":"product_tag-yerba","16":"first","17":"instock","18":"taxable","19":"shipping-taxable","20":"purchasable","21":"product-type-simple"},"acf":[],"aioseo_notices":[],"_links":{"self":[{"href":"https:\/\/www.argensend.com\/en\/wp-json\/wp\/v2\/product\/8331","targetHints":{"allow":["GET"]}}],"collection":[{"href":"https:\/\/www.argensend.com\/en\/wp-json\/wp\/v2\/product"}],"about":[{"href":"https:\/\/www.argensend.com\/en\/wp-json\/wp\/v2\/types\/product"}],"replies":[{"embeddable":true,"href":"https:\/\/www.argensend.com\/en\/wp-json\/wp\/v2\/comments?post=8331"}],"version-history":[{"count":2,"href":"https:\/\/www.argensend.com\/en\/wp-json\/wp\/v2\/product\/8331\/revisions"}],"predecessor-version":[{"id":105136,"href":"https:\/\/www.argensend.com\/en\/wp-json\/wp\/v2\/product\/8331\/revisions\/105136"}],"wp:featuredmedia":[{"embeddable":true,"href":"https:\/\/www.argensend.com\/en\/wp-json\/wp\/v2\/media\/80611"}],"wp:attachment":[{"href":"https:\/\/www.argensend.com\/en\/wp-json\/wp\/v2\/media?parent=8331"}],"wp:term":[{"taxonomy":"brand","embeddable":true,"href":"https:\/\/www.argensend.com\/en\/wp-json\/wp\/v2\/etheme_brands?post=8331"},{"taxonomy":"product_brand","embeddable":true,"href":"https:\/\/www.argensend.com\/en\/wp-json\/wp\/v2\/product_brand?post=8331"},{"taxonomy":"product_cat","embeddable":true,"href":"https:\/\/www.argensend.com\/en\/wp-json\/wp\/v2\/product_cat?post=8331"},{"taxonomy":"product_tag","embeddable":true,"href":"https:\/\/www.argensend.com\/en\/wp-json\/wp\/v2\/product_tag?post=8331"}],"curies":[{"name":"wp","href":"https:\/\/api.w.org\/{rel}","templated":true}]}}