{"id":84344,"date":"2023-11-01T11:37:41","date_gmt":"2023-11-01T14:37:41","guid":{"rendered":"https:\/\/www.argensend.com\/?post_type=product&#038;p=84344"},"modified":"2025-04-22T17:59:08","modified_gmt":"2025-04-22T20:59:08","slug":"bagley-budin-con-cascara-de-limon-215gr","status":"publish","type":"product","link":"https:\/\/www.argensend.com\/en\/product\/bagley-budin-con-cascara-de-limon-215gr\/","title":{"rendered":"Bagley &#8211; Bud\u00edn con C\u00e1scara de Lim\u00f3n 215gr"},"content":{"rendered":"","protected":false},"excerpt":{"rendered":"","protected":false},"featured_media":96084,"comment_status":"closed","ping_status":"closed","template":"","meta":{"_acf_changed":false,"om_disable_all_campaigns":false,"_monsterinsights_skip_tracking":false,"_monsterinsights_sitenote_active":false,"_monsterinsights_sitenote_note":"","_monsterinsights_sitenote_category":0},"etheme_brands":[],"product_brand":[],"product_cat":[2165,8795],"product_tag":[1335,1897,67,4315,674,4378,675,4349,648,3908,4362,10631],"class_list":{"0":"post-84344","1":"product","2":"type-product","3":"status-publish","4":"has-post-thumbnail","6":"product_cat-navidad","7":"product_cat-panes","8":"product_tag-bagley","9":"product_tag-budin","10":"product_tag-dulce","11":"product_tag-felices","12":"product_tag-fiestas","13":"product_tag-fruta","14":"product_tag-navidad","15":"product_tag-noel","16":"product_tag-pan","17":"product_tag-pan-dulce","18":"product_tag-papa","19":"product_tag-xmass24","20":"pa_unidades-1-unidad","21":"pa_unidades-12-unidades","22":"pa_unidades-3-unidades","23":"pa_unidades-6-unidades","25":"first","26":"outofstock","27":"taxable","28":"shipping-taxable","29":"purchasable","30":"product-type-variable"},"acf":[],"aioseo_notices":[],"_links":{"self":[{"href":"https:\/\/www.argensend.com\/en\/wp-json\/wp\/v2\/product\/84344","targetHints":{"allow":["GET"]}}],"collection":[{"href":"https:\/\/www.argensend.com\/en\/wp-json\/wp\/v2\/product"}],"about":[{"href":"https:\/\/www.argensend.com\/en\/wp-json\/wp\/v2\/types\/product"}],"replies":[{"embeddable":true,"href":"https:\/\/www.argensend.com\/en\/wp-json\/wp\/v2\/comments?post=84344"}],"version-history":[{"count":3,"href":"https:\/\/www.argensend.com\/en\/wp-json\/wp\/v2\/product\/84344\/revisions"}],"predecessor-version":[{"id":98577,"href":"https:\/\/www.argensend.com\/en\/wp-json\/wp\/v2\/product\/84344\/revisions\/98577"}],"wp:featuredmedia":[{"embeddable":true,"href":"https:\/\/www.argensend.com\/en\/wp-json\/wp\/v2\/media\/96084"}],"wp:attachment":[{"href":"https:\/\/www.argensend.com\/en\/wp-json\/wp\/v2\/media?parent=84344"}],"wp:term":[{"taxonomy":"brand","embeddable":true,"href":"https:\/\/www.argensend.com\/en\/wp-json\/wp\/v2\/etheme_brands?post=84344"},{"taxonomy":"product_brand","embeddable":true,"href":"https:\/\/www.argensend.com\/en\/wp-json\/wp\/v2\/product_brand?post=84344"},{"taxonomy":"product_cat","embeddable":true,"href":"https:\/\/www.argensend.com\/en\/wp-json\/wp\/v2\/product_cat?post=84344"},{"taxonomy":"product_tag","embeddable":true,"href":"https:\/\/www.argensend.com\/en\/wp-json\/wp\/v2\/product_tag?post=84344"}],"curies":[{"name":"wp","href":"https:\/\/api.w.org\/{rel}","templated":true}]}}