{"id":84882,"date":"2023-11-07T16:04:33","date_gmt":"2023-11-07T19:04:33","guid":{"rendered":"https:\/\/www.argensend.com\/?post_type=product&#038;p=84882"},"modified":"2024-12-06T16:39:52","modified_gmt":"2024-12-06T19:39:52","slug":"natura-humor-estelar-75-ml","status":"publish","type":"product","link":"https:\/\/www.argensend.com\/en\/product\/natura-humor-estelar-75-ml\/","title":{"rendered":"Natura &#8211; Humor Estelar 75ml"},"content":{"rendered":"","protected":false},"excerpt":{"rendered":"<p>Amaderado frutal. Moderado, S\u00e1ndalo, Pimienta negra, Nuez moscada, Carambola, Priprioca.<\/p>\n<p>El humor es una mirada positiva a la vida, capaz de conectar a las personas, contagiar el entorno y transformar las relaciones. El sentido del humor es una cuesti\u00f3n de actitud ante la vida. Todo el mundo necesita humor, este es el ant\u00eddoto para vivir m\u00e1s y mejor.<\/p>","protected":false},"featured_media":84884,"comment_status":"closed","ping_status":"closed","template":"","meta":{"_acf_changed":false,"om_disable_all_campaigns":false,"_monsterinsights_skip_tracking":false,"_monsterinsights_sitenote_active":false,"_monsterinsights_sitenote_note":"","_monsterinsights_sitenote_category":0},"etheme_brands":[],"product_brand":[],"product_cat":[8818],"product_tag":[203,234,224,1855,1612,9648,2014,9155,4007,183,3672,449,1159,652,651,8859],"class_list":{"0":"post-84882","1":"product","2":"type-product","3":"status-publish","4":"has-post-thumbnail","6":"product_cat-perfumeria","7":"product_tag-argentina","8":"product_tag-argentine","9":"product_tag-argentino","10":"product_tag-bano","11":"product_tag-belleza","12":"product_tag-caballero","13":"product_tag-colonia","14":"product_tag-ekos","15":"product_tag-hogar","16":"product_tag-hombre","17":"product_tag-men","18":"product_tag-natura","19":"product_tag-perfume","20":"product_tag-vegan","21":"product_tag-vegano","22":"product_tag-veggie","24":"first","25":"instock","26":"taxable","27":"shipping-taxable","28":"purchasable","29":"product-type-simple"},"acf":[],"aioseo_notices":[],"_links":{"self":[{"href":"https:\/\/www.argensend.com\/en\/wp-json\/wp\/v2\/product\/84882","targetHints":{"allow":["GET"]}}],"collection":[{"href":"https:\/\/www.argensend.com\/en\/wp-json\/wp\/v2\/product"}],"about":[{"href":"https:\/\/www.argensend.com\/en\/wp-json\/wp\/v2\/types\/product"}],"replies":[{"embeddable":true,"href":"https:\/\/www.argensend.com\/en\/wp-json\/wp\/v2\/comments?post=84882"}],"version-history":[{"count":2,"href":"https:\/\/www.argensend.com\/en\/wp-json\/wp\/v2\/product\/84882\/revisions"}],"predecessor-version":[{"id":105498,"href":"https:\/\/www.argensend.com\/en\/wp-json\/wp\/v2\/product\/84882\/revisions\/105498"}],"wp:featuredmedia":[{"embeddable":true,"href":"https:\/\/www.argensend.com\/en\/wp-json\/wp\/v2\/media\/84884"}],"wp:attachment":[{"href":"https:\/\/www.argensend.com\/en\/wp-json\/wp\/v2\/media?parent=84882"}],"wp:term":[{"taxonomy":"brand","embeddable":true,"href":"https:\/\/www.argensend.com\/en\/wp-json\/wp\/v2\/etheme_brands?post=84882"},{"taxonomy":"product_brand","embeddable":true,"href":"https:\/\/www.argensend.com\/en\/wp-json\/wp\/v2\/product_brand?post=84882"},{"taxonomy":"product_cat","embeddable":true,"href":"https:\/\/www.argensend.com\/en\/wp-json\/wp\/v2\/product_cat?post=84882"},{"taxonomy":"product_tag","embeddable":true,"href":"https:\/\/www.argensend.com\/en\/wp-json\/wp\/v2\/product_tag?post=84882"}],"curies":[{"name":"wp","href":"https:\/\/api.w.org\/{rel}","templated":true}]}}