{"id":85007,"date":"2023-11-08T12:25:00","date_gmt":"2023-11-08T15:25:00","guid":{"rendered":"https:\/\/www.argensend.com\/?post_type=product&#038;p=85007"},"modified":"2024-12-06T16:39:59","modified_gmt":"2024-12-06T19:39:59","slug":"hdp-juego-de-cartas-hasta-donde-puedas-2","status":"publish","type":"product","link":"https:\/\/www.argensend.com\/en\/product\/hdp-juego-de-cartas-hasta-donde-puedas-2\/","title":{"rendered":"HDP &#8211; Hasta Donde Puedas 2 &#8211; Bur\u00f3"},"content":{"rendered":"","protected":false},"excerpt":{"rendered":"<p>HDP es el juego que va a responder a la pregunta: \u00bfCu\u00e1l es el m\u00e1s zarpado entre todos tus amigos? Un jugador (el HDP) lee una carta de pregunta (negra) y los dem\u00e1s responden con una de las cartas de su mano (blanca). La respuesta que le resulte m\u00e1s graciosa o zarpada al HDP, gana un punto para el que la jug\u00f3. Un juego de humor absurdo, negro, sutil, disparatado y, por qu\u00e9 no, bien HDP. \u00a1Ideal para jugar en previas! (Solo para mayores de 18 a\u00f1os).<\/p>","protected":false},"featured_media":85008,"comment_status":"closed","ping_status":"closed","template":"","meta":{"_acf_changed":false,"om_disable_all_campaigns":false,"_monsterinsights_skip_tracking":false,"_monsterinsights_sitenote_active":false,"_monsterinsights_sitenote_note":"","_monsterinsights_sitenote_category":0,"jetpack_post_was_ever_published":false},"etheme_brands":[],"product_brand":[],"product_cat":[2237],"product_tag":[],"class_list":{"0":"post-85007","1":"product","2":"type-product","3":"status-publish","4":"has-post-thumbnail","6":"product_cat-juegos-cartas","8":"first","9":"instock","10":"taxable","11":"shipping-taxable","12":"purchasable","13":"product-type-simple"},"acf":[],"aioseo_notices":[],"jetpack_sharing_enabled":true,"_links":{"self":[{"href":"https:\/\/www.argensend.com\/en\/wp-json\/wp\/v2\/product\/85007","targetHints":{"allow":["GET"]}}],"collection":[{"href":"https:\/\/www.argensend.com\/en\/wp-json\/wp\/v2\/product"}],"about":[{"href":"https:\/\/www.argensend.com\/en\/wp-json\/wp\/v2\/types\/product"}],"replies":[{"embeddable":true,"href":"https:\/\/www.argensend.com\/en\/wp-json\/wp\/v2\/comments?post=85007"}],"version-history":[{"count":2,"href":"https:\/\/www.argensend.com\/en\/wp-json\/wp\/v2\/product\/85007\/revisions"}],"predecessor-version":[{"id":115703,"href":"https:\/\/www.argensend.com\/en\/wp-json\/wp\/v2\/product\/85007\/revisions\/115703"}],"wp:featuredmedia":[{"embeddable":true,"href":"https:\/\/www.argensend.com\/en\/wp-json\/wp\/v2\/media\/85008"}],"wp:attachment":[{"href":"https:\/\/www.argensend.com\/en\/wp-json\/wp\/v2\/media?parent=85007"}],"wp:term":[{"taxonomy":"brand","embeddable":true,"href":"https:\/\/www.argensend.com\/en\/wp-json\/wp\/v2\/etheme_brands?post=85007"},{"taxonomy":"product_brand","embeddable":true,"href":"https:\/\/www.argensend.com\/en\/wp-json\/wp\/v2\/product_brand?post=85007"},{"taxonomy":"product_cat","embeddable":true,"href":"https:\/\/www.argensend.com\/en\/wp-json\/wp\/v2\/product_cat?post=85007"},{"taxonomy":"product_tag","embeddable":true,"href":"https:\/\/www.argensend.com\/en\/wp-json\/wp\/v2\/product_tag?post=85007"}],"curies":[{"name":"wp","href":"https:\/\/api.w.org\/{rel}","templated":true}]}}