{"id":85027,"date":"2023-11-08T12:52:21","date_gmt":"2023-11-08T15:52:21","guid":{"rendered":"https:\/\/www.argensend.com\/?post_type=product&#038;p=85027"},"modified":"2024-12-06T16:39:59","modified_gmt":"2024-12-06T19:39:59","slug":"amigos-de-mierda-1-juegos-de-cartas-buro","status":"publish","type":"product","link":"https:\/\/www.argensend.com\/en\/product\/amigos-de-mierda-1-juegos-de-cartas-buro\/","title":{"rendered":"Amigos de Mierda 1 &#8211; Bur\u00f3"},"content":{"rendered":"","protected":false},"excerpt":{"rendered":"<p>En Amigos de Mierda va a ganar el peor de ustedes \u00a1Pero lo van a se\u00f1alar los dem\u00e1s! En cada ronda las cartas te van a preguntar, por ejemplo: En un apocalipsis zombie \u00bfcu\u00e1l de tus amigos ser\u00eda el primero en morir? y a la cuenta de 3 todos deben se\u00f1alar a alguien, el que tenga m\u00e1s votos se queda con la tarjeta. Con 5 tarjetas&#8230; &#8220;gan\u00e1s&#8221;. Amigos de Mierda es el juego ideal para perder viejos amigos o quedar para el ojete con completos desconocidos.<\/p>","protected":false},"featured_media":85028,"comment_status":"closed","ping_status":"closed","template":"","meta":{"_acf_changed":false,"om_disable_all_campaigns":false,"_monsterinsights_skip_tracking":false,"_monsterinsights_sitenote_active":false,"_monsterinsights_sitenote_note":"","_monsterinsights_sitenote_category":0,"jetpack_post_was_ever_published":false},"etheme_brands":[],"product_brand":[],"product_cat":[2237],"product_tag":[10631],"class_list":{"0":"post-85027","1":"product","2":"type-product","3":"status-publish","4":"has-post-thumbnail","6":"product_cat-juegos-cartas","7":"product_tag-xmass24","9":"first","10":"instock","11":"sale","12":"taxable","13":"shipping-taxable","14":"purchasable","15":"product-type-simple"},"acf":[],"aioseo_notices":[],"jetpack_sharing_enabled":true,"_links":{"self":[{"href":"https:\/\/www.argensend.com\/en\/wp-json\/wp\/v2\/product\/85027","targetHints":{"allow":["GET"]}}],"collection":[{"href":"https:\/\/www.argensend.com\/en\/wp-json\/wp\/v2\/product"}],"about":[{"href":"https:\/\/www.argensend.com\/en\/wp-json\/wp\/v2\/types\/product"}],"replies":[{"embeddable":true,"href":"https:\/\/www.argensend.com\/en\/wp-json\/wp\/v2\/comments?post=85027"}],"version-history":[{"count":3,"href":"https:\/\/www.argensend.com\/en\/wp-json\/wp\/v2\/product\/85027\/revisions"}],"predecessor-version":[{"id":115637,"href":"https:\/\/www.argensend.com\/en\/wp-json\/wp\/v2\/product\/85027\/revisions\/115637"}],"wp:featuredmedia":[{"embeddable":true,"href":"https:\/\/www.argensend.com\/en\/wp-json\/wp\/v2\/media\/85028"}],"wp:attachment":[{"href":"https:\/\/www.argensend.com\/en\/wp-json\/wp\/v2\/media?parent=85027"}],"wp:term":[{"taxonomy":"brand","embeddable":true,"href":"https:\/\/www.argensend.com\/en\/wp-json\/wp\/v2\/etheme_brands?post=85027"},{"taxonomy":"product_brand","embeddable":true,"href":"https:\/\/www.argensend.com\/en\/wp-json\/wp\/v2\/product_brand?post=85027"},{"taxonomy":"product_cat","embeddable":true,"href":"https:\/\/www.argensend.com\/en\/wp-json\/wp\/v2\/product_cat?post=85027"},{"taxonomy":"product_tag","embeddable":true,"href":"https:\/\/www.argensend.com\/en\/wp-json\/wp\/v2\/product_tag?post=85027"}],"curies":[{"name":"wp","href":"https:\/\/api.w.org\/{rel}","templated":true}]}}