{"id":85070,"date":"2023-11-08T13:51:07","date_gmt":"2023-11-08T16:51:07","guid":{"rendered":"https:\/\/www.argensend.com\/?post_type=product&#038;p=85070"},"modified":"2024-12-06T16:40:01","modified_gmt":"2024-12-06T19:40:01","slug":"natura-essencial-exclusivo-eau-de-parfum-femenino-100ml","status":"publish","type":"product","link":"https:\/\/www.argensend.com\/en\/product\/natura-essencial-exclusivo-eau-de-parfum-femenino-100ml\/","title":{"rendered":"Natura &#8211; Essencial Oud Eau de Parfum &#8211; Hombre &#8211; 100 Ml"},"content":{"rendered":"","protected":false},"excerpt":{"rendered":"<p>Sum\u00e9rgete en la sofisticaci\u00f3n y elegancia con Natura Essencial Oud Deo Parfum para hombre. Este perfume amaderado intenso de 100 ml es perfecto para aquellos que buscan una fragancia \u00fanica y duradera. Las notas de salida de azafr\u00e1n, bergamota, cardamomo y resina de elem\u00ed se combinan armoniosamente con las notas de coraz\u00f3n de b\u00e1lsamo gurjum, canela de Madagascar, cypriol, geranio y pralin\u00e9, creando una experiencia olfativa inolvidable. Las notas de fondo de almizcle, \u00e1mbar, ambrocenide, b\u00e1lsamo de abeto, cashmere, cedro, copaiba, madera de agar, pachuli y s\u00e1ndalo aportan profundidad y calidez a esta fragancia masculina. Ideal para cualquier ocasi\u00f3n, Natura Essencial Oud Deo Parfum te har\u00e1 sentir seguro y atractivo en todo momento. No esperes m\u00e1s para disfrutar de esta exquisita creaci\u00f3n de la l\u00ednea Essencial de Natura.<\/p>","protected":false},"featured_media":117881,"comment_status":"closed","ping_status":"closed","template":"","meta":{"_acf_changed":false,"om_disable_all_campaigns":false,"_monsterinsights_skip_tracking":false,"_monsterinsights_sitenote_active":false,"_monsterinsights_sitenote_note":"","_monsterinsights_sitenote_category":0},"etheme_brands":[],"product_brand":[],"product_cat":[8818],"product_tag":[9156,203,234,224,1855,1612,873,7032,9155,4007,4387,199,449,1159,652,651,8859],"class_list":{"0":"post-85070","1":"product","2":"type-product","3":"status-publish","4":"has-post-thumbnail","6":"product_cat-perfumeria","7":"product_tag-9156","8":"product_tag-argentina","9":"product_tag-argentine","10":"product_tag-argentino","11":"product_tag-bano","12":"product_tag-belleza","13":"product_tag-dama","14":"product_tag-drama","15":"product_tag-ekos","16":"product_tag-hogar","17":"product_tag-maracuya","18":"product_tag-mujer","19":"product_tag-natura","20":"product_tag-perfume","21":"product_tag-vegan","22":"product_tag-vegano","23":"product_tag-veggie","25":"first","26":"instock","27":"taxable","28":"shipping-taxable","29":"purchasable","30":"product-type-simple"},"acf":[],"aioseo_notices":[],"_links":{"self":[{"href":"https:\/\/www.argensend.com\/en\/wp-json\/wp\/v2\/product\/85070","targetHints":{"allow":["GET"]}}],"collection":[{"href":"https:\/\/www.argensend.com\/en\/wp-json\/wp\/v2\/product"}],"about":[{"href":"https:\/\/www.argensend.com\/en\/wp-json\/wp\/v2\/types\/product"}],"replies":[{"embeddable":true,"href":"https:\/\/www.argensend.com\/en\/wp-json\/wp\/v2\/comments?post=85070"}],"version-history":[{"count":2,"href":"https:\/\/www.argensend.com\/en\/wp-json\/wp\/v2\/product\/85070\/revisions"}],"predecessor-version":[{"id":117884,"href":"https:\/\/www.argensend.com\/en\/wp-json\/wp\/v2\/product\/85070\/revisions\/117884"}],"wp:featuredmedia":[{"embeddable":true,"href":"https:\/\/www.argensend.com\/en\/wp-json\/wp\/v2\/media\/117881"}],"wp:attachment":[{"href":"https:\/\/www.argensend.com\/en\/wp-json\/wp\/v2\/media?parent=85070"}],"wp:term":[{"taxonomy":"brand","embeddable":true,"href":"https:\/\/www.argensend.com\/en\/wp-json\/wp\/v2\/etheme_brands?post=85070"},{"taxonomy":"product_brand","embeddable":true,"href":"https:\/\/www.argensend.com\/en\/wp-json\/wp\/v2\/product_brand?post=85070"},{"taxonomy":"product_cat","embeddable":true,"href":"https:\/\/www.argensend.com\/en\/wp-json\/wp\/v2\/product_cat?post=85070"},{"taxonomy":"product_tag","embeddable":true,"href":"https:\/\/www.argensend.com\/en\/wp-json\/wp\/v2\/product_tag?post=85070"}],"curies":[{"name":"wp","href":"https:\/\/api.w.org\/{rel}","templated":true}]}}