{"id":85145,"date":"2023-11-09T10:08:33","date_gmt":"2023-11-09T13:08:33","guid":{"rendered":"https:\/\/www.argensend.com\/?post_type=product&#038;p=85145"},"modified":"2024-12-06T16:40:06","modified_gmt":"2024-12-06T19:40:06","slug":"juego-de-mesa-didactico-cubi-primeras-letras-de-nupro","status":"publish","type":"product","link":"https:\/\/www.argensend.com\/en\/product\/juego-de-mesa-didactico-cubi-primeras-letras-de-nupro\/","title":{"rendered":"Did\u00e1ctico Cubi Primeras Letras &#8211; Nupro"},"content":{"rendered":"","protected":false},"excerpt":{"rendered":"<p>En este juego los dise\u00f1os, colores y dibujos fueron concebidos para facilitar una agradable y \u00fatil comprensi\u00f3n de sus contenidos, con los que los ni\u00f1os podr\u00e1n poner en pr\u00e1ctica sus conocimientos preescolares y sus ganas de divertirse.<\/p>","protected":false},"featured_media":85146,"comment_status":"closed","ping_status":"closed","template":"","meta":{"_acf_changed":false,"om_disable_all_campaigns":false,"_monsterinsights_skip_tracking":false,"_monsterinsights_sitenote_active":false,"_monsterinsights_sitenote_note":"","_monsterinsights_sitenote_category":0},"etheme_brands":[],"product_brand":[],"product_cat":[2202],"product_tag":[],"class_list":{"0":"post-85145","1":"product","2":"type-product","3":"status-publish","4":"has-post-thumbnail","6":"product_cat-juegos-ninos","8":"first","9":"instock","10":"taxable","11":"shipping-taxable","12":"purchasable","13":"product-type-simple"},"acf":[],"aioseo_notices":[],"_links":{"self":[{"href":"https:\/\/www.argensend.com\/en\/wp-json\/wp\/v2\/product\/85145","targetHints":{"allow":["GET"]}}],"collection":[{"href":"https:\/\/www.argensend.com\/en\/wp-json\/wp\/v2\/product"}],"about":[{"href":"https:\/\/www.argensend.com\/en\/wp-json\/wp\/v2\/types\/product"}],"replies":[{"embeddable":true,"href":"https:\/\/www.argensend.com\/en\/wp-json\/wp\/v2\/comments?post=85145"}],"version-history":[{"count":3,"href":"https:\/\/www.argensend.com\/en\/wp-json\/wp\/v2\/product\/85145\/revisions"}],"predecessor-version":[{"id":115688,"href":"https:\/\/www.argensend.com\/en\/wp-json\/wp\/v2\/product\/85145\/revisions\/115688"}],"wp:featuredmedia":[{"embeddable":true,"href":"https:\/\/www.argensend.com\/en\/wp-json\/wp\/v2\/media\/85146"}],"wp:attachment":[{"href":"https:\/\/www.argensend.com\/en\/wp-json\/wp\/v2\/media?parent=85145"}],"wp:term":[{"taxonomy":"brand","embeddable":true,"href":"https:\/\/www.argensend.com\/en\/wp-json\/wp\/v2\/etheme_brands?post=85145"},{"taxonomy":"product_brand","embeddable":true,"href":"https:\/\/www.argensend.com\/en\/wp-json\/wp\/v2\/product_brand?post=85145"},{"taxonomy":"product_cat","embeddable":true,"href":"https:\/\/www.argensend.com\/en\/wp-json\/wp\/v2\/product_cat?post=85145"},{"taxonomy":"product_tag","embeddable":true,"href":"https:\/\/www.argensend.com\/en\/wp-json\/wp\/v2\/product_tag?post=85145"}],"curies":[{"name":"wp","href":"https:\/\/api.w.org\/{rel}","templated":true}]}}