{"id":85187,"date":"2023-11-09T14:27:15","date_gmt":"2023-11-09T17:27:15","guid":{"rendered":"https:\/\/www.argensend.com\/?post_type=product&#038;p=85187"},"modified":"2024-12-06T16:40:07","modified_gmt":"2024-12-06T19:40:07","slug":"juego-de-cartas-digalo-con-memes-expansion-2","status":"publish","type":"product","link":"https:\/\/www.argensend.com\/en\/product\/juego-de-cartas-digalo-con-memes-expansion-2\/","title":{"rendered":"D\u00edgalo con Memes Expansion #2"},"content":{"rendered":"","protected":false},"excerpt":{"rendered":"<p>Combin\u00e1 memes con frases y re\u00edte toda la noche. D\u00edgalo con memes incluye 240 cartas de situaci\u00f3n y 80 cartas de imagen.<\/p>","protected":false},"featured_media":85188,"comment_status":"closed","ping_status":"closed","template":"","meta":{"_acf_changed":false,"om_disable_all_campaigns":false,"_monsterinsights_skip_tracking":false,"_monsterinsights_sitenote_active":false,"_monsterinsights_sitenote_note":"","_monsterinsights_sitenote_category":0},"etheme_brands":[],"product_brand":[],"product_cat":[2237],"product_tag":[],"class_list":{"0":"post-85187","1":"product","2":"type-product","3":"status-publish","4":"has-post-thumbnail","6":"product_cat-juegos-cartas","8":"first","9":"instock","10":"taxable","11":"shipping-taxable","12":"purchasable","13":"product-type-simple"},"acf":[],"aioseo_notices":[],"_links":{"self":[{"href":"https:\/\/www.argensend.com\/en\/wp-json\/wp\/v2\/product\/85187","targetHints":{"allow":["GET"]}}],"collection":[{"href":"https:\/\/www.argensend.com\/en\/wp-json\/wp\/v2\/product"}],"about":[{"href":"https:\/\/www.argensend.com\/en\/wp-json\/wp\/v2\/types\/product"}],"replies":[{"embeddable":true,"href":"https:\/\/www.argensend.com\/en\/wp-json\/wp\/v2\/comments?post=85187"}],"version-history":[{"count":3,"href":"https:\/\/www.argensend.com\/en\/wp-json\/wp\/v2\/product\/85187\/revisions"}],"predecessor-version":[{"id":115692,"href":"https:\/\/www.argensend.com\/en\/wp-json\/wp\/v2\/product\/85187\/revisions\/115692"}],"wp:featuredmedia":[{"embeddable":true,"href":"https:\/\/www.argensend.com\/en\/wp-json\/wp\/v2\/media\/85188"}],"wp:attachment":[{"href":"https:\/\/www.argensend.com\/en\/wp-json\/wp\/v2\/media?parent=85187"}],"wp:term":[{"taxonomy":"brand","embeddable":true,"href":"https:\/\/www.argensend.com\/en\/wp-json\/wp\/v2\/etheme_brands?post=85187"},{"taxonomy":"product_brand","embeddable":true,"href":"https:\/\/www.argensend.com\/en\/wp-json\/wp\/v2\/product_brand?post=85187"},{"taxonomy":"product_cat","embeddable":true,"href":"https:\/\/www.argensend.com\/en\/wp-json\/wp\/v2\/product_cat?post=85187"},{"taxonomy":"product_tag","embeddable":true,"href":"https:\/\/www.argensend.com\/en\/wp-json\/wp\/v2\/product_tag?post=85187"}],"curies":[{"name":"wp","href":"https:\/\/api.w.org\/{rel}","templated":true}]}}