{"id":85190,"date":"2023-11-09T14:29:51","date_gmt":"2023-11-09T17:29:51","guid":{"rendered":"https:\/\/www.argensend.com\/?post_type=product&#038;p=85190"},"modified":"2024-12-06T16:40:07","modified_gmt":"2024-12-06T19:40:07","slug":"combo-digalo-con-memes-juego-de-mesa-cartas-4-expansiones","status":"publish","type":"product","link":"https:\/\/www.argensend.com\/en\/product\/combo-digalo-con-memes-juego-de-mesa-cartas-4-expansiones\/","title":{"rendered":"Digalo con Memes  Cartas + 4 Expansiones en Combo"},"content":{"rendered":"","protected":false},"excerpt":{"rendered":"<p>Combo: Digalo con memes + 4 expanciones \u00bfQu\u00e9 mejor plan para una tarde de lluvia que un juego de mesa? Con el D\u00edgalo con memes y sus expansiones vas a crear divertidos recuerdos y pasar momentos inolvidables junto a tus amigos y amigas. Con este pasatiempo entretenido las risas est\u00e1n aseguradas. Combina memes con frases y reite toda la noche. Ideal para jugar con amigos mezclando Cartas de situaci\u00f3n y Cartas de imagen que te dan un sinf\u00edn de diversi\u00f3n tanto por si solas como combin\u00e1ndolas con el cl\u00e1sico Digalo Con Memes! Este combo incluye, el juego base y cuatro expansiones.<\/p>","protected":false},"featured_media":85191,"comment_status":"closed","ping_status":"closed","template":"","meta":{"_acf_changed":false,"om_disable_all_campaigns":false,"_monsterinsights_skip_tracking":false,"_monsterinsights_sitenote_active":false,"_monsterinsights_sitenote_note":"","_monsterinsights_sitenote_category":0},"etheme_brands":[],"product_brand":[],"product_cat":[2237],"product_tag":[10631],"class_list":{"0":"post-85190","1":"product","2":"type-product","3":"status-publish","4":"has-post-thumbnail","6":"product_cat-juegos-cartas","7":"product_tag-xmass24","9":"first","10":"instock","11":"taxable","12":"shipping-taxable","13":"purchasable","14":"product-type-simple"},"acf":[],"aioseo_notices":[],"_links":{"self":[{"href":"https:\/\/www.argensend.com\/en\/wp-json\/wp\/v2\/product\/85190","targetHints":{"allow":["GET"]}}],"collection":[{"href":"https:\/\/www.argensend.com\/en\/wp-json\/wp\/v2\/product"}],"about":[{"href":"https:\/\/www.argensend.com\/en\/wp-json\/wp\/v2\/types\/product"}],"replies":[{"embeddable":true,"href":"https:\/\/www.argensend.com\/en\/wp-json\/wp\/v2\/comments?post=85190"}],"version-history":[{"count":3,"href":"https:\/\/www.argensend.com\/en\/wp-json\/wp\/v2\/product\/85190\/revisions"}],"predecessor-version":[{"id":115690,"href":"https:\/\/www.argensend.com\/en\/wp-json\/wp\/v2\/product\/85190\/revisions\/115690"}],"wp:featuredmedia":[{"embeddable":true,"href":"https:\/\/www.argensend.com\/en\/wp-json\/wp\/v2\/media\/85191"}],"wp:attachment":[{"href":"https:\/\/www.argensend.com\/en\/wp-json\/wp\/v2\/media?parent=85190"}],"wp:term":[{"taxonomy":"brand","embeddable":true,"href":"https:\/\/www.argensend.com\/en\/wp-json\/wp\/v2\/etheme_brands?post=85190"},{"taxonomy":"product_brand","embeddable":true,"href":"https:\/\/www.argensend.com\/en\/wp-json\/wp\/v2\/product_brand?post=85190"},{"taxonomy":"product_cat","embeddable":true,"href":"https:\/\/www.argensend.com\/en\/wp-json\/wp\/v2\/product_cat?post=85190"},{"taxonomy":"product_tag","embeddable":true,"href":"https:\/\/www.argensend.com\/en\/wp-json\/wp\/v2\/product_tag?post=85190"}],"curies":[{"name":"wp","href":"https:\/\/api.w.org\/{rel}","templated":true}]}}