{"id":85196,"date":"2023-11-09T14:37:32","date_gmt":"2023-11-09T17:37:32","guid":{"rendered":"https:\/\/www.argensend.com\/?post_type=product&#038;p=85196"},"modified":"2024-12-06T16:40:07","modified_gmt":"2024-12-06T19:40:07","slug":"juego-de-cartas-con-eso-no-se-jode-2","status":"publish","type":"product","link":"https:\/\/www.argensend.com\/en\/product\/juego-de-cartas-con-eso-no-se-jode-2\/","title":{"rendered":"Con Eso No Se Jode 2 Doble Morbo"},"content":{"rendered":"","protected":false},"excerpt":{"rendered":"<p>Temas con los que jode: Alzheimer, enanismo, discapacidades motrices, muerte de seres queridos, violencia racial, retrasos mentales, mortalidad infantil, abortos, violaciones, enfermedades de transmisi\u00f3n sexual, desnutrici\u00f3n, coprofagia, necrofilia, varios tipos de c\u00e1ncer, leucemia, famosos muertos, canibalismo, hemorroides, epilepsia, narcolepsia, Parkinson, deformidades en general, tragedias naturales, atentados, pedofilia y Stephen Hawking.<\/p>","protected":false},"featured_media":85197,"comment_status":"closed","ping_status":"closed","template":"","meta":{"_acf_changed":false,"om_disable_all_campaigns":false,"_monsterinsights_skip_tracking":false,"_monsterinsights_sitenote_active":false,"_monsterinsights_sitenote_note":"","_monsterinsights_sitenote_category":0},"etheme_brands":[],"product_brand":[],"product_cat":[2237],"product_tag":[],"class_list":{"0":"post-85196","1":"product","2":"type-product","3":"status-publish","4":"has-post-thumbnail","6":"product_cat-juegos-cartas","8":"first","9":"instock","10":"taxable","11":"shipping-taxable","12":"purchasable","13":"product-type-simple"},"acf":[],"aioseo_notices":[],"_links":{"self":[{"href":"https:\/\/www.argensend.com\/en\/wp-json\/wp\/v2\/product\/85196","targetHints":{"allow":["GET"]}}],"collection":[{"href":"https:\/\/www.argensend.com\/en\/wp-json\/wp\/v2\/product"}],"about":[{"href":"https:\/\/www.argensend.com\/en\/wp-json\/wp\/v2\/types\/product"}],"replies":[{"embeddable":true,"href":"https:\/\/www.argensend.com\/en\/wp-json\/wp\/v2\/comments?post=85196"}],"version-history":[{"count":3,"href":"https:\/\/www.argensend.com\/en\/wp-json\/wp\/v2\/product\/85196\/revisions"}],"predecessor-version":[{"id":115679,"href":"https:\/\/www.argensend.com\/en\/wp-json\/wp\/v2\/product\/85196\/revisions\/115679"}],"wp:featuredmedia":[{"embeddable":true,"href":"https:\/\/www.argensend.com\/en\/wp-json\/wp\/v2\/media\/85197"}],"wp:attachment":[{"href":"https:\/\/www.argensend.com\/en\/wp-json\/wp\/v2\/media?parent=85196"}],"wp:term":[{"taxonomy":"brand","embeddable":true,"href":"https:\/\/www.argensend.com\/en\/wp-json\/wp\/v2\/etheme_brands?post=85196"},{"taxonomy":"product_brand","embeddable":true,"href":"https:\/\/www.argensend.com\/en\/wp-json\/wp\/v2\/product_brand?post=85196"},{"taxonomy":"product_cat","embeddable":true,"href":"https:\/\/www.argensend.com\/en\/wp-json\/wp\/v2\/product_cat?post=85196"},{"taxonomy":"product_tag","embeddable":true,"href":"https:\/\/www.argensend.com\/en\/wp-json\/wp\/v2\/product_tag?post=85196"}],"curies":[{"name":"wp","href":"https:\/\/api.w.org\/{rel}","templated":true}]}}