{"id":85229,"date":"2023-11-09T15:12:40","date_gmt":"2023-11-09T18:12:40","guid":{"rendered":"https:\/\/www.argensend.com\/?post_type=product&#038;p=85229"},"modified":"2024-12-06T16:40:08","modified_gmt":"2024-12-06T19:40:08","slug":"juego-de-cartas-say-my-name-expansion-3-buro","status":"publish","type":"product","link":"https:\/\/www.argensend.com\/en\/product\/juego-de-cartas-say-my-name-expansion-3-buro\/","title":{"rendered":"Bur\u00f3 &#8211; Say My Name Expansi\u00f3n 3"},"content":{"rendered":"","protected":false},"excerpt":{"rendered":"<p>Mezcla juegos como el D\u00edgalo con m\u00edmica, Palabras prohibidas y Encontrar la coincidencia, creando un juego en equipos divertido y delirante en el que ganan los m\u00e1s r\u00e1pidos en adivinar entre las m\u00e1s de 700 pel\u00edculas, libros, series, lugares, personajes y objetos.<\/p>","protected":false},"featured_media":85230,"comment_status":"closed","ping_status":"closed","template":"","meta":{"_acf_changed":false,"om_disable_all_campaigns":false,"_monsterinsights_skip_tracking":false,"_monsterinsights_sitenote_active":false,"_monsterinsights_sitenote_note":"","_monsterinsights_sitenote_category":0},"etheme_brands":[],"product_brand":[],"product_cat":[2237],"product_tag":[],"class_list":{"0":"post-85229","1":"product","2":"type-product","3":"status-publish","4":"has-post-thumbnail","6":"product_cat-juegos-cartas","8":"first","9":"instock","10":"taxable","11":"shipping-taxable","12":"purchasable","13":"product-type-simple"},"acf":[],"aioseo_notices":[],"_links":{"self":[{"href":"https:\/\/www.argensend.com\/en\/wp-json\/wp\/v2\/product\/85229","targetHints":{"allow":["GET"]}}],"collection":[{"href":"https:\/\/www.argensend.com\/en\/wp-json\/wp\/v2\/product"}],"about":[{"href":"https:\/\/www.argensend.com\/en\/wp-json\/wp\/v2\/types\/product"}],"replies":[{"embeddable":true,"href":"https:\/\/www.argensend.com\/en\/wp-json\/wp\/v2\/comments?post=85229"}],"version-history":[{"count":2,"href":"https:\/\/www.argensend.com\/en\/wp-json\/wp\/v2\/product\/85229\/revisions"}],"predecessor-version":[{"id":115664,"href":"https:\/\/www.argensend.com\/en\/wp-json\/wp\/v2\/product\/85229\/revisions\/115664"}],"wp:featuredmedia":[{"embeddable":true,"href":"https:\/\/www.argensend.com\/en\/wp-json\/wp\/v2\/media\/85230"}],"wp:attachment":[{"href":"https:\/\/www.argensend.com\/en\/wp-json\/wp\/v2\/media?parent=85229"}],"wp:term":[{"taxonomy":"brand","embeddable":true,"href":"https:\/\/www.argensend.com\/en\/wp-json\/wp\/v2\/etheme_brands?post=85229"},{"taxonomy":"product_brand","embeddable":true,"href":"https:\/\/www.argensend.com\/en\/wp-json\/wp\/v2\/product_brand?post=85229"},{"taxonomy":"product_cat","embeddable":true,"href":"https:\/\/www.argensend.com\/en\/wp-json\/wp\/v2\/product_cat?post=85229"},{"taxonomy":"product_tag","embeddable":true,"href":"https:\/\/www.argensend.com\/en\/wp-json\/wp\/v2\/product_tag?post=85229"}],"curies":[{"name":"wp","href":"https:\/\/api.w.org\/{rel}","templated":true}]}}