{"id":85808,"date":"2023-11-16T12:00:03","date_gmt":"2023-11-16T15:00:03","guid":{"rendered":"https:\/\/www.argensend.com\/?post_type=product&#038;p=85808"},"modified":"2025-04-21T13:54:43","modified_gmt":"2025-04-21T16:54:43","slug":"salus-yerba-mate-natural-1-kilo","status":"publish","type":"product","link":"https:\/\/www.argensend.com\/en\/product\/salus-yerba-mate-natural-1-kilo\/","title":{"rendered":"Salus &#8211; Yerba Mate Natural 1kg"},"content":{"rendered":"<div class=\"ui-pdp-container__row\">\n<div class=\"ui-pdp-container__col col-1\">\n<div class=\"ui-pdp-collapsable ui-pdp-description-collapse\">\n<div class=\"ui-pdp-collapsable__container\">\n<div class=\"ui-pdp-description pl-45 pr-45 ui-pdp-collapsable--is-collapsed\">\n<p class=\"ui-pdp-description__content\">Sum\u00e9rgete en la experiencia aut\u00e9ntica del mate con la Yerba Mate Suave, Rica Y Natural Salus de 1kg. Esta selecci\u00f3n premium, conocida por su sabor delicado y su riqueza natural, es la compa\u00f1era perfecta para tus momentos de pausa y encuentro. Con un bajo contenido de polvo y la presencia de palo, garantiza una infusi\u00f3n clara y de sabor consistente, ideal para disfrutar a cualquier hora del d\u00eda.<\/p>\n<p>La Yerba Mate Salus no solo es placentera al paladar, sino tambi\u00e9n beneficiosa para tu salud. Su poder antioxidante contribuye a combatir los radicales libres, apoyando tu bienestar general. Adem\u00e1s, es libre de gluten, lo que la hace apta para quienes llevan una dieta sin esta prote\u00edna.<\/p>\n<p>Presentada en una pr\u00e1ctica bolsa de 1kg, esta yerba mate asegura frescura y calidad en cada mateada. El tipo de envase facilita su almacenamiento y conservaci\u00f3n, manteniendo intactas las propiedades y el sabor de la yerba. Con Salus, te conectas con la tradici\u00f3n del mate a trav\u00e9s de una experiencia suave, rica y natural.<\/p>\n<p>Incorpora a tu rutina diaria la Yerba Mate Suave, Rica Y Natural Salus y disfruta de un ritual lleno de sabor y tradici\u00f3n. Ideal para compartir o para momentos de introspecci\u00f3n, esta yerba mate es un deleite para los sentidos y un abrazo a la cultura del mate.<\/p>\n<\/div>\n<\/div>\n<\/div>\n<\/div>\n<\/div>\n<div class=\"ui-pdp-container__row\">\n<div class=\"ui-pdp-container__col col-1\"><\/div>\n<\/div>\n<div class=\"ui-pdp-container__row ui-pdp-recommendations-row\">\n<div class=\"ui-pdp-container__col col-1\">\n<div class=\"ui-pdp-spot-middle\">\n<section class=\"ui-recommendations-carousel-wrapper-ref\">\n<div class=\"ui-recommendations-carousel-snapped mt-40 mb-40 ui-pdp-spot-middle__separator recos-override__card-vertical\">\n<div class=\"ui-recommendations-carousel-snapped__header\">\n<div class=\"ui-recommendations-carousel-snapped__header-titles\"><\/div>\n<\/div>\n<\/div>\n<\/section>\n<\/div>\n<\/div>\n<\/div>","protected":false},"excerpt":{"rendered":"<p>Sum\u00e9rgete en la experiencia aut\u00e9ntica del mate con la Yerba Mate Suave, Rica Y Natural Salus de 1kg. Esta selecci\u00f3n premium, conocida por su sabor&#8230;<\/p>","protected":false},"featured_media":85809,"comment_status":"closed","ping_status":"closed","template":"","meta":{"_acf_changed":false,"om_disable_all_campaigns":false,"_monsterinsights_skip_tracking":false,"_monsterinsights_sitenote_active":false,"_monsterinsights_sitenote_note":"","_monsterinsights_sitenote_category":0},"etheme_brands":[],"product_brand":[],"product_cat":[2124],"product_tag":[203,234,225,6936,165,6894,5772,6942,228,163],"class_list":{"0":"post-85808","1":"product","2":"type-product","3":"status-publish","4":"has-post-thumbnail","6":"product_cat-yerbas","7":"product_tag-argentina","8":"product_tag-argentine","9":"product_tag-infusion","10":"product_tag-kilogramos","11":"product_tag-mate","12":"product_tag-onzas","13":"product_tag-palo","14":"product_tag-salus","15":"product_tag-tradicional","16":"product_tag-yerba","18":"first","19":"instock","20":"taxable","21":"shipping-taxable","22":"purchasable","23":"product-type-simple"},"acf":[],"aioseo_notices":[],"_links":{"self":[{"href":"https:\/\/www.argensend.com\/en\/wp-json\/wp\/v2\/product\/85808","targetHints":{"allow":["GET"]}}],"collection":[{"href":"https:\/\/www.argensend.com\/en\/wp-json\/wp\/v2\/product"}],"about":[{"href":"https:\/\/www.argensend.com\/en\/wp-json\/wp\/v2\/types\/product"}],"replies":[{"embeddable":true,"href":"https:\/\/www.argensend.com\/en\/wp-json\/wp\/v2\/comments?post=85808"}],"version-history":[{"count":3,"href":"https:\/\/www.argensend.com\/en\/wp-json\/wp\/v2\/product\/85808\/revisions"}],"predecessor-version":[{"id":116290,"href":"https:\/\/www.argensend.com\/en\/wp-json\/wp\/v2\/product\/85808\/revisions\/116290"}],"wp:featuredmedia":[{"embeddable":true,"href":"https:\/\/www.argensend.com\/en\/wp-json\/wp\/v2\/media\/85809"}],"wp:attachment":[{"href":"https:\/\/www.argensend.com\/en\/wp-json\/wp\/v2\/media?parent=85808"}],"wp:term":[{"taxonomy":"brand","embeddable":true,"href":"https:\/\/www.argensend.com\/en\/wp-json\/wp\/v2\/etheme_brands?post=85808"},{"taxonomy":"product_brand","embeddable":true,"href":"https:\/\/www.argensend.com\/en\/wp-json\/wp\/v2\/product_brand?post=85808"},{"taxonomy":"product_cat","embeddable":true,"href":"https:\/\/www.argensend.com\/en\/wp-json\/wp\/v2\/product_cat?post=85808"},{"taxonomy":"product_tag","embeddable":true,"href":"https:\/\/www.argensend.com\/en\/wp-json\/wp\/v2\/product_tag?post=85808"}],"curies":[{"name":"wp","href":"https:\/\/api.w.org\/{rel}","templated":true}]}}