{"id":85879,"date":"2023-11-17T09:32:23","date_gmt":"2023-11-17T12:32:23","guid":{"rendered":"https:\/\/www.argensend.com\/?post_type=product&#038;p=85879"},"modified":"2024-12-06T16:40:33","modified_gmt":"2024-12-06T19:40:33","slug":"wallys-te-grey-cascarilla-y-lavanda","status":"publish","type":"product","link":"https:\/\/www.argensend.com\/en\/product\/wallys-te-grey-cascarilla-y-lavanda\/","title":{"rendered":"Wallys &#8211; T\u00e9 grey, Cascarilla y Lavanda"},"content":{"rendered":"","protected":false},"excerpt":{"rendered":"<p>T\u00e9 negro, esencia natural de bergamota, cascarilla de cacao org\u00e1nica, canela, t\u00e9 verde org\u00e1nico, lavanda<\/p>","protected":false},"featured_media":85880,"comment_status":"closed","ping_status":"closed","template":"","meta":{"_acf_changed":false,"om_disable_all_campaigns":false,"_monsterinsights_skip_tracking":false,"_monsterinsights_sitenote_active":false,"_monsterinsights_sitenote_note":"","_monsterinsights_sitenote_category":0},"etheme_brands":[],"product_brand":[],"product_cat":[2125,89],"product_tag":[158,236,165,2208,2985,163],"class_list":{"0":"post-85879","1":"product","2":"type-product","3":"status-publish","4":"has-post-thumbnail","6":"product_cat-te-mate-cocido","7":"product_cat-yerba-e-infusiones","8":"product_tag-clasico","9":"product_tag-delicious","10":"product_tag-mate","11":"product_tag-saquitos","12":"product_tag-te","13":"product_tag-yerba","15":"first","16":"instock","17":"taxable","18":"shipping-taxable","19":"purchasable","20":"product-type-simple"},"acf":[],"aioseo_notices":[],"_links":{"self":[{"href":"https:\/\/www.argensend.com\/en\/wp-json\/wp\/v2\/product\/85879","targetHints":{"allow":["GET"]}}],"collection":[{"href":"https:\/\/www.argensend.com\/en\/wp-json\/wp\/v2\/product"}],"about":[{"href":"https:\/\/www.argensend.com\/en\/wp-json\/wp\/v2\/types\/product"}],"replies":[{"embeddable":true,"href":"https:\/\/www.argensend.com\/en\/wp-json\/wp\/v2\/comments?post=85879"}],"version-history":[{"count":3,"href":"https:\/\/www.argensend.com\/en\/wp-json\/wp\/v2\/product\/85879\/revisions"}],"predecessor-version":[{"id":106577,"href":"https:\/\/www.argensend.com\/en\/wp-json\/wp\/v2\/product\/85879\/revisions\/106577"}],"wp:featuredmedia":[{"embeddable":true,"href":"https:\/\/www.argensend.com\/en\/wp-json\/wp\/v2\/media\/85880"}],"wp:attachment":[{"href":"https:\/\/www.argensend.com\/en\/wp-json\/wp\/v2\/media?parent=85879"}],"wp:term":[{"taxonomy":"brand","embeddable":true,"href":"https:\/\/www.argensend.com\/en\/wp-json\/wp\/v2\/etheme_brands?post=85879"},{"taxonomy":"product_brand","embeddable":true,"href":"https:\/\/www.argensend.com\/en\/wp-json\/wp\/v2\/product_brand?post=85879"},{"taxonomy":"product_cat","embeddable":true,"href":"https:\/\/www.argensend.com\/en\/wp-json\/wp\/v2\/product_cat?post=85879"},{"taxonomy":"product_tag","embeddable":true,"href":"https:\/\/www.argensend.com\/en\/wp-json\/wp\/v2\/product_tag?post=85879"}],"curies":[{"name":"wp","href":"https:\/\/api.w.org\/{rel}","templated":true}]}}