{"id":8622,"date":"2020-07-09T16:46:40","date_gmt":"2020-07-09T19:46:40","guid":{"rendered":"http:\/\/www.argensend.com\/?post_type=product&#038;p=8622"},"modified":"2025-04-24T14:13:36","modified_gmt":"2025-04-24T17:13:36","slug":"paraguitas-x-40-unidades","status":"publish","type":"product","link":"https:\/\/www.argensend.com\/en\/product\/paraguitas-x-40-unidades\/","title":{"rendered":"Felfort &#8211; Parag\u00fcitas 40 Unidades"},"content":{"rendered":"<p>Delicioso chupet\u00edn a base de cacao con forma de parag\u00fcita.<\/p>\n<p>El de siempre. El m\u00e1s rico. Un cl\u00e1sico de Felfort<\/p>","protected":false},"excerpt":{"rendered":"<p>Delicioso chupet\u00edn a base de cacao con forma de parag\u00fcita. El de siempre. El m\u00e1s rico. Un cl\u00e1sico de Felfort<\/p>","protected":false},"featured_media":8621,"comment_status":"closed","ping_status":"closed","template":"","meta":{"_acf_changed":false,"om_disable_all_campaigns":false,"_monsterinsights_skip_tracking":false,"_monsterinsights_sitenote_active":false,"_monsterinsights_sitenote_note":"","_monsterinsights_sitenote_category":0},"etheme_brands":[],"product_brand":[],"product_cat":[78],"product_tag":[230,231,203,234,235,236,232,233],"class_list":{"0":"post-8622","1":"product","2":"type-product","3":"status-publish","4":"has-post-thumbnail","6":"product_cat-golosinas","7":"product_tag-alimento","8":"product_tag-alimentos","9":"product_tag-argentina","10":"product_tag-argentine","11":"product_tag-delicias","12":"product_tag-delicious","13":"product_tag-food","14":"product_tag-foods","16":"first","17":"instock","18":"taxable","19":"shipping-taxable","20":"purchasable","21":"product-type-simple"},"acf":[],"aioseo_notices":[],"_links":{"self":[{"href":"https:\/\/www.argensend.com\/en\/wp-json\/wp\/v2\/product\/8622","targetHints":{"allow":["GET"]}}],"collection":[{"href":"https:\/\/www.argensend.com\/en\/wp-json\/wp\/v2\/product"}],"about":[{"href":"https:\/\/www.argensend.com\/en\/wp-json\/wp\/v2\/types\/product"}],"replies":[{"embeddable":true,"href":"https:\/\/www.argensend.com\/en\/wp-json\/wp\/v2\/comments?post=8622"}],"version-history":[{"count":6,"href":"https:\/\/www.argensend.com\/en\/wp-json\/wp\/v2\/product\/8622\/revisions"}],"predecessor-version":[{"id":119913,"href":"https:\/\/www.argensend.com\/en\/wp-json\/wp\/v2\/product\/8622\/revisions\/119913"}],"wp:featuredmedia":[{"embeddable":true,"href":"https:\/\/www.argensend.com\/en\/wp-json\/wp\/v2\/media\/8621"}],"wp:attachment":[{"href":"https:\/\/www.argensend.com\/en\/wp-json\/wp\/v2\/media?parent=8622"}],"wp:term":[{"taxonomy":"brand","embeddable":true,"href":"https:\/\/www.argensend.com\/en\/wp-json\/wp\/v2\/etheme_brands?post=8622"},{"taxonomy":"product_brand","embeddable":true,"href":"https:\/\/www.argensend.com\/en\/wp-json\/wp\/v2\/product_brand?post=8622"},{"taxonomy":"product_cat","embeddable":true,"href":"https:\/\/www.argensend.com\/en\/wp-json\/wp\/v2\/product_cat?post=8622"},{"taxonomy":"product_tag","embeddable":true,"href":"https:\/\/www.argensend.com\/en\/wp-json\/wp\/v2\/product_tag?post=8622"}],"curies":[{"name":"wp","href":"https:\/\/api.w.org\/{rel}","templated":true}]}}