{"id":86276,"date":"2023-11-21T13:56:07","date_gmt":"2023-11-21T16:56:07","guid":{"rendered":"https:\/\/www.argensend.com\/?post_type=product&#038;p=86276"},"modified":"2025-04-09T12:55:27","modified_gmt":"2025-04-09T15:55:27","slug":"boca-juniors-camiseta-titular-boca-jrs-23-24-nino","status":"publish","type":"product","link":"https:\/\/www.argensend.com\/en\/product\/boca-juniors-camiseta-titular-boca-jrs-23-24-nino\/","title":{"rendered":"Boca Juniors &#8211; Camiseta Titular Boca Jrs 23\/24 Ni\u00f1o"},"content":{"rendered":"<p><strong>Importante: <\/strong>Consultar talle disponible antes de realizar la compra.<\/p>","protected":false},"excerpt":{"rendered":"<div class=\"productDescription open\">\u2022Esta nueva camiseta titular de Boca Juniors adidas une la pasi\u00f3n y el barrio con diferentes tonos que logran un efecto visual y una prominente franja central que resaltan sus colores, el azul y oro.<br \/>\n\u2022Un dise\u00f1o innovador para un equipo en constante evoluci\u00f3n.<br \/>\n\u2022Su tejido ligero, los modernos paneles de mesh y la tecnolog\u00eda de absorci\u00f3n AEROREADY se combinan para mantener c\u00f3modos a los hinchas del club.<br \/>\n\u2022Corte cl\u00e1sicoTejido piqu\u00e9 100 % poli\u00e9ster reciclado.Paneles de mesh bajo los brazos.<br \/>\n\u2022Tecnolog\u00eda de absorci\u00f3n AEROREADY.Pu\u00f1os acanalados.<br \/>\n\u2022Escudo de Boca Juniors tejido.<\/div>\n<div><strong>Talles: 7-8 \/ 9-10 \/ 11-12 \/ 13-14 \/ 15-16<\/strong><\/div>","protected":false},"featured_media":86277,"comment_status":"closed","ping_status":"closed","template":"","meta":{"_acf_changed":false,"om_disable_all_campaigns":false,"_monsterinsights_skip_tracking":false,"_monsterinsights_sitenote_active":false,"_monsterinsights_sitenote_note":"","_monsterinsights_sitenote_category":0},"etheme_brands":[],"product_brand":[],"product_cat":[1025],"product_tag":[669,9340,1125,203,714,666,10681,10680,1063,3704,3302],"class_list":{"0":"post-86276","1":"product","2":"type-product","3":"status-publish","4":"has-post-thumbnail","6":"product_cat-boca-juniors","7":"product_tag-adidas","8":"product_tag-aletrnativa","9":"product_tag-alternativa","10":"product_tag-argentina","11":"product_tag-azul","12":"product_tag-boca","13":"product_tag-indufutbol","14":"product_tag-indumentaria_futbol","15":"product_tag-juniors","16":"product_tag-oro","17":"product_tag-shirt","19":"first","20":"instock","21":"taxable","22":"shipping-taxable","23":"purchasable","24":"product-type-simple"},"acf":[],"aioseo_notices":[],"_links":{"self":[{"href":"https:\/\/www.argensend.com\/en\/wp-json\/wp\/v2\/product\/86276","targetHints":{"allow":["GET"]}}],"collection":[{"href":"https:\/\/www.argensend.com\/en\/wp-json\/wp\/v2\/product"}],"about":[{"href":"https:\/\/www.argensend.com\/en\/wp-json\/wp\/v2\/types\/product"}],"replies":[{"embeddable":true,"href":"https:\/\/www.argensend.com\/en\/wp-json\/wp\/v2\/comments?post=86276"}],"version-history":[{"count":3,"href":"https:\/\/www.argensend.com\/en\/wp-json\/wp\/v2\/product\/86276\/revisions"}],"predecessor-version":[{"id":88520,"href":"https:\/\/www.argensend.com\/en\/wp-json\/wp\/v2\/product\/86276\/revisions\/88520"}],"wp:featuredmedia":[{"embeddable":true,"href":"https:\/\/www.argensend.com\/en\/wp-json\/wp\/v2\/media\/86277"}],"wp:attachment":[{"href":"https:\/\/www.argensend.com\/en\/wp-json\/wp\/v2\/media?parent=86276"}],"wp:term":[{"taxonomy":"brand","embeddable":true,"href":"https:\/\/www.argensend.com\/en\/wp-json\/wp\/v2\/etheme_brands?post=86276"},{"taxonomy":"product_brand","embeddable":true,"href":"https:\/\/www.argensend.com\/en\/wp-json\/wp\/v2\/product_brand?post=86276"},{"taxonomy":"product_cat","embeddable":true,"href":"https:\/\/www.argensend.com\/en\/wp-json\/wp\/v2\/product_cat?post=86276"},{"taxonomy":"product_tag","embeddable":true,"href":"https:\/\/www.argensend.com\/en\/wp-json\/wp\/v2\/product_tag?post=86276"}],"curies":[{"name":"wp","href":"https:\/\/api.w.org\/{rel}","templated":true}]}}