{"id":86289,"date":"2023-11-21T14:18:16","date_gmt":"2023-11-21T17:18:16","guid":{"rendered":"https:\/\/www.argensend.com\/?post_type=product&#038;p=86289"},"modified":"2025-04-09T12:55:27","modified_gmt":"2025-04-09T15:55:27","slug":"boca-juniors-camiseta-alternativa-boca-jrs-23-24-hombre","status":"publish","type":"product","link":"https:\/\/www.argensend.com\/en\/product\/boca-juniors-camiseta-alternativa-boca-jrs-23-24-hombre\/","title":{"rendered":"Boca Juniors &#8211; Camiseta Alternativa Boca Jrs 23\/24 Hombre"},"content":{"rendered":"<p><strong>Importante: <\/strong>Consultar talle disponible antes de realizar la compra.<\/p>","protected":false},"excerpt":{"rendered":"<div class=\"productDescription open\">\u2022Inspirada en una ic\u00f3nica camiseta de Boca de mediados de los a\u00f1os 50.<br \/>\n\u2022 Creada para mantener c\u00f3modos a los hinchas, incorpora tecnolog\u00eda de absorci\u00f3n AEROREADY y est\u00e1 hecha de tejido suave.<br \/>\n\u2022En la parte posterior del cuello se encuentra la inscripci\u00f3n XENEIZE.<br \/>\n\u2022Hecho con materiales 100% reciclados, este producto representa solo una de nuestras soluciones para acabar con los residuos pl\u00e1sticos.<br \/>\n\u2022Ajuste cl\u00e1sico.Cuello redondo acanalado.<br \/>\n\u2022Tejido de punto doble 100 % poli\u00e9ster reciclado.<br \/>\n\u2022Tecnolog\u00eda de absorci\u00f3n AEROREADY.<br \/>\n\u2022Paneles de malla bajo los brazos.<\/div>\n<div>Talles: XS \/ S \/ M \/ L \/ XL \/ XXL \/ XXXL<\/div>","protected":false},"featured_media":86290,"comment_status":"closed","ping_status":"closed","template":"","meta":{"_acf_changed":false,"om_disable_all_campaigns":false,"_monsterinsights_skip_tracking":false,"_monsterinsights_sitenote_active":false,"_monsterinsights_sitenote_note":"","_monsterinsights_sitenote_category":0},"etheme_brands":[],"product_brand":[],"product_cat":[1025],"product_tag":[669,9340,1125,203,714,666,1050,10681,10680,1063,3704,3302],"class_list":{"0":"post-86289","1":"product","2":"type-product","3":"status-publish","4":"has-post-thumbnail","6":"product_cat-boca-juniors","7":"product_tag-adidas","8":"product_tag-aletrnativa","9":"product_tag-alternativa","10":"product_tag-argentina","11":"product_tag-azul","12":"product_tag-boca","13":"product_tag-futbol","14":"product_tag-indufutbol","15":"product_tag-indumentaria_futbol","16":"product_tag-juniors","17":"product_tag-oro","18":"product_tag-shirt","20":"first","21":"instock","22":"taxable","23":"shipping-taxable","24":"purchasable","25":"product-type-simple"},"acf":[],"aioseo_notices":[],"_links":{"self":[{"href":"https:\/\/www.argensend.com\/en\/wp-json\/wp\/v2\/product\/86289","targetHints":{"allow":["GET"]}}],"collection":[{"href":"https:\/\/www.argensend.com\/en\/wp-json\/wp\/v2\/product"}],"about":[{"href":"https:\/\/www.argensend.com\/en\/wp-json\/wp\/v2\/types\/product"}],"replies":[{"embeddable":true,"href":"https:\/\/www.argensend.com\/en\/wp-json\/wp\/v2\/comments?post=86289"}],"version-history":[{"count":2,"href":"https:\/\/www.argensend.com\/en\/wp-json\/wp\/v2\/product\/86289\/revisions"}],"predecessor-version":[{"id":88517,"href":"https:\/\/www.argensend.com\/en\/wp-json\/wp\/v2\/product\/86289\/revisions\/88517"}],"wp:featuredmedia":[{"embeddable":true,"href":"https:\/\/www.argensend.com\/en\/wp-json\/wp\/v2\/media\/86290"}],"wp:attachment":[{"href":"https:\/\/www.argensend.com\/en\/wp-json\/wp\/v2\/media?parent=86289"}],"wp:term":[{"taxonomy":"brand","embeddable":true,"href":"https:\/\/www.argensend.com\/en\/wp-json\/wp\/v2\/etheme_brands?post=86289"},{"taxonomy":"product_brand","embeddable":true,"href":"https:\/\/www.argensend.com\/en\/wp-json\/wp\/v2\/product_brand?post=86289"},{"taxonomy":"product_cat","embeddable":true,"href":"https:\/\/www.argensend.com\/en\/wp-json\/wp\/v2\/product_cat?post=86289"},{"taxonomy":"product_tag","embeddable":true,"href":"https:\/\/www.argensend.com\/en\/wp-json\/wp\/v2\/product_tag?post=86289"}],"curies":[{"name":"wp","href":"https:\/\/api.w.org\/{rel}","templated":true}]}}