{"id":8679,"date":"2020-07-12T11:04:37","date_gmt":"2020-07-12T14:04:37","guid":{"rendered":"http:\/\/www.argensend.com\/?post_type=product&#038;p=8679"},"modified":"2025-12-18T13:19:46","modified_gmt":"2025-12-18T16:19:46","slug":"mantecol-250grs-sin-tacc","status":"publish","type":"product","link":"https:\/\/www.argensend.com\/en\/product\/mantecol-250grs-sin-tacc\/","title":{"rendered":"Mantecol &#8211; Postre de Man\u00ed &#8211; 253gr"},"content":{"rendered":"","protected":false},"excerpt":{"rendered":"<p>Postre t\u00edpico de Argentina, un turr\u00f3n semiblando de mantequilla de cacahuete. Fue creado y comercializado originalmente en la d\u00e9cada de 1940 por la empresa de confiter\u00eda Georgalos. Fundada por una familia de inmigrantes griegos, su principal referente, Miguel Georgalos, se inspir\u00f3 en un postre t\u00edpico del Mediterr\u00e1neo, la halva.<\/p>\n<p>Postre a base de pasta de man\u00ed libre de gluten &#8211; SIN TACC<\/p>","protected":false},"featured_media":8672,"comment_status":"closed","ping_status":"closed","template":"","meta":{"_acf_changed":false,"om_disable_all_campaigns":false,"_monsterinsights_skip_tracking":false,"_monsterinsights_sitenote_active":false,"_monsterinsights_sitenote_note":"","_monsterinsights_sitenote_category":0,"jetpack_post_was_ever_published":false},"etheme_brands":[],"product_brand":[],"product_cat":[8572,8803,78,2165,373,2993],"product_tag":[230,231,203,234,4294,232,233,1878,5598,675,4646,9995,1442,10631],"class_list":{"0":"post-8679","1":"product","2":"type-product","3":"status-publish","4":"has-post-thumbnail","6":"product_cat-alimentos-tradicionales","7":"product_cat-dulce-sin-tacc","8":"product_cat-golosinas","9":"product_cat-navidad","10":"product_cat-snacks","11":"product_cat-snacks-dulces","12":"product_tag-alimento","13":"product_tag-alimentos","14":"product_tag-argentina","15":"product_tag-argentine","16":"product_tag-christmas","17":"product_tag-food","18":"product_tag-foods","19":"product_tag-mani","20":"product_tag-mantecol","21":"product_tag-navidad","22":"product_tag-postre","23":"product_tag-t10ga","24":"product_tag-xmas","25":"product_tag-xmass24","27":"first","28":"instock","29":"taxable","30":"shipping-taxable","31":"purchasable","32":"product-type-simple"},"acf":[],"aioseo_notices":[],"jetpack_sharing_enabled":true,"_links":{"self":[{"href":"https:\/\/www.argensend.com\/en\/wp-json\/wp\/v2\/product\/8679","targetHints":{"allow":["GET"]}}],"collection":[{"href":"https:\/\/www.argensend.com\/en\/wp-json\/wp\/v2\/product"}],"about":[{"href":"https:\/\/www.argensend.com\/en\/wp-json\/wp\/v2\/types\/product"}],"replies":[{"embeddable":true,"href":"https:\/\/www.argensend.com\/en\/wp-json\/wp\/v2\/comments?post=8679"}],"version-history":[{"count":4,"href":"https:\/\/www.argensend.com\/en\/wp-json\/wp\/v2\/product\/8679\/revisions"}],"predecessor-version":[{"id":118277,"href":"https:\/\/www.argensend.com\/en\/wp-json\/wp\/v2\/product\/8679\/revisions\/118277"}],"wp:featuredmedia":[{"embeddable":true,"href":"https:\/\/www.argensend.com\/en\/wp-json\/wp\/v2\/media\/8672"}],"wp:attachment":[{"href":"https:\/\/www.argensend.com\/en\/wp-json\/wp\/v2\/media?parent=8679"}],"wp:term":[{"taxonomy":"brand","embeddable":true,"href":"https:\/\/www.argensend.com\/en\/wp-json\/wp\/v2\/etheme_brands?post=8679"},{"taxonomy":"product_brand","embeddable":true,"href":"https:\/\/www.argensend.com\/en\/wp-json\/wp\/v2\/product_brand?post=8679"},{"taxonomy":"product_cat","embeddable":true,"href":"https:\/\/www.argensend.com\/en\/wp-json\/wp\/v2\/product_cat?post=8679"},{"taxonomy":"product_tag","embeddable":true,"href":"https:\/\/www.argensend.com\/en\/wp-json\/wp\/v2\/product_tag?post=8679"}],"curies":[{"name":"wp","href":"https:\/\/api.w.org\/{rel}","templated":true}]}}