{"id":88104,"date":"2023-12-15T16:30:22","date_gmt":"2023-12-15T19:30:22","guid":{"rendered":"https:\/\/www.argensend.com\/?post_type=product&#038;p=88104"},"modified":"2024-12-06T16:40:49","modified_gmt":"2024-12-06T19:40:49","slug":"gabriel-rolon-la-felicidad-mas-alla-de-la-ilusion","status":"publish","type":"product","link":"https:\/\/www.argensend.com\/en\/product\/gabriel-rolon-la-felicidad-mas-alla-de-la-ilusion\/","title":{"rendered":"Gabriel Rol\u00f3n &#8211; la Felicidad (Mas Alla de la Ilusion)"},"content":{"rendered":"","protected":false},"excerpt":{"rendered":"<p>&#8220;El Psicoan\u00e1lisis no es una religi\u00f3n. Es un viaje que tiene como punto de partida la angustia y como destino final la verdad. Un sendero que recorren juntos dos viajeros sin m\u00e1s br\u00fajula que el lenguaje y el deseo. Deseo de saber, otro de los nombres del amor. El paciente es al mismo tiempo el capit\u00e1n y el remero, la barca y el mar; el analista, esa voz que invita a seguir.&#8221; Este libro de Gabriel Rol\u00f3n es una gran aventura. No re\u00fane casos cl\u00ednicos ni relatos de ficci\u00f3n, tampoco es un libro de teor\u00eda: es algo distinto. Es un trabajo en el que decide hablar consigo mismo para pensar sobre cada uno de los enigmas que lo desvelan: el deseo, el desamor, la muerte, los hijos, la pasi\u00f3n, la felicidad, el recuerdo y el olvido, entre otros.<\/p>\n<p>\u2026\u2026\u2026\u2026\u2026\u2026\u2026\u2026\u2026\u2026\u2026\u2026\u2026\u2026\u2026\u2026\u2026\u2026\u2026\u2026\u2026\u2026\u2026\u2026\u2026\u2026\u2026\u2026\u2026\u2026<\/p>\n<p>&#8220;Psychoanalysis is not a religion. It is a journey that has anguish as its starting point and truth as its final destination. A path traveled together by two travelers with no other compass than language and desire. Desire to know, another of the names of love. The patient is at the same time the captain and the oarsman, the boat and the sea; the analyst, that voice that invites to follow.&#8221; This book by Gabriel Rol\u00f3n is a great adventure. It is not a collection of clinical cases or fictional stories, nor is it a book of theory: it is something different. It is a work in which he decides to talk to himself in order to think about each of the enigmas that unveil him: desire, lack of love, death, children, passion, happiness, memory and oblivion, among others.<\/p>","protected":false},"featured_media":88129,"comment_status":"closed","ping_status":"closed","template":"","meta":{"_acf_changed":false,"om_disable_all_campaigns":false,"_monsterinsights_skip_tracking":false,"_monsterinsights_sitenote_active":false,"_monsterinsights_sitenote_note":"","_monsterinsights_sitenote_category":0},"etheme_brands":[],"product_brand":[],"product_cat":[685],"product_tag":[4736,203,234,224,755,4721,4735,4265,851,4734,4722,752,4057,3796],"class_list":{"0":"post-88104","1":"product","2":"type-product","3":"status-publish","4":"has-post-thumbnail","6":"product_cat-libros","7":"product_tag-analyst","8":"product_tag-argentina","9":"product_tag-argentine","10":"product_tag-argentino","11":"product_tag-book","12":"product_tag-cara-a-cara","13":"product_tag-dimension","14":"product_tag-face","15":"product_tag-gabriel-rolon","16":"product_tag-human","17":"product_tag-la-dimension-humana-del-analista","18":"product_tag-libro","19":"product_tag-the","20":"product_tag-to","22":"first","23":"instock","24":"taxable","25":"shipping-taxable","26":"purchasable","27":"product-type-simple"},"acf":[],"aioseo_notices":[],"_links":{"self":[{"href":"https:\/\/www.argensend.com\/en\/wp-json\/wp\/v2\/product\/88104","targetHints":{"allow":["GET"]}}],"collection":[{"href":"https:\/\/www.argensend.com\/en\/wp-json\/wp\/v2\/product"}],"about":[{"href":"https:\/\/www.argensend.com\/en\/wp-json\/wp\/v2\/types\/product"}],"replies":[{"embeddable":true,"href":"https:\/\/www.argensend.com\/en\/wp-json\/wp\/v2\/comments?post=88104"}],"version-history":[{"count":3,"href":"https:\/\/www.argensend.com\/en\/wp-json\/wp\/v2\/product\/88104\/revisions"}],"predecessor-version":[{"id":107167,"href":"https:\/\/www.argensend.com\/en\/wp-json\/wp\/v2\/product\/88104\/revisions\/107167"}],"wp:featuredmedia":[{"embeddable":true,"href":"https:\/\/www.argensend.com\/en\/wp-json\/wp\/v2\/media\/88129"}],"wp:attachment":[{"href":"https:\/\/www.argensend.com\/en\/wp-json\/wp\/v2\/media?parent=88104"}],"wp:term":[{"taxonomy":"brand","embeddable":true,"href":"https:\/\/www.argensend.com\/en\/wp-json\/wp\/v2\/etheme_brands?post=88104"},{"taxonomy":"product_brand","embeddable":true,"href":"https:\/\/www.argensend.com\/en\/wp-json\/wp\/v2\/product_brand?post=88104"},{"taxonomy":"product_cat","embeddable":true,"href":"https:\/\/www.argensend.com\/en\/wp-json\/wp\/v2\/product_cat?post=88104"},{"taxonomy":"product_tag","embeddable":true,"href":"https:\/\/www.argensend.com\/en\/wp-json\/wp\/v2\/product_tag?post=88104"}],"curies":[{"name":"wp","href":"https:\/\/api.w.org\/{rel}","templated":true}]}}