{"id":88242,"date":"2023-12-15T19:17:02","date_gmt":"2023-12-15T22:17:02","guid":{"rendered":"https:\/\/www.argensend.com\/?post_type=product&#038;p=88242"},"modified":"2024-12-06T16:40:49","modified_gmt":"2024-12-06T19:40:49","slug":"que-tiene-leo-en-la-cabeza","status":"publish","type":"product","link":"https:\/\/www.argensend.com\/en\/product\/que-tiene-leo-en-la-cabeza\/","title":{"rendered":"Libro &#8211; Que Tiene Leo En La Cabeza? &#8211; Fernando De Vedia"},"content":{"rendered":"","protected":false},"excerpt":{"rendered":"<p>La historia del pase futbol\u00edstico de todos los tiempos. \u00bfFicci\u00f3n o realidad? La trama de una obsesi\u00f3n, atravesada por emociones y circunstancias inesperadas, que llevar\u00e1 a esta novela a un final sorprendente.<\/p>","protected":false},"featured_media":88244,"comment_status":"closed","ping_status":"closed","template":"","meta":{"_acf_changed":false,"om_disable_all_campaigns":false,"_monsterinsights_skip_tracking":false,"_monsterinsights_sitenote_active":false,"_monsterinsights_sitenote_note":"","_monsterinsights_sitenote_category":0},"etheme_brands":[],"product_brand":[],"product_cat":[685,3600],"product_tag":[3423,203,5931,6758,9641,1976,3370,9639,3228,1121,9640,270],"class_list":{"0":"post-88242","1":"product","2":"type-product","3":"status-publish","4":"has-post-thumbnail","6":"product_cat-libros","7":"product_cat-messi","8":"product_tag-3423","9":"product_tag-argentina","10":"product_tag-campeones","11":"product_tag-es","12":"product_tag-hernan","13":"product_tag-messi","14":"product_tag-mundial","15":"product_tag-orsai","16":"product_tag-perro","17":"product_tag-qatar","18":"product_tag-relato","19":"product_tag-un","21":"first","22":"instock","23":"taxable","24":"shipping-taxable","25":"purchasable","26":"product-type-simple"},"acf":[],"aioseo_notices":[],"_links":{"self":[{"href":"https:\/\/www.argensend.com\/en\/wp-json\/wp\/v2\/product\/88242","targetHints":{"allow":["GET"]}}],"collection":[{"href":"https:\/\/www.argensend.com\/en\/wp-json\/wp\/v2\/product"}],"about":[{"href":"https:\/\/www.argensend.com\/en\/wp-json\/wp\/v2\/types\/product"}],"replies":[{"embeddable":true,"href":"https:\/\/www.argensend.com\/en\/wp-json\/wp\/v2\/comments?post=88242"}],"version-history":[{"count":3,"href":"https:\/\/www.argensend.com\/en\/wp-json\/wp\/v2\/product\/88242\/revisions"}],"predecessor-version":[{"id":116092,"href":"https:\/\/www.argensend.com\/en\/wp-json\/wp\/v2\/product\/88242\/revisions\/116092"}],"wp:featuredmedia":[{"embeddable":true,"href":"https:\/\/www.argensend.com\/en\/wp-json\/wp\/v2\/media\/88244"}],"wp:attachment":[{"href":"https:\/\/www.argensend.com\/en\/wp-json\/wp\/v2\/media?parent=88242"}],"wp:term":[{"taxonomy":"brand","embeddable":true,"href":"https:\/\/www.argensend.com\/en\/wp-json\/wp\/v2\/etheme_brands?post=88242"},{"taxonomy":"product_brand","embeddable":true,"href":"https:\/\/www.argensend.com\/en\/wp-json\/wp\/v2\/product_brand?post=88242"},{"taxonomy":"product_cat","embeddable":true,"href":"https:\/\/www.argensend.com\/en\/wp-json\/wp\/v2\/product_cat?post=88242"},{"taxonomy":"product_tag","embeddable":true,"href":"https:\/\/www.argensend.com\/en\/wp-json\/wp\/v2\/product_tag?post=88242"}],"curies":[{"name":"wp","href":"https:\/\/api.w.org\/{rel}","templated":true}]}}