{"id":88439,"date":"2023-12-21T15:56:14","date_gmt":"2023-12-21T18:56:14","guid":{"rendered":"https:\/\/www.argensend.com\/?post_type=product&#038;p=88439"},"modified":"2024-12-06T16:40:50","modified_gmt":"2024-12-06T19:40:50","slug":"florencia-bonelli-jasy-trilogia-del-perdon-1","status":"publish","type":"product","link":"https:\/\/www.argensend.com\/en\/product\/florencia-bonelli-jasy-trilogia-del-perdon-1\/","title":{"rendered":"Florencia Bonelli &#8211; Jasy &#8211; Trilog\u00eda Del Perd\u00f3n 1"},"content":{"rendered":"<ul>\n<li>Paperback.<\/li>\n<li>Pages: 608.<\/li>\n<li>Language: Spanish.<\/li>\n<li>Narration type: Youth literature.<\/li>\n<li>Editorial: Suma.<\/li>\n<li>Year of publication: 2015.<\/li>\n<li>ISBN: 9789870436126.<\/li>\n<li>From\u00a0<em>Trilog\u00eda del Perd\u00f3n\u00a0<\/em>Collection.<\/li>\n<li>Width: 16 cm \/ 6.29&#8243;.<\/li>\n<li>Height: 23 cm \/ 9&#8243;.<\/li>\n<\/ul>\n<p><em>Jasy, la primera entrega de la nueva trilog\u00eda rom\u00e1ntica de Florencia Bonelli, la\u00a0Trilog\u00eda del perd\u00f3n.<\/em><\/p>\n<p>Febrero de 1736. El padre Ursus, superior de la misi\u00f3n jesu\u00edtica de San Ignacio Min\u00ed, navega por el r\u00edo Paran\u00e1 junto a su protegido, un ni\u00f1o de cinco a\u00f1os, Aitor \u00d1eenguir\u00fa. Ordena a los bogadores que detengan la balsa, tras escuchar unos gritos desgarradores provenientes de la orilla. Descubre que se trata de una joven mujer de origen europeo, que acaba de dar a luz a una ni\u00f1a. La muchacha muere, pero la ni\u00f1a est\u00e1 con vida, por lo que se apresuran a llevarla a la misi\u00f3n, donde la bautizan como Emanuela.<br \/>\nAs\u00ed comienza esta potente e intensa historia de amor y de aventuras entre Aitor, s\u00e9ptimo hijo var\u00f3n de la familia \u00d1eenguir\u00fa, el maldecido del pueblo, se\u00f1alado y discriminado como el lobis\u00f3n, y Emanuela, la bendita de San Ignacio Min\u00ed, a quien llaman \u00abla ni\u00f1a santa\u00bb por sus poderes para curar a la gente y a los animales.<br \/>\nEn el marco de la colonizaci\u00f3n y la evangelizaci\u00f3n del sur de Am\u00e9rica, con un compacto abanico de personajes secundarios bien perfilados y con una apretada trama que nos lleva a recorrer la vida y las costumbres en las misiones jesu\u00edticas, Florencia Bonelli, la reina de la novela hist\u00f3rico-rom\u00e1ntica, nos entrega su nueva y apasionante historia que, una vez m\u00e1s, provocar\u00e1 el entusiasmo y la celebraci\u00f3n de sus miles y miles de lectores.<\/p>","protected":false},"excerpt":{"rendered":"<p>Paperback. Pages: 608. Language: Spanish. Narration type: Youth literature. Editorial: Suma. Year of publication: 2015. ISBN: 9789870436126. From\u00a0Trilog\u00eda del Perd\u00f3n\u00a0Collection. Width: 16 cm \/ 6.29&#8243;&#8230;.<\/p>","protected":false},"featured_media":88440,"comment_status":"closed","ping_status":"closed","template":"","meta":{"_acf_changed":false,"om_disable_all_campaigns":false,"_monsterinsights_skip_tracking":false,"_monsterinsights_sitenote_active":false,"_monsterinsights_sitenote_note":"","_monsterinsights_sitenote_category":0},"etheme_brands":[],"product_brand":[],"product_cat":[685],"product_tag":[755,854,855,752,853],"class_list":{"0":"post-88439","1":"product","2":"type-product","3":"status-publish","4":"has-post-thumbnail","6":"product_cat-libros","7":"product_tag-book","8":"product_tag-cosima","9":"product_tag-florencia-bonelli","10":"product_tag-libro","11":"product_tag-tia","13":"first","14":"instock","15":"taxable","16":"shipping-taxable","17":"purchasable","18":"product-type-simple"},"acf":[],"aioseo_notices":[],"_links":{"self":[{"href":"https:\/\/www.argensend.com\/en\/wp-json\/wp\/v2\/product\/88439","targetHints":{"allow":["GET"]}}],"collection":[{"href":"https:\/\/www.argensend.com\/en\/wp-json\/wp\/v2\/product"}],"about":[{"href":"https:\/\/www.argensend.com\/en\/wp-json\/wp\/v2\/types\/product"}],"replies":[{"embeddable":true,"href":"https:\/\/www.argensend.com\/en\/wp-json\/wp\/v2\/comments?post=88439"}],"version-history":[{"count":1,"href":"https:\/\/www.argensend.com\/en\/wp-json\/wp\/v2\/product\/88439\/revisions"}],"predecessor-version":[{"id":88441,"href":"https:\/\/www.argensend.com\/en\/wp-json\/wp\/v2\/product\/88439\/revisions\/88441"}],"wp:featuredmedia":[{"embeddable":true,"href":"https:\/\/www.argensend.com\/en\/wp-json\/wp\/v2\/media\/88440"}],"wp:attachment":[{"href":"https:\/\/www.argensend.com\/en\/wp-json\/wp\/v2\/media?parent=88439"}],"wp:term":[{"taxonomy":"brand","embeddable":true,"href":"https:\/\/www.argensend.com\/en\/wp-json\/wp\/v2\/etheme_brands?post=88439"},{"taxonomy":"product_brand","embeddable":true,"href":"https:\/\/www.argensend.com\/en\/wp-json\/wp\/v2\/product_brand?post=88439"},{"taxonomy":"product_cat","embeddable":true,"href":"https:\/\/www.argensend.com\/en\/wp-json\/wp\/v2\/product_cat?post=88439"},{"taxonomy":"product_tag","embeddable":true,"href":"https:\/\/www.argensend.com\/en\/wp-json\/wp\/v2\/product_tag?post=88439"}],"curies":[{"name":"wp","href":"https:\/\/api.w.org\/{rel}","templated":true}]}}