{"id":88448,"date":"2023-12-21T16:11:35","date_gmt":"2023-12-21T19:11:35","guid":{"rendered":"https:\/\/www.argensend.com\/?post_type=product&#038;p=88448"},"modified":"2024-12-06T16:40:50","modified_gmt":"2024-12-06T19:40:50","slug":"florencia-bonelli-caballo-de-fuego-gaza","status":"publish","type":"product","link":"https:\/\/www.argensend.com\/en\/product\/florencia-bonelli-caballo-de-fuego-gaza\/","title":{"rendered":"Florencia Bonelli &#8211; Caballo de Fuego: Gaza"},"content":{"rendered":"<ul>\n<li>Paperback.<\/li>\n<li>Pages: 656.<\/li>\n<li>Language: Spanish.<\/li>\n<li>Narration type: Youth literature.<\/li>\n<li>Editorial: Suma.<\/li>\n<li>Year of publication: 2019.<\/li>\n<li>ISBN: 9789877391268.<\/li>\n<li>From\u00a0<em>Caballo de Fuego\u00a0<\/em>Collection.<\/li>\n<li>Width: 16 cm \/ 6.29&#8243;.<\/li>\n<li>Height: 23 cm \/ 9&#8243;.<\/li>\n<\/ul>\n<p><em>El deseado final de\u00a0Caballo de Fuego, la trilog\u00eda que ha atrapado a miles de lectores. Tercera entrega de\u00a0Caballo de fuego<\/em><\/p>\n<p>Matilde y Eliah han vuelto a separarse. En el Congo, sus esperanzas de una vida juntos se desvanecieron al ritmo de los celos, las circunstancias hostiles y las bajezas.<br \/>\nMatilde, cirujana pedi\u00e1trica, se refugia en su pasi\u00f3n: el trabajo humanitario que lleva a cabo para la organizaci\u00f3n Manos Que Curan. Su nuevo destino es la Franja de Gaza, el territorio m\u00e1s densamente poblado del mundo, donde la consigna diaria es sobrevivir. Eliah Al-Saud se impone olvidar a Matilde y acabar con la obsesi\u00f3n que lo ata a ella.<br \/>\nEn Bagdad, por su parte, Saddam Hussein da los \u00faltimos retoques para alcanzar su sue\u00f1o: convertir a Irak en una potencia nuclear. Y en esta carrera diab\u00f3lica, Matilde y Eliah se convertir\u00e1n en piezas clave, debiendo emplearse a fondo no solo para evitar una cat\u00e1strofe mundial, sino tambi\u00e9n para salvar la propia vida.<br \/>\nA un ritmo fren\u00e9tico y con giros inesperados, Florencia Bonelli pone fin a la exitosa trilog\u00eda Caballo de fuego, una apasionante historia donde el esp\u00edritu humano trata de imponerse en un mundo presa de la violencia y el terrorismo, aunque tambi\u00e9n lleno de bondad y solidaridad.<\/p>","protected":false},"excerpt":{"rendered":"<p>Paperback. Pages: 656. Language: Spanish. Narration type: Youth literature. Editorial: Suma. Year of publication: 2019. ISBN: 9789877391268. From\u00a0Caballo de Fuego\u00a0Collection. Width: 16 cm \/ 6.29&#8243;&#8230;.<\/p>","protected":false},"featured_media":88449,"comment_status":"closed","ping_status":"closed","template":"","meta":{"_acf_changed":false,"om_disable_all_campaigns":false,"_monsterinsights_skip_tracking":false,"_monsterinsights_sitenote_active":false,"_monsterinsights_sitenote_note":"","_monsterinsights_sitenote_category":0},"etheme_brands":[],"product_brand":[],"product_cat":[685],"product_tag":[755,854,855,752,853],"class_list":{"0":"post-88448","1":"product","2":"type-product","3":"status-publish","4":"has-post-thumbnail","6":"product_cat-libros","7":"product_tag-book","8":"product_tag-cosima","9":"product_tag-florencia-bonelli","10":"product_tag-libro","11":"product_tag-tia","13":"first","14":"instock","15":"taxable","16":"shipping-taxable","17":"purchasable","18":"product-type-simple"},"acf":[],"aioseo_notices":[],"_links":{"self":[{"href":"https:\/\/www.argensend.com\/en\/wp-json\/wp\/v2\/product\/88448","targetHints":{"allow":["GET"]}}],"collection":[{"href":"https:\/\/www.argensend.com\/en\/wp-json\/wp\/v2\/product"}],"about":[{"href":"https:\/\/www.argensend.com\/en\/wp-json\/wp\/v2\/types\/product"}],"replies":[{"embeddable":true,"href":"https:\/\/www.argensend.com\/en\/wp-json\/wp\/v2\/comments?post=88448"}],"version-history":[{"count":2,"href":"https:\/\/www.argensend.com\/en\/wp-json\/wp\/v2\/product\/88448\/revisions"}],"predecessor-version":[{"id":101830,"href":"https:\/\/www.argensend.com\/en\/wp-json\/wp\/v2\/product\/88448\/revisions\/101830"}],"wp:featuredmedia":[{"embeddable":true,"href":"https:\/\/www.argensend.com\/en\/wp-json\/wp\/v2\/media\/88449"}],"wp:attachment":[{"href":"https:\/\/www.argensend.com\/en\/wp-json\/wp\/v2\/media?parent=88448"}],"wp:term":[{"taxonomy":"brand","embeddable":true,"href":"https:\/\/www.argensend.com\/en\/wp-json\/wp\/v2\/etheme_brands?post=88448"},{"taxonomy":"product_brand","embeddable":true,"href":"https:\/\/www.argensend.com\/en\/wp-json\/wp\/v2\/product_brand?post=88448"},{"taxonomy":"product_cat","embeddable":true,"href":"https:\/\/www.argensend.com\/en\/wp-json\/wp\/v2\/product_cat?post=88448"},{"taxonomy":"product_tag","embeddable":true,"href":"https:\/\/www.argensend.com\/en\/wp-json\/wp\/v2\/product_tag?post=88448"}],"curies":[{"name":"wp","href":"https:\/\/api.w.org\/{rel}","templated":true}]}}