{"id":88451,"date":"2023-12-21T16:15:09","date_gmt":"2023-12-21T19:15:09","guid":{"rendered":"https:\/\/www.argensend.com\/?post_type=product&#038;p=88451"},"modified":"2024-12-06T16:40:50","modified_gmt":"2024-12-06T19:40:50","slug":"florencia-bonelli-indias-blancas-la-vuelta-del-ranquel","status":"publish","type":"product","link":"https:\/\/www.argensend.com\/en\/product\/florencia-bonelli-indias-blancas-la-vuelta-del-ranquel\/","title":{"rendered":"Florencia Bonelli &#8211; Indias Blancas: la Vuelta Del Ranquel"},"content":{"rendered":"","protected":false},"excerpt":{"rendered":"<p>Tras la muerte repentina de Juli\u00e1n Riglos, Laura Escalante se encuentra convertida en viuda. Culta, bella y rica, la joven despierta admiraci\u00f3n y deseo entre los caballeros de la alta sociedad porte\u00f1a, que ven en su soledad reciente una oportunidad para intentar seducirla. Es 1879 y Buenos Aires vive momentos de gran convulsi\u00f3n pol\u00edtica. Mientras aspira a la presidencia de la Naci\u00f3n, Julio Argentino Roca prepara la campa\u00f1a al desierto para apropiarse de las tierras de los indios. Nada parece ser un obst\u00e1culo cuando se trata de lograr sus objetivos, y conseguir el amor de Laura es uno de ellos. Su virilidad y su determinaci\u00f3n no la dejan indiferente. Sin embargo, ni el asedio de Roca ni el recuerdo de su marido logran que olvide a su gran amor perdido en el sur de C\u00f3rdoba. Por su parte, y tras seis a\u00f1os de ausencia, Nahueltruz Guor vuelve a su tierra con sed de venganza y de reparaci\u00f3n. El reencuentro con Laura ser\u00e1 inevitable y trastornar\u00e1 sus vidas como jam\u00e1s lo habr\u00edan imaginado. Segunda y \u00faltima parte de Indias blancas, la novela que hizo famosa a Florencia Bonelli, La vuelta del ranquel es una historia de amor ator-mentado y de violencia pol\u00edtica que vuelve a confirmarla como una de las grandes narradoras actuales de ficci\u00f3n hist\u00f3rico-rom\u00e1ntica.<\/p>","protected":false},"featured_media":93414,"comment_status":"closed","ping_status":"closed","template":"","meta":{"_acf_changed":false,"om_disable_all_campaigns":false,"_monsterinsights_skip_tracking":false,"_monsterinsights_sitenote_active":false,"_monsterinsights_sitenote_note":"","_monsterinsights_sitenote_category":0},"etheme_brands":[],"product_brand":[],"product_cat":[685],"product_tag":[755,855,10167,10168,752],"class_list":{"0":"post-88451","1":"product","2":"type-product","3":"status-publish","4":"has-post-thumbnail","6":"product_cat-libros","7":"product_tag-book","8":"product_tag-florencia-bonelli","9":"product_tag-indias-blancas","10":"product_tag-la-vuelta-del-ranquel","11":"product_tag-libro","13":"first","14":"instock","15":"taxable","16":"shipping-taxable","17":"purchasable","18":"product-type-simple"},"acf":[],"aioseo_notices":[],"_links":{"self":[{"href":"https:\/\/www.argensend.com\/en\/wp-json\/wp\/v2\/product\/88451","targetHints":{"allow":["GET"]}}],"collection":[{"href":"https:\/\/www.argensend.com\/en\/wp-json\/wp\/v2\/product"}],"about":[{"href":"https:\/\/www.argensend.com\/en\/wp-json\/wp\/v2\/types\/product"}],"replies":[{"embeddable":true,"href":"https:\/\/www.argensend.com\/en\/wp-json\/wp\/v2\/comments?post=88451"}],"version-history":[{"count":4,"href":"https:\/\/www.argensend.com\/en\/wp-json\/wp\/v2\/product\/88451\/revisions"}],"predecessor-version":[{"id":107142,"href":"https:\/\/www.argensend.com\/en\/wp-json\/wp\/v2\/product\/88451\/revisions\/107142"}],"wp:featuredmedia":[{"embeddable":true,"href":"https:\/\/www.argensend.com\/en\/wp-json\/wp\/v2\/media\/93414"}],"wp:attachment":[{"href":"https:\/\/www.argensend.com\/en\/wp-json\/wp\/v2\/media?parent=88451"}],"wp:term":[{"taxonomy":"brand","embeddable":true,"href":"https:\/\/www.argensend.com\/en\/wp-json\/wp\/v2\/etheme_brands?post=88451"},{"taxonomy":"product_brand","embeddable":true,"href":"https:\/\/www.argensend.com\/en\/wp-json\/wp\/v2\/product_brand?post=88451"},{"taxonomy":"product_cat","embeddable":true,"href":"https:\/\/www.argensend.com\/en\/wp-json\/wp\/v2\/product_cat?post=88451"},{"taxonomy":"product_tag","embeddable":true,"href":"https:\/\/www.argensend.com\/en\/wp-json\/wp\/v2\/product_tag?post=88451"}],"curies":[{"name":"wp","href":"https:\/\/api.w.org\/{rel}","templated":true}]}}