{"id":88454,"date":"2023-12-21T16:18:24","date_gmt":"2023-12-21T19:18:24","guid":{"rendered":"https:\/\/www.argensend.com\/?post_type=product&#038;p=88454"},"modified":"2024-12-06T16:40:51","modified_gmt":"2024-12-06T19:40:51","slug":"florencia-bonelli-lo-que-dicen-tus-ojos","status":"publish","type":"product","link":"https:\/\/www.argensend.com\/en\/product\/florencia-bonelli-lo-que-dicen-tus-ojos\/","title":{"rendered":"Florencia Bonelli &#8211; Lo Que Dicen Tus Ojos"},"content":{"rendered":"","protected":false},"excerpt":{"rendered":"<p>C\u00f3rdoba; 1961. Francesca de Gecco; una joven argentina de origen humilde; tiene una brillante carrera por delante en el peri\u00f3dico de su t\u00edo y mentor Alfredo Visconti. Pero Francesca ve truncado su sue\u00f1o tras una gran desilusi\u00f3n amorosa. Destrozada; decide abandonar C\u00f3rdoba para trabajar en la embajada de Ginebra; la primera parada de un largo y fascinante viaje que la llevar\u00e1 hasta el otro lado del mundo; a Arabia Saudita. All\u00ed; entre lujosos palacios y extensos desiertos; vivir\u00e1 una gran pasi\u00f3n; que le devolver\u00e1 la felicidad; pero que tambi\u00e9n la colocar\u00e1 en el centro de la convulsionada situaci\u00f3n pol\u00edtica de Oriente Pr\u00f3ximo. Sin saberlo; terminar\u00e1 por convertirse en el pe\u00f3n de un juego a muerte.<\/p>","protected":false},"featured_media":93416,"comment_status":"closed","ping_status":"closed","template":"","meta":{"_acf_changed":false,"om_disable_all_campaigns":false,"_monsterinsights_skip_tracking":false,"_monsterinsights_sitenote_active":false,"_monsterinsights_sitenote_note":"","_monsterinsights_sitenote_category":0},"etheme_brands":[],"product_brand":[],"product_cat":[685],"product_tag":[755,854,855,752,853],"class_list":{"0":"post-88454","1":"product","2":"type-product","3":"status-publish","4":"has-post-thumbnail","6":"product_cat-libros","7":"product_tag-book","8":"product_tag-cosima","9":"product_tag-florencia-bonelli","10":"product_tag-libro","11":"product_tag-tia","13":"first","14":"instock","15":"taxable","16":"shipping-taxable","17":"purchasable","18":"product-type-simple"},"acf":[],"aioseo_notices":[],"_links":{"self":[{"href":"https:\/\/www.argensend.com\/en\/wp-json\/wp\/v2\/product\/88454","targetHints":{"allow":["GET"]}}],"collection":[{"href":"https:\/\/www.argensend.com\/en\/wp-json\/wp\/v2\/product"}],"about":[{"href":"https:\/\/www.argensend.com\/en\/wp-json\/wp\/v2\/types\/product"}],"replies":[{"embeddable":true,"href":"https:\/\/www.argensend.com\/en\/wp-json\/wp\/v2\/comments?post=88454"}],"version-history":[{"count":3,"href":"https:\/\/www.argensend.com\/en\/wp-json\/wp\/v2\/product\/88454\/revisions"}],"predecessor-version":[{"id":93418,"href":"https:\/\/www.argensend.com\/en\/wp-json\/wp\/v2\/product\/88454\/revisions\/93418"}],"wp:featuredmedia":[{"embeddable":true,"href":"https:\/\/www.argensend.com\/en\/wp-json\/wp\/v2\/media\/93416"}],"wp:attachment":[{"href":"https:\/\/www.argensend.com\/en\/wp-json\/wp\/v2\/media?parent=88454"}],"wp:term":[{"taxonomy":"brand","embeddable":true,"href":"https:\/\/www.argensend.com\/en\/wp-json\/wp\/v2\/etheme_brands?post=88454"},{"taxonomy":"product_brand","embeddable":true,"href":"https:\/\/www.argensend.com\/en\/wp-json\/wp\/v2\/product_brand?post=88454"},{"taxonomy":"product_cat","embeddable":true,"href":"https:\/\/www.argensend.com\/en\/wp-json\/wp\/v2\/product_cat?post=88454"},{"taxonomy":"product_tag","embeddable":true,"href":"https:\/\/www.argensend.com\/en\/wp-json\/wp\/v2\/product_tag?post=88454"}],"curies":[{"name":"wp","href":"https:\/\/api.w.org\/{rel}","templated":true}]}}