{"id":88460,"date":"2023-12-21T16:34:18","date_gmt":"2023-12-21T19:34:18","guid":{"rendered":"https:\/\/www.argensend.com\/?post_type=product&#038;p=88460"},"modified":"2024-12-06T16:40:51","modified_gmt":"2024-12-06T19:40:51","slug":"florencia-bonelli-dime-quien-es-como-dios","status":"publish","type":"product","link":"https:\/\/www.argensend.com\/en\/product\/florencia-bonelli-dime-quien-es-como-dios\/","title":{"rendered":"Florencia Bonelli &#8211; Dime, \u00bfQuien Es Como Dios?"},"content":{"rendered":"<ul>\n<li>Paperback.<\/li>\n<li>Pages: 816.<\/li>\n<li>Language: Spanish.<\/li>\n<li>Narration type: Stories\/cuentos.<\/li>\n<li>Editorial: Suma de Letras.<\/li>\n<li>Year of publication: 2019.<\/li>\n<li>ISBN: 9789877391244.<\/li>\n<li>Width: 23 cm \/ 9&#8243;.<\/li>\n<li>Height: 16 cm \/ 6.29&#8243;.<\/li>\n<\/ul>\n<p>&#8220;\u00bfSe puede luchar contra los dragones sin convertirse en uno de ellos? Mariyana Huseinovic, m\u00e1s conocida como\u00a0<em>La Diana<\/em>, ha encontrado al amor de su vida, Lazar Kovac, una v\u00edctima de abuso sexual y psicol\u00f3gico igual que ella. Juntos han iniciado un camino de sanaci\u00f3n. Sin embargo, todav\u00eda queda algo pendiente.\u00a0<em>La Diana<\/em>\u00a0necesita cerrar el cap\u00edtulo m\u00e1s atroz de su vida y recuperar a Larysa, la hija fruto de la violencia, que naci\u00f3 en el campo de concentraci\u00f3n de Rogatica, y a quien abandon\u00f3 cuando ella y su hermana Leila fueron rescatadas de ese infierno por Eliah Al-Saud. El desaf\u00edo es imponente y dar con la criatura de sus entra\u00f1as despu\u00e9s de m\u00e1s de cinco a\u00f1os parece imposible. Con la ayuda de Duga Sarajevo, una ONG dedicada a la lucha contra la pedofilia y el tr\u00e1fico humano, y con el trasfondo de negocios ilegales, pol\u00edticos corruptos, muertes misteriosas y patentes de semillas cultivables para controlar el alimento en el mundo,\u00a0<em>La Diana<\/em>\u00a0vive el momento m\u00e1s trascendental de su historia, en el que luchar\u00e1 por aniquilar al m\u00e1s feroz de los dragones del pasado y encontrar la posibilidad de ser feliz&#8221;.<\/p>","protected":false},"excerpt":{"rendered":"<p>Paperback. Pages: 816. Language: Spanish. Narration type: Stories\/cuentos. Editorial: Suma de Letras. Year of publication: 2019. ISBN: 9789877391244. Width: 23 cm \/ 9&#8243;. Height: 16&#8230;<\/p>","protected":false},"featured_media":88461,"comment_status":"closed","ping_status":"closed","template":"","meta":{"_acf_changed":false,"om_disable_all_campaigns":false,"_monsterinsights_skip_tracking":false,"_monsterinsights_sitenote_active":false,"_monsterinsights_sitenote_note":"","_monsterinsights_sitenote_category":0},"etheme_brands":[],"product_brand":[],"product_cat":[685],"product_tag":[755,854,855,752,853],"class_list":{"0":"post-88460","1":"product","2":"type-product","3":"status-publish","4":"has-post-thumbnail","6":"product_cat-libros","7":"product_tag-book","8":"product_tag-cosima","9":"product_tag-florencia-bonelli","10":"product_tag-libro","11":"product_tag-tia","13":"first","14":"instock","15":"taxable","16":"shipping-taxable","17":"purchasable","18":"product-type-simple"},"acf":[],"aioseo_notices":[],"_links":{"self":[{"href":"https:\/\/www.argensend.com\/en\/wp-json\/wp\/v2\/product\/88460","targetHints":{"allow":["GET"]}}],"collection":[{"href":"https:\/\/www.argensend.com\/en\/wp-json\/wp\/v2\/product"}],"about":[{"href":"https:\/\/www.argensend.com\/en\/wp-json\/wp\/v2\/types\/product"}],"replies":[{"embeddable":true,"href":"https:\/\/www.argensend.com\/en\/wp-json\/wp\/v2\/comments?post=88460"}],"version-history":[{"count":1,"href":"https:\/\/www.argensend.com\/en\/wp-json\/wp\/v2\/product\/88460\/revisions"}],"predecessor-version":[{"id":88462,"href":"https:\/\/www.argensend.com\/en\/wp-json\/wp\/v2\/product\/88460\/revisions\/88462"}],"wp:featuredmedia":[{"embeddable":true,"href":"https:\/\/www.argensend.com\/en\/wp-json\/wp\/v2\/media\/88461"}],"wp:attachment":[{"href":"https:\/\/www.argensend.com\/en\/wp-json\/wp\/v2\/media?parent=88460"}],"wp:term":[{"taxonomy":"brand","embeddable":true,"href":"https:\/\/www.argensend.com\/en\/wp-json\/wp\/v2\/etheme_brands?post=88460"},{"taxonomy":"product_brand","embeddable":true,"href":"https:\/\/www.argensend.com\/en\/wp-json\/wp\/v2\/product_brand?post=88460"},{"taxonomy":"product_cat","embeddable":true,"href":"https:\/\/www.argensend.com\/en\/wp-json\/wp\/v2\/product_cat?post=88460"},{"taxonomy":"product_tag","embeddable":true,"href":"https:\/\/www.argensend.com\/en\/wp-json\/wp\/v2\/product_tag?post=88460"}],"curies":[{"name":"wp","href":"https:\/\/api.w.org\/{rel}","templated":true}]}}