{"id":88470,"date":"2023-12-21T16:43:05","date_gmt":"2023-12-21T19:43:05","guid":{"rendered":"https:\/\/www.argensend.com\/?post_type=product&#038;p=88470"},"modified":"2024-12-06T16:40:51","modified_gmt":"2024-12-06T19:40:51","slug":"florencia-bonelli-caballo-de-fuego-congo","status":"publish","type":"product","link":"https:\/\/www.argensend.com\/en\/product\/florencia-bonelli-caballo-de-fuego-congo\/","title":{"rendered":"Florencia Bonelli &#8211; Caballo de Fuego: congo"},"content":{"rendered":"<ul>\n<li>Paperback.<\/li>\n<li>Pages: 584.<\/li>\n<li>Language: Spanish.<\/li>\n<li>Narration type: Youth literature.<\/li>\n<li>Editorial: Suma.<\/li>\n<li>Year of publication: 2019.<\/li>\n<li>ISBN: 9789877391282.<\/li>\n<li>From\u00a0<em>Caballo de Fuego\u00a0<\/em>Collection.<\/li>\n<li>Width: 16 cm \/ 6.29&#8243;.<\/li>\n<li>Height: 23 cm \/ 9&#8243;.<\/li>\n<\/ul>\n<p>La esperada segunda parte de\u00a0<em>Caballo de fuego<\/em>. En el lugar m\u00e1s peligroso del planeta se puede vivir una historia de amor. Segunda entrega de\u00a0<em>Caballo de fuego<\/em>.<\/p>\n<p>La cirujana pedi\u00e1trica Matilde Mart\u00ednez viaja desde Par\u00eds con destino al Congo guiada por una ilusi\u00f3n: aliviar el sufrimiento de los ni\u00f1os castigados por la violencia y el hambre que imperan en ese pa\u00eds africano. Ha dejado atr\u00e1s una historia de amor dif\u00edcil, que no consigue olvidar.<br \/>\nPor su parte, el soldado profesional Eliah Al-Saud llega al Congo movido por una ambici\u00f3n: hacerse con una mina de colt\u00e1n, el mineral m\u00e1s codiciado por los fabricantes de tel\u00e9fonos m\u00f3viles, que le redituar\u00e1 grandes beneficios econ\u00f3micos. Pero sobre todo llega al Congo para recuperar a Matilde, a quien considera la raz\u00f3n de su vida.<br \/>\nLos traumas y los secretos que los distanciaron en Par\u00eds siguen latentes y, rodeados por un contexto cruel e injusto, la reconciliaci\u00f3n parece imposible.<br \/>\nEn el marco de la Segunda Guerra del Congo, m\u00e1s conocida como Guerra del Colt\u00e1n, y amenazados por grupos guerrilleros de mucho poder, Matilde y Eliah intentar\u00e1n por todos los medios que triunfe el amor sobre la guerra.<\/p>","protected":false},"excerpt":{"rendered":"<p>Paperback. Pages: 584. Language: Spanish. Narration type: Youth literature. Editorial: Suma. Year of publication: 2019. ISBN: 9789877391282. From\u00a0Caballo de Fuego\u00a0Collection. Width: 16 cm \/ 6.29&#8243;&#8230;.<\/p>","protected":false},"featured_media":88471,"comment_status":"closed","ping_status":"closed","template":"","meta":{"_acf_changed":false,"om_disable_all_campaigns":false,"_monsterinsights_skip_tracking":false,"_monsterinsights_sitenote_active":false,"_monsterinsights_sitenote_note":"","_monsterinsights_sitenote_category":0},"etheme_brands":[],"product_brand":[],"product_cat":[685],"product_tag":[755,854,855,752,853],"class_list":{"0":"post-88470","1":"product","2":"type-product","3":"status-publish","4":"has-post-thumbnail","6":"product_cat-libros","7":"product_tag-book","8":"product_tag-cosima","9":"product_tag-florencia-bonelli","10":"product_tag-libro","11":"product_tag-tia","13":"first","14":"instock","15":"taxable","16":"shipping-taxable","17":"purchasable","18":"product-type-simple"},"acf":[],"aioseo_notices":[],"_links":{"self":[{"href":"https:\/\/www.argensend.com\/en\/wp-json\/wp\/v2\/product\/88470","targetHints":{"allow":["GET"]}}],"collection":[{"href":"https:\/\/www.argensend.com\/en\/wp-json\/wp\/v2\/product"}],"about":[{"href":"https:\/\/www.argensend.com\/en\/wp-json\/wp\/v2\/types\/product"}],"replies":[{"embeddable":true,"href":"https:\/\/www.argensend.com\/en\/wp-json\/wp\/v2\/comments?post=88470"}],"version-history":[{"count":2,"href":"https:\/\/www.argensend.com\/en\/wp-json\/wp\/v2\/product\/88470\/revisions"}],"predecessor-version":[{"id":101829,"href":"https:\/\/www.argensend.com\/en\/wp-json\/wp\/v2\/product\/88470\/revisions\/101829"}],"wp:featuredmedia":[{"embeddable":true,"href":"https:\/\/www.argensend.com\/en\/wp-json\/wp\/v2\/media\/88471"}],"wp:attachment":[{"href":"https:\/\/www.argensend.com\/en\/wp-json\/wp\/v2\/media?parent=88470"}],"wp:term":[{"taxonomy":"brand","embeddable":true,"href":"https:\/\/www.argensend.com\/en\/wp-json\/wp\/v2\/etheme_brands?post=88470"},{"taxonomy":"product_brand","embeddable":true,"href":"https:\/\/www.argensend.com\/en\/wp-json\/wp\/v2\/product_brand?post=88470"},{"taxonomy":"product_cat","embeddable":true,"href":"https:\/\/www.argensend.com\/en\/wp-json\/wp\/v2\/product_cat?post=88470"},{"taxonomy":"product_tag","embeddable":true,"href":"https:\/\/www.argensend.com\/en\/wp-json\/wp\/v2\/product_tag?post=88470"}],"curies":[{"name":"wp","href":"https:\/\/api.w.org\/{rel}","templated":true}]}}