{"id":88486,"date":"2023-12-22T09:41:47","date_gmt":"2023-12-22T12:41:47","guid":{"rendered":"https:\/\/www.argensend.com\/?post_type=product&#038;p=88486"},"modified":"2024-12-06T16:40:54","modified_gmt":"2024-12-06T19:40:54","slug":"florencia-bonelli-los-enamorados-del-nahuel-huapi-y-otras-leyendas-de-amor","status":"publish","type":"product","link":"https:\/\/www.argensend.com\/en\/product\/florencia-bonelli-los-enamorados-del-nahuel-huapi-y-otras-leyendas-de-amor\/","title":{"rendered":"Florencia Bonelli &#8211; Los Enamorados Del Nahuel Huapi y Otras Leyendas de Amor"},"content":{"rendered":"<ul>\n<li>Paperback.<\/li>\n<li>Pages: 64.<\/li>\n<li>Language: Spanish.<\/li>\n<li>Narration type: Children book.<\/li>\n<li>Editorial: La Brujita de Papel.<\/li>\n<li>Year of publication: 2021.<\/li>\n<li>ISBN: 9789871337514.<\/li>\n<li>Width: 15 cm \/ 5.9&#8243;.<\/li>\n<li>Height: 21 cm \/ 9.4&#8243;.<\/li>\n<\/ul>\n<p>Historias de nuestros ancestros y leyendas argentinas que nos permiten asomarnos a las costumbres, la mitolog\u00eda y la belleza de los pueblos originarios.<\/p>\n<p>Cuando el sol desaparece tras los Andes, a orillas del lago Nahuel Huapi, Martina escucha fascinada los maravillosos relatos de don Rom\u00e1n. \u00c9l va hilvanando historias a la par que fuma su pipa. Leyendas argentinas, historias de nuestros ancestros, transmitidos de generaci\u00f3n en generaci\u00f3n, que nos permiten asomarnos a las costumbres, la mitolog\u00eda y la belleza de los pueblos originarios.<\/p>","protected":false},"excerpt":{"rendered":"<p>Paperback. Pages: 64. Language: Spanish. Narration type: Children book. Editorial: La Brujita de Papel. Year of publication: 2021. ISBN: 9789871337514. Width: 15 cm \/ 5.9&#8243;&#8230;.<\/p>","protected":false},"featured_media":88487,"comment_status":"closed","ping_status":"closed","template":"","meta":{"_acf_changed":false,"om_disable_all_campaigns":false,"_monsterinsights_skip_tracking":false,"_monsterinsights_sitenote_active":false,"_monsterinsights_sitenote_note":"","_monsterinsights_sitenote_category":0},"etheme_brands":[],"product_brand":[],"product_cat":[685],"product_tag":[755,854,855,752,853],"class_list":{"0":"post-88486","1":"product","2":"type-product","3":"status-publish","4":"has-post-thumbnail","6":"product_cat-libros","7":"product_tag-book","8":"product_tag-cosima","9":"product_tag-florencia-bonelli","10":"product_tag-libro","11":"product_tag-tia","13":"first","14":"instock","15":"taxable","16":"shipping-taxable","17":"purchasable","18":"product-type-simple"},"acf":[],"aioseo_notices":[],"_links":{"self":[{"href":"https:\/\/www.argensend.com\/en\/wp-json\/wp\/v2\/product\/88486","targetHints":{"allow":["GET"]}}],"collection":[{"href":"https:\/\/www.argensend.com\/en\/wp-json\/wp\/v2\/product"}],"about":[{"href":"https:\/\/www.argensend.com\/en\/wp-json\/wp\/v2\/types\/product"}],"replies":[{"embeddable":true,"href":"https:\/\/www.argensend.com\/en\/wp-json\/wp\/v2\/comments?post=88486"}],"version-history":[{"count":2,"href":"https:\/\/www.argensend.com\/en\/wp-json\/wp\/v2\/product\/88486\/revisions"}],"predecessor-version":[{"id":101833,"href":"https:\/\/www.argensend.com\/en\/wp-json\/wp\/v2\/product\/88486\/revisions\/101833"}],"wp:featuredmedia":[{"embeddable":true,"href":"https:\/\/www.argensend.com\/en\/wp-json\/wp\/v2\/media\/88487"}],"wp:attachment":[{"href":"https:\/\/www.argensend.com\/en\/wp-json\/wp\/v2\/media?parent=88486"}],"wp:term":[{"taxonomy":"brand","embeddable":true,"href":"https:\/\/www.argensend.com\/en\/wp-json\/wp\/v2\/etheme_brands?post=88486"},{"taxonomy":"product_brand","embeddable":true,"href":"https:\/\/www.argensend.com\/en\/wp-json\/wp\/v2\/product_brand?post=88486"},{"taxonomy":"product_cat","embeddable":true,"href":"https:\/\/www.argensend.com\/en\/wp-json\/wp\/v2\/product_cat?post=88486"},{"taxonomy":"product_tag","embeddable":true,"href":"https:\/\/www.argensend.com\/en\/wp-json\/wp\/v2\/product_tag?post=88486"}],"curies":[{"name":"wp","href":"https:\/\/api.w.org\/{rel}","templated":true}]}}