{"id":88495,"date":"2023-12-22T09:48:48","date_gmt":"2023-12-22T12:48:48","guid":{"rendered":"https:\/\/www.argensend.com\/?post_type=product&#038;p=88495"},"modified":"2024-12-06T16:40:54","modified_gmt":"2024-12-06T19:40:54","slug":"florencia-bonelli-el-cuarto-arcano-el-puerto-de-las-tormentas","status":"publish","type":"product","link":"https:\/\/www.argensend.com\/en\/product\/florencia-bonelli-el-cuarto-arcano-el-puerto-de-las-tormentas\/","title":{"rendered":"Florencia Bonelli &#8211; el Cuarto Arcano &#8211; el Puerto de las Tormentas"},"content":{"rendered":"<ul>\n<li>Paperback.<\/li>\n<li>Pages: 592.<\/li>\n<li>Language: Spanish.<\/li>\n<li>Narration type: Youth literature.<\/li>\n<li>Editorial: Suma.<\/li>\n<li>Year of publication: 2018.<\/li>\n<li>ISBN: 9789877391091.<\/li>\n<li>From\u00a0<em>Cuarto Arcano\u00a0<\/em>Collection.<\/li>\n<li>Width: 16 cm \/ 6.29&#8243;.<\/li>\n<li>Height: 23 cm \/ 9&#8243;.<\/li>\n<\/ul>\n<p><em>El desenlace de\u00a0El cuarto arcano, la historia de Roger y Melody, dos personajes opuestos, pero dos almas que tienen un destino com\u00fan&#8230; enamorarse. Segunda entrega de\u00a0El cuarto arcano.<\/em><\/p>\n<p>Buenos Aires, 1806. Las colonias espa\u00f1olas en Am\u00e9rica inician diferentes procesos revolucionarios para independizarse de la Corona de Espa\u00f1a, y Buenos Aires ser\u00e1 una de las primeras en concretar el sue\u00f1o de la Independencia. Roger Blackraven es un rico ingl\u00e9s, dedicado a los negocios, con intereses especiales puestos en Buenos Aires, donde es amo y se\u00f1or de tierras y personas. De car\u00e1cter dominante, es temido por todos los que lo rodean. Melody Maguire es una joven criolla de padre irland\u00e9s, el cual huy\u00f3 de su tierra natal para evitar ser ajusticiado por las autoridades inglesas. Cuando las vidas de Roger y de Melody se cruzan, cambian para siempre. Manuel Belgrano, Mariano Moreno, Nicol\u00e1s Rodr\u00edguez Pe\u00f1a y otros personajes claves de nuestra historia pueblan esta maravillosa novela junto con esclavos, indios, ingleses, franceses, espa\u00f1oles y criollos. Los esp\u00edritus inquietos y valerosos de nuestros antepasados que dieron origen a la Argentina est\u00e1n retratados en El cuarto arcano con la portentosa fuerza narrativa de la autora, que nos entrega una historia inolvidable dispuesta a enamorar a miles de lectores en todo el mundo.<\/p>","protected":false},"excerpt":{"rendered":"<p>Paperback. Pages: 592. Language: Spanish. Narration type: Youth literature. Editorial: Suma. Year of publication: 2018. ISBN: 9789877391091. From\u00a0Cuarto Arcano\u00a0Collection. Width: 16 cm \/ 6.29&#8243;. Height:&#8230;<\/p>","protected":false},"featured_media":88496,"comment_status":"closed","ping_status":"closed","template":"","meta":{"_acf_changed":false,"om_disable_all_campaigns":false,"_monsterinsights_skip_tracking":false,"_monsterinsights_sitenote_active":false,"_monsterinsights_sitenote_note":"","_monsterinsights_sitenote_category":0},"etheme_brands":[],"product_brand":[],"product_cat":[685],"product_tag":[755,854,855,752,853],"class_list":{"0":"post-88495","1":"product","2":"type-product","3":"status-publish","4":"has-post-thumbnail","6":"product_cat-libros","7":"product_tag-book","8":"product_tag-cosima","9":"product_tag-florencia-bonelli","10":"product_tag-libro","11":"product_tag-tia","13":"first","14":"instock","15":"taxable","16":"shipping-taxable","17":"purchasable","18":"product-type-simple"},"acf":[],"aioseo_notices":[],"_links":{"self":[{"href":"https:\/\/www.argensend.com\/en\/wp-json\/wp\/v2\/product\/88495","targetHints":{"allow":["GET"]}}],"collection":[{"href":"https:\/\/www.argensend.com\/en\/wp-json\/wp\/v2\/product"}],"about":[{"href":"https:\/\/www.argensend.com\/en\/wp-json\/wp\/v2\/types\/product"}],"replies":[{"embeddable":true,"href":"https:\/\/www.argensend.com\/en\/wp-json\/wp\/v2\/comments?post=88495"}],"version-history":[{"count":3,"href":"https:\/\/www.argensend.com\/en\/wp-json\/wp\/v2\/product\/88495\/revisions"}],"predecessor-version":[{"id":107141,"href":"https:\/\/www.argensend.com\/en\/wp-json\/wp\/v2\/product\/88495\/revisions\/107141"}],"wp:featuredmedia":[{"embeddable":true,"href":"https:\/\/www.argensend.com\/en\/wp-json\/wp\/v2\/media\/88496"}],"wp:attachment":[{"href":"https:\/\/www.argensend.com\/en\/wp-json\/wp\/v2\/media?parent=88495"}],"wp:term":[{"taxonomy":"brand","embeddable":true,"href":"https:\/\/www.argensend.com\/en\/wp-json\/wp\/v2\/etheme_brands?post=88495"},{"taxonomy":"product_brand","embeddable":true,"href":"https:\/\/www.argensend.com\/en\/wp-json\/wp\/v2\/product_brand?post=88495"},{"taxonomy":"product_cat","embeddable":true,"href":"https:\/\/www.argensend.com\/en\/wp-json\/wp\/v2\/product_cat?post=88495"},{"taxonomy":"product_tag","embeddable":true,"href":"https:\/\/www.argensend.com\/en\/wp-json\/wp\/v2\/product_tag?post=88495"}],"curies":[{"name":"wp","href":"https:\/\/api.w.org\/{rel}","templated":true}]}}